{"id":5436,"date":"2023-03-30T10:15:40","date_gmt":"2023-03-30T08:15:40","guid":{"rendered":"https:\/\/www.lernreg.de\/?page_id=5436"},"modified":"2023-07-12T09:12:40","modified_gmt":"2023-07-12T07:12:40","slug":"impulse-der-vielfalt","status":"publish","type":"page","link":"https:\/\/www.lernreg.de\/index.php\/impulse-der-vielfalt\/","title":{"rendered":"Impulse der Vielfalt"},"content":{"rendered":"<div id='layer_slider_1'  class='avia-layerslider main_color avia-shadow  avia-builder-el-0  el_before_av_one_third  avia-builder-el-first  container_wrap sidebar_right'  style='height: 371px; max-width: 1140px; margin: 0 auto;'  ><\/div><div id='after_layer_slider_1'  class='main_color av_default_container_wrap container_wrap sidebar_right'  ><div class='container av-section-cont-open' ><div class='template-page content  av-content-small alpha units'><div class='post-entry post-entry-type-page post-entry-5436'><div class='entry-content-wrapper clearfix'>\n<div class='flex_column av-av_one_third-516b7eac7a9c6cd1b746245801c7486c av_one_third  avia-builder-el-1  el_after_av_layerslider  el_before_av_two_third  avia-builder-el-first  first flex_column_div '     ><style type=\"text\/css\" data-created_by=\"avia_inline_auto\" id=\"style-css-av-ljzdv0we-bb8c4334ab01f5fff0368a263ec4fc58\">\n.avia-image-container.av-ljzdv0we-bb8c4334ab01f5fff0368a263ec4fc58 img.avia_image{\nbox-shadow:none;\n}\n.avia-image-container.av-ljzdv0we-bb8c4334ab01f5fff0368a263ec4fc58 .av-image-caption-overlay-center{\ncolor:#ffffff;\n}\n<\/style>\n<div  class='avia-image-container av-ljzdv0we-bb8c4334ab01f5fff0368a263ec4fc58 av-styling- av-hover-grow avia-align-center  avia-builder-el-2  avia-builder-el-no-sibling '   itemprop=\"image\" itemscope=\"itemscope\" itemtype=\"https:\/\/schema.org\/ImageObject\" ><div class=\"avia-image-container-inner\"><div class=\"avia-image-overlay-wrap\"><img decoding=\"async\" class='wp-image-5906 avia-img-lazy-loading-not-5906 avia_image ' src=\"https:\/\/www.lernreg.de\/wp-content\/uploads\/2023\/07\/Foto_13-225x300.jpg\" alt='' title='Foto_13'  height=\"300\" width=\"225\"  itemprop=\"thumbnailUrl\" srcset=\"https:\/\/www.lernreg.de\/wp-content\/uploads\/2023\/07\/Foto_13-225x300.jpg 225w, https:\/\/www.lernreg.de\/wp-content\/uploads\/2023\/07\/Foto_13.jpg 480w\" sizes=\"(max-width: 225px) 100vw, 225px\" \/><\/div><\/div><\/div><\/div>\n<style type=\"text\/css\" data-created_by=\"avia_inline_auto\" id=\"style-css-av-av_two_third-bcbccfb99e46414d45aa0af1bd0708c7\">\n.flex_column.av-av_two_third-bcbccfb99e46414d45aa0af1bd0708c7{\n-webkit-border-radius:0px 0px 0px 0px;\n-moz-border-radius:0px 0px 0px 0px;\nborder-radius:0px 0px 0px 0px;\npadding:0px 0px 0px 0px;\n}\n<\/style>\n<div class='flex_column av-av_two_third-bcbccfb99e46414d45aa0af1bd0708c7 av_two_third  avia-builder-el-3  el_after_av_one_third  el_before_av_hr  flex_column_div av-zero-column-padding '     ><section  class='av_textblock_section av-ljzdw0in-d464f37a78bbe5238318b9055bb3a660'  itemscope=\"itemscope\" itemtype=\"https:\/\/schema.org\/CreativeWork\" ><div class='avia_textblock'  itemprop=\"text\" ><div id=\"c59\" class=\"csc-default\">\n<div class=\"csc-textpic csc-textpic-center csc-textpic-above\">\n<div class=\"csc-textpic-text\"><\/div>\n<\/div>\n<\/div>\n<h3>\u201eEHRENAMT ROCKT \u2013 GEMEINSAM STARK\u201c<\/h3>\n<p>Dieses coole Graffiti haben 4 Sch\u00fclerinnen des Carl-Friedrich-Gau\u00df-Gymnasiums Schwandorf in einem Workshop entworfen und gestaltet. Angeleitet durch den Schwandorfer Streetartk\u00fcnstler, Markus Raab, und umgesetzt im wundersch\u00f6nen Garten der Kebbelvilla wurde es ein gelungener Event. Dieses Kunstwerk wird mit anderen Leinw\u00e4nden ab Herbst die Adenauerbr\u00fccke in Schwandorf zieren. Gelebtes jugendliches Engagement!<\/p>\n<p>Foto: Bianka Vollath<\/p>\n<div id=\"c1446\" class=\"csc-default\"><\/div>\n<\/div><\/section><\/div>\n<style type=\"text\/css\" data-created_by=\"avia_inline_auto\" id=\"style-css-av-d033zw-b975d73b84e9373788eca654639cd33e\">\n#top .hr.hr-invisible.av-d033zw-b975d73b84e9373788eca654639cd33e{\nheight:50px;\n}\n<\/style>\n<div  class='hr av-d033zw-b975d73b84e9373788eca654639cd33e hr-invisible  avia-builder-el-5  el_after_av_two_third  el_before_av_hr '><span class='hr-inner '><span class=\"hr-inner-style\"><\/span><\/span><\/div><\/p>\n\n<style type=\"text\/css\" data-created_by=\"avia_inline_auto\" id=\"style-css-av-av_hr-23a9213e2093991b59ffd1ca0c566355\">\n#top .hr.hr-invisible.av-av_hr-23a9213e2093991b59ffd1ca0c566355{\nheight:50px;\n}\n<\/style>\n<div  class='hr av-av_hr-23a9213e2093991b59ffd1ca0c566355 hr-invisible  avia-builder-el-6  el_after_av_hr  el_before_av_hr '><span class='hr-inner '><span class=\"hr-inner-style\"><\/span><\/span><\/div>\n\n<style type=\"text\/css\" data-created_by=\"avia_inline_auto\" id=\"style-css-av-av_hr-23a9213e2093991b59ffd1ca0c566355\">\n#top .hr.hr-invisible.av-av_hr-23a9213e2093991b59ffd1ca0c566355{\nheight:50px;\n}\n<\/style>\n<div  class='hr av-av_hr-23a9213e2093991b59ffd1ca0c566355 hr-invisible  avia-builder-el-7  el_after_av_hr  el_before_av_one_third '><span class='hr-inner '><span class=\"hr-inner-style\"><\/span><\/span><\/div>\n<div class='flex_column av-apz08s-35cbda2a17fdb32091f9562b9b6e15df av_one_third  avia-builder-el-8  el_after_av_hr  el_before_av_two_third  first flex_column_div '     ><style type=\"text\/css\" data-created_by=\"avia_inline_auto\" id=\"style-css-av-xxe8s-5d7f5db4ca53231e7ca261e6a6f0c100\">\n.avia-image-container.av-xxe8s-5d7f5db4ca53231e7ca261e6a6f0c100 img.avia_image{\nbox-shadow:none;\n}\n.avia-image-container.av-xxe8s-5d7f5db4ca53231e7ca261e6a6f0c100 .av-image-caption-overlay-center{\ncolor:#ffffff;\n}\n<\/style>\n<div  class='avia-image-container av-xxe8s-5d7f5db4ca53231e7ca261e6a6f0c100 av-styling- av-hover-grow avia-align-center  avia-builder-el-9  avia-builder-el-no-sibling '   itemprop=\"image\" itemscope=\"itemscope\" itemtype=\"https:\/\/schema.org\/ImageObject\" ><div class=\"avia-image-container-inner\"><div class=\"avia-image-overlay-wrap\"><img decoding=\"async\" class='wp-image-5495 avia-img-lazy-loading-not-5495 avia_image ' src=\"https:\/\/www.lernreg.de\/wp-content\/uploads\/2023\/03\/under-construction-gcc4a4e941_1920-1030x601.jpg\" alt='' title='under-construction-gcc4a4e941_1920'  height=\"601\" width=\"1030\"  itemprop=\"thumbnailUrl\" srcset=\"https:\/\/www.lernreg.de\/wp-content\/uploads\/2023\/03\/under-construction-gcc4a4e941_1920-1030x601.jpg 1030w, https:\/\/www.lernreg.de\/wp-content\/uploads\/2023\/03\/under-construction-gcc4a4e941_1920-300x175.jpg 300w, https:\/\/www.lernreg.de\/wp-content\/uploads\/2023\/03\/under-construction-gcc4a4e941_1920-768x448.jpg 768w, https:\/\/www.lernreg.de\/wp-content\/uploads\/2023\/03\/under-construction-gcc4a4e941_1920-1536x896.jpg 1536w, https:\/\/www.lernreg.de\/wp-content\/uploads\/2023\/03\/under-construction-gcc4a4e941_1920-1500x875.jpg 1500w, https:\/\/www.lernreg.de\/wp-content\/uploads\/2023\/03\/under-construction-gcc4a4e941_1920-705x411.jpg 705w, https:\/\/www.lernreg.de\/wp-content\/uploads\/2023\/03\/under-construction-gcc4a4e941_1920-450x263.jpg 450w, https:\/\/www.lernreg.de\/wp-content\/uploads\/2023\/03\/under-construction-gcc4a4e941_1920.jpg 1920w\" sizes=\"(max-width: 1030px) 100vw, 1030px\" \/><\/div><\/div><\/div><\/div>\n\n<style type=\"text\/css\" data-created_by=\"avia_inline_auto\" id=\"style-css-av-r3jxo-8075acef00ba7ecad184ac4b0e6c064d\">\n.flex_column.av-r3jxo-8075acef00ba7ecad184ac4b0e6c064d{\n-webkit-border-radius:0px 0px 0px 0px;\n-moz-border-radius:0px 0px 0px 0px;\nborder-radius:0px 0px 0px 0px;\npadding:0px 0px 0px 0px;\n}\n<\/style>\n<div class='flex_column av-r3jxo-8075acef00ba7ecad184ac4b0e6c064d av_two_third  avia-builder-el-10  el_after_av_one_third  el_before_av_one_full  flex_column_div av-zero-column-padding '     ><section  class='av_textblock_section av-5n9xjw-86a097f695765dff744f71149354eb21'  itemscope=\"itemscope\" itemtype=\"https:\/\/schema.org\/CreativeWork\" ><div class='avia_textblock'  itemprop=\"text\" ><div id=\"c59\" class=\"csc-default\">\n<div class=\"csc-textpic csc-textpic-center csc-textpic-above\">\n<div class=\"csc-textpic-text\"><\/div>\n<\/div>\n<\/div>\n<p><strong>Vorstellung des neuen Projekts &#8222;Impulse der Vielfalt&#8220; f\u00fcr das Ehrenamt im Landkreis Schwandorf<\/strong><\/p>\n<p>Wir beteiligen uns 2023 bei dem Projekt der lagfa bayern &#8222;Miteinander leben &#8211; Ehrenamt verbindet&#8220;.\u00a0 Mit dem vom Staatsministerium f\u00fcr Familie, Arbeit und Soziales gef\u00f6rdertem Projekt, m\u00f6chten wir versuchen, Migrant:innen und Jugendliche f\u00fcr ein Ehrenamt zu gewinnen.<\/p>\n<div id=\"c1446\" class=\"csc-default\"><\/div>\n<\/div><\/section><\/div>\n\n<style type=\"text\/css\" data-created_by=\"avia_inline_auto\" id=\"style-css-av-3nrcd8-6ab610dbb638b93f023fcfea9ac768e2\">\n.flex_column.av-3nrcd8-6ab610dbb638b93f023fcfea9ac768e2{\n-webkit-border-radius:0px 0px 0px 0px;\n-moz-border-radius:0px 0px 0px 0px;\nborder-radius:0px 0px 0px 0px;\npadding:0px 0px 0px 0px;\n}\n<\/style>\n<div class='flex_column av-3nrcd8-6ab610dbb638b93f023fcfea9ac768e2 av_one_full  avia-builder-el-12  el_after_av_two_third  avia-builder-el-last  first flex_column_div av-zero-column-padding column-top-margin'     ><section  class='av_textblock_section av-2bky3g-4bd8d1d9d49b104b33eec03b4f840d85'  itemscope=\"itemscope\" itemtype=\"https:\/\/schema.org\/CreativeWork\" ><div class='avia_textblock'  itemprop=\"text\" ><div id=\"c59\" class=\"csc-default\">\n<div class=\"csc-textpic csc-textpic-center csc-textpic-above\">\n<div class=\"csc-textpic-text\"><\/div>\n<\/div>\n<\/div>\n<p>Ziel des Projekts ist es, die Diversit\u00e4t im Ehrenamt zu f\u00f6rdern und unterrepr\u00e4sentierte Gruppen an ein Ehrenamt heranzuf\u00fchren.<\/p>\n<p>Im ersten Step wurden Einrichtungen (Kinderg\u00e4rten, Schulen, Museen, Seniorenheime etc.) gefragt, ob und f\u00fcr welche Aufgaben freiwillige Helfer gesucht werden. Es kamen viele kreative m\u00f6gliche Engagements zusammen, <strong><a href=\"https:\/\/www.lernreg.de\/index.php\/freiwilligenagentur\/\" target=\"_blank\" rel=\"noopener\">hier<\/a> <\/strong>werden Sie sicher f\u00fcndig!<\/p>\n<p><b>Auf dieser Seite werden wir Sie \u00fcber den aktuellen Stand des Projektes immer zeitnah informieren.<\/b><\/p>\n<p>Ansprechpartnerin ist<\/p>\n<p>Bianka Vollath<\/p>\n<p>Tel.: 09431\/471-616<\/p>\n<p>Bianka.Vollath@lernreg.de<\/p>\n<p><img loading=\"lazy\" decoding=\"async\" class=\"alignnone wp-image-5523\" src=\"https:\/\/www.lernreg.de\/wp-content\/uploads\/2023\/03\/lagfa-Logo_2019_mit-Text_weiss_rgb-300x119.jpg\" alt=\"\" width=\"237\" height=\"94\" srcset=\"https:\/\/www.lernreg.de\/wp-content\/uploads\/2023\/03\/lagfa-Logo_2019_mit-Text_weiss_rgb-300x119.jpg 300w, https:\/\/www.lernreg.de\/wp-content\/uploads\/2023\/03\/lagfa-Logo_2019_mit-Text_weiss_rgb-768x303.jpg 768w, https:\/\/www.lernreg.de\/wp-content\/uploads\/2023\/03\/lagfa-Logo_2019_mit-Text_weiss_rgb-705x278.jpg 705w, https:\/\/www.lernreg.de\/wp-content\/uploads\/2023\/03\/lagfa-Logo_2019_mit-Text_weiss_rgb-450x178.jpg 450w, https:\/\/www.lernreg.de\/wp-content\/uploads\/2023\/03\/lagfa-Logo_2019_mit-Text_weiss_rgb.jpg 1000w\" sizes=\"auto, (max-width: 237px) 100vw, 237px\" \/> <img loading=\"lazy\" decoding=\"async\" class=\" wp-image-5524 alignright\" src=\"https:\/\/www.lernreg.de\/wp-content\/uploads\/2023\/03\/StMAS-WBM-2018_2zliunten_cmyk-300x120.jpg\" alt=\"\" width=\"225\" height=\"90\" srcset=\"https:\/\/www.lernreg.de\/wp-content\/uploads\/2023\/03\/StMAS-WBM-2018_2zliunten_cmyk-300x120.jpg 300w, https:\/\/www.lernreg.de\/wp-content\/uploads\/2023\/03\/StMAS-WBM-2018_2zliunten_cmyk-1030x413.jpg 1030w, https:\/\/www.lernreg.de\/wp-content\/uploads\/2023\/03\/StMAS-WBM-2018_2zliunten_cmyk-768x308.jpg 768w, https:\/\/www.lernreg.de\/wp-content\/uploads\/2023\/03\/StMAS-WBM-2018_2zliunten_cmyk-705x283.jpg 705w, https:\/\/www.lernreg.de\/wp-content\/uploads\/2023\/03\/StMAS-WBM-2018_2zliunten_cmyk.jpg 1069w, https:\/\/www.lernreg.de\/wp-content\/uploads\/2023\/03\/StMAS-WBM-2018_2zliunten_cmyk-450x181.jpg 450w\" sizes=\"auto, (max-width: 225px) 100vw, 225px\" \/><\/p>\n<div id=\"c1446\" class=\"csc-default\"><\/div>\n<\/div><\/section><\/div>\n","protected":false},"excerpt":{"rendered":"<p>Lesepatenprojekt<\/p>\n","protected":false},"author":6,"featured_media":0,"parent":0,"menu_order":0,"comment_status":"open","ping_status":"open","template":"","meta":{"footnotes":""},"class_list":["post-5436","page","type-page","status-publish","hentry"],"yoast_head":"<!-- This site is optimized with the Yoast SEO plugin v26.4 - https:\/\/yoast.com\/wordpress\/plugins\/seo\/ -->\n<title>Impulse der Vielfalt - Lernende Region Schwandorf<\/title>\n<meta name=\"robots\" content=\"index, follow, max-snippet:-1, max-image-preview:large, max-video-preview:-1\" \/>\n<link rel=\"canonical\" href=\"https:\/\/www.lernreg.de\/index.php\/impulse-der-vielfalt\/\" \/>\n<meta property=\"og:locale\" content=\"de_DE\" \/>\n<meta property=\"og:type\" content=\"article\" \/>\n<meta property=\"og:title\" content=\"Impulse der Vielfalt - Lernende Region Schwandorf\" \/>\n<meta property=\"og:description\" content=\"Lesepatenprojekt\" \/>\n<meta property=\"og:url\" content=\"https:\/\/www.lernreg.de\/index.php\/impulse-der-vielfalt\/\" \/>\n<meta property=\"og:site_name\" content=\"Lernende Region Schwandorf\" \/>\n<meta property=\"article:modified_time\" content=\"2023-07-12T07:12:40+00:00\" \/>\n<meta property=\"og:image\" content=\"https:\/\/www.lernreg.de\/wp-content\/uploads\/2023\/03\/lagfa-Logo_2019_mit-Text_weiss_rgb-300x119.jpg\" \/>\n<meta name=\"twitter:card\" content=\"summary_large_image\" \/>\n<meta name=\"twitter:label1\" content=\"Gesch\u00e4tzte Lesezeit\" \/>\n\t<meta name=\"twitter:data1\" content=\"6\u00a0Minuten\" \/>\n<script type=\"application\/ld+json\" class=\"yoast-schema-graph\">{\"@context\":\"https:\/\/schema.org\",\"@graph\":[{\"@type\":\"WebPage\",\"@id\":\"https:\/\/www.lernreg.de\/index.php\/impulse-der-vielfalt\/\",\"url\":\"https:\/\/www.lernreg.de\/index.php\/impulse-der-vielfalt\/\",\"name\":\"Impulse der Vielfalt - Lernende Region Schwandorf\",\"isPartOf\":{\"@id\":\"https:\/\/www.lernreg.de\/#website\"},\"primaryImageOfPage\":{\"@id\":\"https:\/\/www.lernreg.de\/index.php\/impulse-der-vielfalt\/#primaryimage\"},\"image\":{\"@id\":\"https:\/\/www.lernreg.de\/index.php\/impulse-der-vielfalt\/#primaryimage\"},\"thumbnailUrl\":\"https:\/\/www.lernreg.de\/wp-content\/uploads\/2023\/03\/lagfa-Logo_2019_mit-Text_weiss_rgb-300x119.jpg\",\"datePublished\":\"2023-03-30T08:15:40+00:00\",\"dateModified\":\"2023-07-12T07:12:40+00:00\",\"breadcrumb\":{\"@id\":\"https:\/\/www.lernreg.de\/index.php\/impulse-der-vielfalt\/#breadcrumb\"},\"inLanguage\":\"de\",\"potentialAction\":[{\"@type\":\"ReadAction\",\"target\":[\"https:\/\/www.lernreg.de\/index.php\/impulse-der-vielfalt\/\"]}]},{\"@type\":\"ImageObject\",\"inLanguage\":\"de\",\"@id\":\"https:\/\/www.lernreg.de\/index.php\/impulse-der-vielfalt\/#primaryimage\",\"url\":\"https:\/\/www.lernreg.de\/wp-content\/uploads\/2023\/03\/lagfa-Logo_2019_mit-Text_weiss_rgb.jpg\",\"contentUrl\":\"https:\/\/www.lernreg.de\/wp-content\/uploads\/2023\/03\/lagfa-Logo_2019_mit-Text_weiss_rgb.jpg\",\"width\":1000,\"height\":395},{\"@type\":\"BreadcrumbList\",\"@id\":\"https:\/\/www.lernreg.de\/index.php\/impulse-der-vielfalt\/#breadcrumb\",\"itemListElement\":[{\"@type\":\"ListItem\",\"position\":1,\"name\":\"Startseite\",\"item\":\"https:\/\/www.lernreg.de\/index.php\/homepage\/\"},{\"@type\":\"ListItem\",\"position\":2,\"name\":\"Impulse der Vielfalt\"}]},{\"@type\":\"WebSite\",\"@id\":\"https:\/\/www.lernreg.de\/#website\",\"url\":\"https:\/\/www.lernreg.de\/\",\"name\":\"Lernende Region Schwandorf\",\"description\":\"Freiwilligenagentur, Bildung\",\"publisher\":{\"@id\":\"https:\/\/www.lernreg.de\/#organization\"},\"potentialAction\":[{\"@type\":\"SearchAction\",\"target\":{\"@type\":\"EntryPoint\",\"urlTemplate\":\"https:\/\/www.lernreg.de\/?s={search_term_string}\"},\"query-input\":{\"@type\":\"PropertyValueSpecification\",\"valueRequired\":true,\"valueName\":\"search_term_string\"}}],\"inLanguage\":\"de\"},{\"@type\":\"Organization\",\"@id\":\"https:\/\/www.lernreg.de\/#organization\",\"name\":\"Die Lernende Region Schwandorf e.V. ist ein regionales Netzwerk f\u00fcr den Landkreis Schwandorf mit den Schwerpunkten\u00a0Bildung\u00a0und\u00a0Ehrenamt: Im\u00a0Bildungsbereich\u00a0strebt die Lernende Region Schwandorf eine nachhaltige Verbesserung der Ausbildungs-, Besch\u00e4ftigungs- und Lebenssituation aller B\u00fcrgerinnen und B\u00fcrger\u00a0der Region an. Beispiele hierf\u00fcr sind die j\u00e4hrliche Bildungsmesse in Maxh\u00fctte-Haidhof sowie die Durchf\u00fchrung des Projekts \u201eMINT-Netzwerke Bayern\u201c.\",\"url\":\"https:\/\/www.lernreg.de\/\",\"logo\":{\"@type\":\"ImageObject\",\"inLanguage\":\"de\",\"@id\":\"https:\/\/www.lernreg.de\/#\/schema\/logo\/image\/\",\"url\":\"https:\/\/www.lernreg.de\/wp-content\/uploads\/2021\/08\/Logo-LernReg-transparent.png\",\"contentUrl\":\"https:\/\/www.lernreg.de\/wp-content\/uploads\/2021\/08\/Logo-LernReg-transparent.png\",\"width\":400,\"height\":228,\"caption\":\"Die Lernende Region Schwandorf e.V. ist ein regionales Netzwerk f\u00fcr den Landkreis Schwandorf mit den Schwerpunkten\u00a0Bildung\u00a0und\u00a0Ehrenamt: Im\u00a0Bildungsbereich\u00a0strebt die Lernende Region Schwandorf eine nachhaltige Verbesserung der Ausbildungs-, Besch\u00e4ftigungs- und Lebenssituation aller B\u00fcrgerinnen und B\u00fcrger\u00a0der Region an. Beispiele hierf\u00fcr sind die j\u00e4hrliche Bildungsmesse in Maxh\u00fctte-Haidhof sowie die Durchf\u00fchrung des Projekts \u201eMINT-Netzwerke Bayern\u201c.\"},\"image\":{\"@id\":\"https:\/\/www.lernreg.de\/#\/schema\/logo\/image\/\"}}]}<\/script>\n<!-- \/ Yoast SEO plugin. -->","yoast_head_json":{"title":"Impulse der Vielfalt - Lernende Region Schwandorf","robots":{"index":"index","follow":"follow","max-snippet":"max-snippet:-1","max-image-preview":"max-image-preview:large","max-video-preview":"max-video-preview:-1"},"canonical":"https:\/\/www.lernreg.de\/index.php\/impulse-der-vielfalt\/","og_locale":"de_DE","og_type":"article","og_title":"Impulse der Vielfalt - Lernende Region Schwandorf","og_description":"Lesepatenprojekt","og_url":"https:\/\/www.lernreg.de\/index.php\/impulse-der-vielfalt\/","og_site_name":"Lernende Region Schwandorf","article_modified_time":"2023-07-12T07:12:40+00:00","og_image":[{"url":"https:\/\/www.lernreg.de\/wp-content\/uploads\/2023\/03\/lagfa-Logo_2019_mit-Text_weiss_rgb-300x119.jpg","type":"","width":"","height":""}],"twitter_card":"summary_large_image","twitter_misc":{"Gesch\u00e4tzte Lesezeit":"6\u00a0Minuten"},"schema":{"@context":"https:\/\/schema.org","@graph":[{"@type":"WebPage","@id":"https:\/\/www.lernreg.de\/index.php\/impulse-der-vielfalt\/","url":"https:\/\/www.lernreg.de\/index.php\/impulse-der-vielfalt\/","name":"Impulse der Vielfalt - Lernende Region Schwandorf","isPartOf":{"@id":"https:\/\/www.lernreg.de\/#website"},"primaryImageOfPage":{"@id":"https:\/\/www.lernreg.de\/index.php\/impulse-der-vielfalt\/#primaryimage"},"image":{"@id":"https:\/\/www.lernreg.de\/index.php\/impulse-der-vielfalt\/#primaryimage"},"thumbnailUrl":"https:\/\/www.lernreg.de\/wp-content\/uploads\/2023\/03\/lagfa-Logo_2019_mit-Text_weiss_rgb-300x119.jpg","datePublished":"2023-03-30T08:15:40+00:00","dateModified":"2023-07-12T07:12:40+00:00","breadcrumb":{"@id":"https:\/\/www.lernreg.de\/index.php\/impulse-der-vielfalt\/#breadcrumb"},"inLanguage":"de","potentialAction":[{"@type":"ReadAction","target":["https:\/\/www.lernreg.de\/index.php\/impulse-der-vielfalt\/"]}]},{"@type":"ImageObject","inLanguage":"de","@id":"https:\/\/www.lernreg.de\/index.php\/impulse-der-vielfalt\/#primaryimage","url":"https:\/\/www.lernreg.de\/wp-content\/uploads\/2023\/03\/lagfa-Logo_2019_mit-Text_weiss_rgb.jpg","contentUrl":"https:\/\/www.lernreg.de\/wp-content\/uploads\/2023\/03\/lagfa-Logo_2019_mit-Text_weiss_rgb.jpg","width":1000,"height":395},{"@type":"BreadcrumbList","@id":"https:\/\/www.lernreg.de\/index.php\/impulse-der-vielfalt\/#breadcrumb","itemListElement":[{"@type":"ListItem","position":1,"name":"Startseite","item":"https:\/\/www.lernreg.de\/index.php\/homepage\/"},{"@type":"ListItem","position":2,"name":"Impulse der Vielfalt"}]},{"@type":"WebSite","@id":"https:\/\/www.lernreg.de\/#website","url":"https:\/\/www.lernreg.de\/","name":"Lernende Region Schwandorf","description":"Freiwilligenagentur, Bildung","publisher":{"@id":"https:\/\/www.lernreg.de\/#organization"},"potentialAction":[{"@type":"SearchAction","target":{"@type":"EntryPoint","urlTemplate":"https:\/\/www.lernreg.de\/?s={search_term_string}"},"query-input":{"@type":"PropertyValueSpecification","valueRequired":true,"valueName":"search_term_string"}}],"inLanguage":"de"},{"@type":"Organization","@id":"https:\/\/www.lernreg.de\/#organization","name":"Die Lernende Region Schwandorf e.V. ist ein regionales Netzwerk f\u00fcr den Landkreis Schwandorf mit den Schwerpunkten\u00a0Bildung\u00a0und\u00a0Ehrenamt: Im\u00a0Bildungsbereich\u00a0strebt die Lernende Region Schwandorf eine nachhaltige Verbesserung der Ausbildungs-, Besch\u00e4ftigungs- und Lebenssituation aller B\u00fcrgerinnen und B\u00fcrger\u00a0der Region an. Beispiele hierf\u00fcr sind die j\u00e4hrliche Bildungsmesse in Maxh\u00fctte-Haidhof sowie die Durchf\u00fchrung des Projekts \u201eMINT-Netzwerke Bayern\u201c.","url":"https:\/\/www.lernreg.de\/","logo":{"@type":"ImageObject","inLanguage":"de","@id":"https:\/\/www.lernreg.de\/#\/schema\/logo\/image\/","url":"https:\/\/www.lernreg.de\/wp-content\/uploads\/2021\/08\/Logo-LernReg-transparent.png","contentUrl":"https:\/\/www.lernreg.de\/wp-content\/uploads\/2021\/08\/Logo-LernReg-transparent.png","width":400,"height":228,"caption":"Die Lernende Region Schwandorf e.V. ist ein regionales Netzwerk f\u00fcr den Landkreis Schwandorf mit den Schwerpunkten\u00a0Bildung\u00a0und\u00a0Ehrenamt: Im\u00a0Bildungsbereich\u00a0strebt die Lernende Region Schwandorf eine nachhaltige Verbesserung der Ausbildungs-, Besch\u00e4ftigungs- und Lebenssituation aller B\u00fcrgerinnen und B\u00fcrger\u00a0der Region an. Beispiele hierf\u00fcr sind die j\u00e4hrliche Bildungsmesse in Maxh\u00fctte-Haidhof sowie die Durchf\u00fchrung des Projekts \u201eMINT-Netzwerke Bayern\u201c."},"image":{"@id":"https:\/\/www.lernreg.de\/#\/schema\/logo\/image\/"}}]}},"_links":{"self":[{"href":"https:\/\/www.lernreg.de\/index.php\/wp-json\/wp\/v2\/pages\/5436","targetHints":{"allow":["GET"]}}],"collection":[{"href":"https:\/\/www.lernreg.de\/index.php\/wp-json\/wp\/v2\/pages"}],"about":[{"href":"https:\/\/www.lernreg.de\/index.php\/wp-json\/wp\/v2\/types\/page"}],"author":[{"embeddable":true,"href":"https:\/\/www.lernreg.de\/index.php\/wp-json\/wp\/v2\/users\/6"}],"replies":[{"embeddable":true,"href":"https:\/\/www.lernreg.de\/index.php\/wp-json\/wp\/v2\/comments?post=5436"}],"version-history":[{"count":9,"href":"https:\/\/www.lernreg.de\/index.php\/wp-json\/wp\/v2\/pages\/5436\/revisions"}],"predecessor-version":[{"id":5911,"href":"https:\/\/www.lernreg.de\/index.php\/wp-json\/wp\/v2\/pages\/5436\/revisions\/5911"}],"wp:attachment":[{"href":"https:\/\/www.lernreg.de\/index.php\/wp-json\/wp\/v2\/media?parent=5436"}],"curies":[{"name":"wp","href":"https:\/\/api.w.org\/{rel}","templated":true}]}}