{"id":5013,"date":"2022-06-01T12:41:25","date_gmt":"2022-06-01T10:41:25","guid":{"rendered":"https:\/\/www.lernreg.de\/?page_id=5013"},"modified":"2023-03-09T10:54:51","modified_gmt":"2023-03-09T09:54:51","slug":"alltagsbegleitung","status":"publish","type":"page","link":"https:\/\/www.lernreg.de\/index.php\/alltagsbegleitung\/","title":{"rendered":"Alltagsbegleitung"},"content":{"rendered":"<div id='layer_slider_1'  class='avia-layerslider main_color avia-shadow  avia-builder-el-0  el_before_av_hr  avia-builder-el-first  container_wrap sidebar_right'  style='height: 471px;'  ><\/div><div id='after_layer_slider_1'  class='main_color av_default_container_wrap container_wrap sidebar_right'  ><div class='container av-section-cont-open' ><div class='template-page content  av-content-small alpha units'><div class='post-entry post-entry-type-page post-entry-5013'><div class='entry-content-wrapper clearfix'>\n\n<style type=\"text\/css\" data-created_by=\"avia_inline_auto\" id=\"style-css-av-av_hr-4474f20d2389e2e5ecf918a02da5132e\">\n#top .hr.hr-invisible.av-av_hr-4474f20d2389e2e5ecf918a02da5132e{\nheight:50px;\n}\n<\/style>\n<div  class='hr av-av_hr-4474f20d2389e2e5ecf918a02da5132e hr-invisible  avia-builder-el-1  el_after_av_layerslider  el_before_av_one_third  avia-builder-el-first '><span class='hr-inner '><span class=\"hr-inner-style\"><\/span><\/span><\/div>\n<div class='flex_column av-av_one_third-2a9015ff38129c418a3f2eafba3e9512 av_one_third  avia-builder-el-2  el_after_av_hr  el_before_av_two_third  first flex_column_div '     ><style type=\"text\/css\" data-created_by=\"avia_inline_auto\" id=\"style-css-av-av_image-5322602eb6944639e0ff63648a983f5f\">\n.avia-image-container.av-av_image-5322602eb6944639e0ff63648a983f5f img.avia_image{\nbox-shadow:none;\n}\n.avia-image-container.av-av_image-5322602eb6944639e0ff63648a983f5f .av-image-caption-overlay-center{\ncolor:#ffffff;\n}\n<\/style>\n<div  class='avia-image-container av-av_image-5322602eb6944639e0ff63648a983f5f av-styling- avia-align-center  avia-builder-el-3  avia-builder-el-no-sibling '   itemprop=\"image\" itemscope=\"itemscope\" itemtype=\"https:\/\/schema.org\/ImageObject\" ><div class=\"avia-image-container-inner\"><div class=\"avia-image-overlay-wrap\"><img decoding=\"async\" class='wp-image-5160 avia-img-lazy-loading-not-5160 avia_image ' src=\"https:\/\/www.lernreg.de\/wp-content\/uploads\/2022\/09\/Foto-von-KoKi-300x200.jpeg\" alt='' title='Children in nursery school learning and playing'  height=\"200\" width=\"300\"  itemprop=\"thumbnailUrl\" srcset=\"https:\/\/www.lernreg.de\/wp-content\/uploads\/2022\/09\/Foto-von-KoKi-300x200.jpeg 300w, https:\/\/www.lernreg.de\/wp-content\/uploads\/2022\/09\/Foto-von-KoKi-1030x687.jpeg 1030w, https:\/\/www.lernreg.de\/wp-content\/uploads\/2022\/09\/Foto-von-KoKi-768x512.jpeg 768w, https:\/\/www.lernreg.de\/wp-content\/uploads\/2022\/09\/Foto-von-KoKi-1536x1024.jpeg 1536w, https:\/\/www.lernreg.de\/wp-content\/uploads\/2022\/09\/Foto-von-KoKi-2048x1365.jpeg 2048w, https:\/\/www.lernreg.de\/wp-content\/uploads\/2022\/09\/Foto-von-KoKi-1500x1000.jpeg 1500w, https:\/\/www.lernreg.de\/wp-content\/uploads\/2022\/09\/Foto-von-KoKi-705x470.jpeg 705w, https:\/\/www.lernreg.de\/wp-content\/uploads\/2022\/09\/Foto-von-KoKi-450x300.jpeg 450w\" sizes=\"(max-width: 300px) 100vw, 300px\" \/><\/div><\/div><\/div><\/div>\n\n<style type=\"text\/css\" data-created_by=\"avia_inline_auto\" id=\"style-css-av-av_two_third-c8fc129dc35fd1ae2a1e410224d39ea8\">\n.flex_column.av-av_two_third-c8fc129dc35fd1ae2a1e410224d39ea8{\n-webkit-border-radius:0px 0px 0px 0px;\n-moz-border-radius:0px 0px 0px 0px;\nborder-radius:0px 0px 0px 0px;\npadding:0px 0px 0px 0px;\n}\n<\/style>\n<div class='flex_column av-av_two_third-c8fc129dc35fd1ae2a1e410224d39ea8 av_two_third  avia-builder-el-4  el_after_av_one_third  el_before_av_one_full  flex_column_div av-zero-column-padding '     ><section  class='av_textblock_section av-av_textblock-2de302bf1aa3cf4c9157dbe6f50ac7eb'  itemscope=\"itemscope\" itemtype=\"https:\/\/schema.org\/CreativeWork\" ><div class='avia_textblock'  itemprop=\"text\" ><div id=\"c59\" class=\"csc-default\">\n<div class=\"csc-textpic csc-textpic-center csc-textpic-above\">\n<div class=\"csc-textpic-text\"><\/div>\n<\/div>\n<\/div>\n<p><strong>Wir suchen Ehrenamtliche zur Unterst\u00fctzung von Familien mit Kindern im Alter von 0-3 Jahren<\/strong><\/p>\n<p>Das neue Projekt &#8222;ehrenamtliche Alltagsbegleiter&#8220; der KoKi (Koordinationsstelle Fr\u00fche Kindheit) in Kooperation mit der Lernenden Region Schwandorf e.V. soll Familien zuhause bei der Bew\u00e4ltigung vielf\u00e4ltiger Alltagsaufgaben mit kleinen Kindern unterst\u00fctzen und entlasten.<\/p>\n<div id=\"c1446\" class=\"csc-default\"><\/div>\n<\/div><\/section><\/div>\n\n<style type=\"text\/css\" data-created_by=\"avia_inline_auto\" id=\"style-css-av-av_one_full-15d750bd1b332b34c6e70b077ebbccdf\">\n.flex_column.av-av_one_full-15d750bd1b332b34c6e70b077ebbccdf{\n-webkit-border-radius:0px 0px 0px 0px;\n-moz-border-radius:0px 0px 0px 0px;\nborder-radius:0px 0px 0px 0px;\npadding:0px 0px 0px 0px;\n}\n<\/style>\n<div class='flex_column av-av_one_full-15d750bd1b332b34c6e70b077ebbccdf av_one_full  avia-builder-el-6  el_after_av_two_third  avia-builder-el-last  first flex_column_div av-zero-column-padding column-top-margin'     ><section  class='av_textblock_section av-av_textblock-2de302bf1aa3cf4c9157dbe6f50ac7eb'  itemscope=\"itemscope\" itemtype=\"https:\/\/schema.org\/CreativeWork\" ><div class='avia_textblock'  itemprop=\"text\" ><div id=\"c59\" class=\"csc-default\">\n<div class=\"csc-textpic csc-textpic-center csc-textpic-above\">\n<div class=\"csc-textpic-text\"><\/div>\n<\/div>\n<\/div>\n<p><strong>Sie als Alltagsbegleiter\/in k\u00f6nnen einen wichtigen Beitrag leisten. Zum Beispiel:<\/strong><\/p>\n<ul>\n<li>Entlastung im Alltag, evtl. stundenweise Betreuung von Kindern<\/li>\n<li>Freizeitgestaltung, Ausfl\u00fcge, Spazierg\u00e4nge<\/li>\n<li>Organisatorische Hilfe<\/li>\n<li>Unterst\u00fctzung bei der S\u00e4uglingsversorgung<\/li>\n<li>Einbindung in soziale Netzwerke (z.B. Spielgruppen)<\/li>\n<li>DAS WICHTIGSTE: Sie entscheiden, was Sie tun k\u00f6nnen und m\u00f6chten!<\/li>\n<\/ul>\n<p><strong>Wir bieten Ihnen:<\/strong><\/p>\n<ul>\n<li>einen Vorbereitungskurs vor Beginn der ehrenamtlichen T\u00e4tigkeit<\/li>\n<li>die M\u00f6glichkeit eines regelm\u00e4\u00dfigen Austauschs mit anderen Ehrenamtlichen, sowie einer hauptamtlichen Ehrenamtskoordinatorin<\/li>\n<li>eine attraktive und bereichernde ehrenamtliche T\u00e4tigkeit<\/li>\n<\/ul>\n<p><strong>Was Sie mitbringen sollten:<\/strong><\/p>\n<ul>\n<li>soziales Engagement und Kontaktfreudigkeit<\/li>\n<li>Erfahrung mit kleinen Kindern w\u00fcnschenswert, aber keine Voraussetzung<\/li>\n<li>regelm\u00e4\u00dfige Zeitreserve von 1-3 Stunden<\/li>\n<\/ul>\n<p><strong>Sollten wir Ihr Interesse geweckt haben, rufen Sie uns gerne an:<\/strong><\/p>\n<p>Bianka Vollath<\/p>\n<p>Tel.: 09431\/471-616<\/p>\n<p>Bianka.Vollath@lernreg.de<\/p>\n<p>Das \u201eAlltagsbegleiter\u201c-Projekt wird durch die Bundesstiftung Fr\u00fche Hilfen gef\u00f6rdert und ist ein gemeinsames Projekt mit der KoKi.<\/p>\n<div id=\"c1446\" class=\"csc-default\"><\/div>\n<\/div><\/section><\/div>\n","protected":false},"excerpt":{"rendered":"<p>Lesepatenprojekt<\/p>\n","protected":false},"author":6,"featured_media":0,"parent":0,"menu_order":0,"comment_status":"open","ping_status":"open","template":"","meta":{"footnotes":""},"class_list":["post-5013","page","type-page","status-publish","hentry"],"yoast_head":"<!-- This site is optimized with the Yoast SEO plugin v26.4 - https:\/\/yoast.com\/wordpress\/plugins\/seo\/ -->\n<title>Alltagsbegleitung - Lernende Region Schwandorf<\/title>\n<meta name=\"robots\" content=\"index, follow, max-snippet:-1, max-image-preview:large, max-video-preview:-1\" \/>\n<link rel=\"canonical\" href=\"https:\/\/www.lernreg.de\/index.php\/alltagsbegleitung\/\" \/>\n<meta property=\"og:locale\" content=\"de_DE\" \/>\n<meta property=\"og:type\" content=\"article\" \/>\n<meta property=\"og:title\" content=\"Alltagsbegleitung - Lernende Region Schwandorf\" \/>\n<meta property=\"og:description\" content=\"Lesepatenprojekt\" \/>\n<meta property=\"og:url\" content=\"https:\/\/www.lernreg.de\/index.php\/alltagsbegleitung\/\" \/>\n<meta property=\"og:site_name\" content=\"Lernende Region Schwandorf\" \/>\n<meta property=\"article:modified_time\" content=\"2023-03-09T09:54:51+00:00\" \/>\n<meta name=\"twitter:card\" content=\"summary_large_image\" \/>\n<meta name=\"twitter:label1\" content=\"Gesch\u00e4tzte Lesezeit\" \/>\n\t<meta name=\"twitter:data1\" content=\"2\u00a0Minuten\" \/>\n<script type=\"application\/ld+json\" class=\"yoast-schema-graph\">{\"@context\":\"https:\/\/schema.org\",\"@graph\":[{\"@type\":\"WebPage\",\"@id\":\"https:\/\/www.lernreg.de\/index.php\/alltagsbegleitung\/\",\"url\":\"https:\/\/www.lernreg.de\/index.php\/alltagsbegleitung\/\",\"name\":\"Alltagsbegleitung - Lernende Region Schwandorf\",\"isPartOf\":{\"@id\":\"https:\/\/www.lernreg.de\/#website\"},\"datePublished\":\"2022-06-01T10:41:25+00:00\",\"dateModified\":\"2023-03-09T09:54:51+00:00\",\"breadcrumb\":{\"@id\":\"https:\/\/www.lernreg.de\/index.php\/alltagsbegleitung\/#breadcrumb\"},\"inLanguage\":\"de\",\"potentialAction\":[{\"@type\":\"ReadAction\",\"target\":[\"https:\/\/www.lernreg.de\/index.php\/alltagsbegleitung\/\"]}]},{\"@type\":\"BreadcrumbList\",\"@id\":\"https:\/\/www.lernreg.de\/index.php\/alltagsbegleitung\/#breadcrumb\",\"itemListElement\":[{\"@type\":\"ListItem\",\"position\":1,\"name\":\"Startseite\",\"item\":\"https:\/\/www.lernreg.de\/index.php\/homepage\/\"},{\"@type\":\"ListItem\",\"position\":2,\"name\":\"Alltagsbegleitung\"}]},{\"@type\":\"WebSite\",\"@id\":\"https:\/\/www.lernreg.de\/#website\",\"url\":\"https:\/\/www.lernreg.de\/\",\"name\":\"Lernende Region Schwandorf\",\"description\":\"Freiwilligenagentur, Bildung\",\"publisher\":{\"@id\":\"https:\/\/www.lernreg.de\/#organization\"},\"potentialAction\":[{\"@type\":\"SearchAction\",\"target\":{\"@type\":\"EntryPoint\",\"urlTemplate\":\"https:\/\/www.lernreg.de\/?s={search_term_string}\"},\"query-input\":{\"@type\":\"PropertyValueSpecification\",\"valueRequired\":true,\"valueName\":\"search_term_string\"}}],\"inLanguage\":\"de\"},{\"@type\":\"Organization\",\"@id\":\"https:\/\/www.lernreg.de\/#organization\",\"name\":\"Die Lernende Region Schwandorf e.V. ist ein regionales Netzwerk f\u00fcr den Landkreis Schwandorf mit den Schwerpunkten\u00a0Bildung\u00a0und\u00a0Ehrenamt: Im\u00a0Bildungsbereich\u00a0strebt die Lernende Region Schwandorf eine nachhaltige Verbesserung der Ausbildungs-, Besch\u00e4ftigungs- und Lebenssituation aller B\u00fcrgerinnen und B\u00fcrger\u00a0der Region an. Beispiele hierf\u00fcr sind die j\u00e4hrliche Bildungsmesse in Maxh\u00fctte-Haidhof sowie die Durchf\u00fchrung des Projekts \u201eMINT-Netzwerke Bayern\u201c.\",\"url\":\"https:\/\/www.lernreg.de\/\",\"logo\":{\"@type\":\"ImageObject\",\"inLanguage\":\"de\",\"@id\":\"https:\/\/www.lernreg.de\/#\/schema\/logo\/image\/\",\"url\":\"https:\/\/www.lernreg.de\/wp-content\/uploads\/2021\/08\/Logo-LernReg-transparent.png\",\"contentUrl\":\"https:\/\/www.lernreg.de\/wp-content\/uploads\/2021\/08\/Logo-LernReg-transparent.png\",\"width\":400,\"height\":228,\"caption\":\"Die Lernende Region Schwandorf e.V. ist ein regionales Netzwerk f\u00fcr den Landkreis Schwandorf mit den Schwerpunkten\u00a0Bildung\u00a0und\u00a0Ehrenamt: Im\u00a0Bildungsbereich\u00a0strebt die Lernende Region Schwandorf eine nachhaltige Verbesserung der Ausbildungs-, Besch\u00e4ftigungs- und Lebenssituation aller B\u00fcrgerinnen und B\u00fcrger\u00a0der Region an. Beispiele hierf\u00fcr sind die j\u00e4hrliche Bildungsmesse in Maxh\u00fctte-Haidhof sowie die Durchf\u00fchrung des Projekts \u201eMINT-Netzwerke Bayern\u201c.\"},\"image\":{\"@id\":\"https:\/\/www.lernreg.de\/#\/schema\/logo\/image\/\"}}]}<\/script>\n<!-- \/ Yoast SEO plugin. -->","yoast_head_json":{"title":"Alltagsbegleitung - Lernende Region Schwandorf","robots":{"index":"index","follow":"follow","max-snippet":"max-snippet:-1","max-image-preview":"max-image-preview:large","max-video-preview":"max-video-preview:-1"},"canonical":"https:\/\/www.lernreg.de\/index.php\/alltagsbegleitung\/","og_locale":"de_DE","og_type":"article","og_title":"Alltagsbegleitung - Lernende Region Schwandorf","og_description":"Lesepatenprojekt","og_url":"https:\/\/www.lernreg.de\/index.php\/alltagsbegleitung\/","og_site_name":"Lernende Region Schwandorf","article_modified_time":"2023-03-09T09:54:51+00:00","twitter_card":"summary_large_image","twitter_misc":{"Gesch\u00e4tzte Lesezeit":"2\u00a0Minuten"},"schema":{"@context":"https:\/\/schema.org","@graph":[{"@type":"WebPage","@id":"https:\/\/www.lernreg.de\/index.php\/alltagsbegleitung\/","url":"https:\/\/www.lernreg.de\/index.php\/alltagsbegleitung\/","name":"Alltagsbegleitung - Lernende Region Schwandorf","isPartOf":{"@id":"https:\/\/www.lernreg.de\/#website"},"datePublished":"2022-06-01T10:41:25+00:00","dateModified":"2023-03-09T09:54:51+00:00","breadcrumb":{"@id":"https:\/\/www.lernreg.de\/index.php\/alltagsbegleitung\/#breadcrumb"},"inLanguage":"de","potentialAction":[{"@type":"ReadAction","target":["https:\/\/www.lernreg.de\/index.php\/alltagsbegleitung\/"]}]},{"@type":"BreadcrumbList","@id":"https:\/\/www.lernreg.de\/index.php\/alltagsbegleitung\/#breadcrumb","itemListElement":[{"@type":"ListItem","position":1,"name":"Startseite","item":"https:\/\/www.lernreg.de\/index.php\/homepage\/"},{"@type":"ListItem","position":2,"name":"Alltagsbegleitung"}]},{"@type":"WebSite","@id":"https:\/\/www.lernreg.de\/#website","url":"https:\/\/www.lernreg.de\/","name":"Lernende Region Schwandorf","description":"Freiwilligenagentur, Bildung","publisher":{"@id":"https:\/\/www.lernreg.de\/#organization"},"potentialAction":[{"@type":"SearchAction","target":{"@type":"EntryPoint","urlTemplate":"https:\/\/www.lernreg.de\/?s={search_term_string}"},"query-input":{"@type":"PropertyValueSpecification","valueRequired":true,"valueName":"search_term_string"}}],"inLanguage":"de"},{"@type":"Organization","@id":"https:\/\/www.lernreg.de\/#organization","name":"Die Lernende Region Schwandorf e.V. ist ein regionales Netzwerk f\u00fcr den Landkreis Schwandorf mit den Schwerpunkten\u00a0Bildung\u00a0und\u00a0Ehrenamt: Im\u00a0Bildungsbereich\u00a0strebt die Lernende Region Schwandorf eine nachhaltige Verbesserung der Ausbildungs-, Besch\u00e4ftigungs- und Lebenssituation aller B\u00fcrgerinnen und B\u00fcrger\u00a0der Region an. Beispiele hierf\u00fcr sind die j\u00e4hrliche Bildungsmesse in Maxh\u00fctte-Haidhof sowie die Durchf\u00fchrung des Projekts \u201eMINT-Netzwerke Bayern\u201c.","url":"https:\/\/www.lernreg.de\/","logo":{"@type":"ImageObject","inLanguage":"de","@id":"https:\/\/www.lernreg.de\/#\/schema\/logo\/image\/","url":"https:\/\/www.lernreg.de\/wp-content\/uploads\/2021\/08\/Logo-LernReg-transparent.png","contentUrl":"https:\/\/www.lernreg.de\/wp-content\/uploads\/2021\/08\/Logo-LernReg-transparent.png","width":400,"height":228,"caption":"Die Lernende Region Schwandorf e.V. ist ein regionales Netzwerk f\u00fcr den Landkreis Schwandorf mit den Schwerpunkten\u00a0Bildung\u00a0und\u00a0Ehrenamt: Im\u00a0Bildungsbereich\u00a0strebt die Lernende Region Schwandorf eine nachhaltige Verbesserung der Ausbildungs-, Besch\u00e4ftigungs- und Lebenssituation aller B\u00fcrgerinnen und B\u00fcrger\u00a0der Region an. Beispiele hierf\u00fcr sind die j\u00e4hrliche Bildungsmesse in Maxh\u00fctte-Haidhof sowie die Durchf\u00fchrung des Projekts \u201eMINT-Netzwerke Bayern\u201c."},"image":{"@id":"https:\/\/www.lernreg.de\/#\/schema\/logo\/image\/"}}]}},"_links":{"self":[{"href":"https:\/\/www.lernreg.de\/index.php\/wp-json\/wp\/v2\/pages\/5013","targetHints":{"allow":["GET"]}}],"collection":[{"href":"https:\/\/www.lernreg.de\/index.php\/wp-json\/wp\/v2\/pages"}],"about":[{"href":"https:\/\/www.lernreg.de\/index.php\/wp-json\/wp\/v2\/types\/page"}],"author":[{"embeddable":true,"href":"https:\/\/www.lernreg.de\/index.php\/wp-json\/wp\/v2\/users\/6"}],"replies":[{"embeddable":true,"href":"https:\/\/www.lernreg.de\/index.php\/wp-json\/wp\/v2\/comments?post=5013"}],"version-history":[{"count":7,"href":"https:\/\/www.lernreg.de\/index.php\/wp-json\/wp\/v2\/pages\/5013\/revisions"}],"predecessor-version":[{"id":6279,"href":"https:\/\/www.lernreg.de\/index.php\/wp-json\/wp\/v2\/pages\/5013\/revisions\/6279"}],"wp:attachment":[{"href":"https:\/\/www.lernreg.de\/index.php\/wp-json\/wp\/v2\/media?parent=5013"}],"curies":[{"name":"wp","href":"https:\/\/api.w.org\/{rel}","templated":true}]}}