{"id":4046,"date":"2021-10-19T09:53:36","date_gmt":"2021-10-19T07:53:36","guid":{"rendered":"https:\/\/www.lernreg.de\/Neues%20Verzeichnis\/wordpress\/?page_id=4046"},"modified":"2022-03-15T15:03:26","modified_gmt":"2022-03-15T14:03:26","slug":"begegnung-austausch","status":"publish","type":"page","link":"https:\/\/www.lernreg.de\/index.php\/begegnung-austausch\/","title":{"rendered":"Begegnungs- und Austauschprojekt"},"content":{"rendered":"<div id='layer_slider_1'  class='avia-layerslider main_color avia-shadow  avia-builder-el-0  el_before_av_hr  avia-builder-el-first  container_wrap sidebar_right'  style='height: 471px;'  ><\/div><div id='after_layer_slider_1'  class='main_color av_default_container_wrap container_wrap sidebar_right'  ><div class='container av-section-cont-open' ><div class='template-page content  av-content-small alpha units'><div class='post-entry post-entry-type-page post-entry-4046'><div class='entry-content-wrapper clearfix'>\n\n<style type=\"text\/css\" data-created_by=\"avia_inline_auto\" id=\"style-css-av-av_hr-4474f20d2389e2e5ecf918a02da5132e\">\n#top .hr.hr-invisible.av-av_hr-4474f20d2389e2e5ecf918a02da5132e{\nheight:50px;\n}\n<\/style>\n<div  class='hr av-av_hr-4474f20d2389e2e5ecf918a02da5132e hr-invisible  avia-builder-el-1  el_after_av_layerslider  el_before_av_one_half  avia-builder-el-first '><span class='hr-inner '><span class=\"hr-inner-style\"><\/span><\/span><\/div>\n\n<style type=\"text\/css\" data-created_by=\"avia_inline_auto\" id=\"style-css-av-av_one_half-15d750bd1b332b34c6e70b077ebbccdf\">\n.flex_column.av-av_one_half-15d750bd1b332b34c6e70b077ebbccdf{\n-webkit-border-radius:0px 0px 0px 0px;\n-moz-border-radius:0px 0px 0px 0px;\nborder-radius:0px 0px 0px 0px;\npadding:0px 0px 0px 0px;\n}\n<\/style>\n<div class='flex_column av-av_one_half-15d750bd1b332b34c6e70b077ebbccdf av_one_half  avia-builder-el-2  el_after_av_hr  el_before_av_one_half  first flex_column_div av-zero-column-padding '     ><style type=\"text\/css\" data-created_by=\"avia_inline_auto\" id=\"style-css-av-av_image-055b609496d6ce1a3dcbbedf4b920bbf\">\n.avia-image-container.av-av_image-055b609496d6ce1a3dcbbedf4b920bbf img.avia_image{\nbox-shadow:none;\n}\n.avia-image-container.av-av_image-055b609496d6ce1a3dcbbedf4b920bbf .av-image-caption-overlay-center{\ncolor:#ffffff;\n}\n<\/style>\n<div  class='avia-image-container av-av_image-055b609496d6ce1a3dcbbedf4b920bbf av-styling- avia-align-center  avia-builder-el-3  avia-builder-el-no-sibling '   itemprop=\"image\" itemscope=\"itemscope\" itemtype=\"https:\/\/schema.org\/ImageObject\" ><div class=\"avia-image-container-inner\"><div class=\"avia-image-overlay-wrap\"><img decoding=\"async\" class='wp-image-3721 avia-img-lazy-loading-not-3721 avia_image ' src=\"https:\/\/www.lernreg.de\/wp-content\/uploads\/2021\/09\/hand-1137978-1-1030x773.jpg\" alt='' title='hand-1137978'  height=\"773\" width=\"1030\"  itemprop=\"thumbnailUrl\" srcset=\"https:\/\/www.lernreg.de\/wp-content\/uploads\/2021\/09\/hand-1137978-1-1030x773.jpg 1030w, https:\/\/www.lernreg.de\/wp-content\/uploads\/2021\/09\/hand-1137978-1-300x225.jpg 300w, https:\/\/www.lernreg.de\/wp-content\/uploads\/2021\/09\/hand-1137978-1-768x576.jpg 768w, https:\/\/www.lernreg.de\/wp-content\/uploads\/2021\/09\/hand-1137978-1-1536x1152.jpg 1536w, https:\/\/www.lernreg.de\/wp-content\/uploads\/2021\/09\/hand-1137978-1-2048x1536.jpg 2048w, https:\/\/www.lernreg.de\/wp-content\/uploads\/2021\/09\/hand-1137978-1-1500x1125.jpg 1500w, https:\/\/www.lernreg.de\/wp-content\/uploads\/2021\/09\/hand-1137978-1-705x529.jpg 705w, https:\/\/www.lernreg.de\/wp-content\/uploads\/2021\/09\/hand-1137978-1-450x338.jpg 450w\" sizes=\"(max-width: 1030px) 100vw, 1030px\" \/><\/div><\/div><\/div><\/div>\n\n<style type=\"text\/css\" data-created_by=\"avia_inline_auto\" id=\"style-css-av-av_one_half-c8fc129dc35fd1ae2a1e410224d39ea8\">\n.flex_column.av-av_one_half-c8fc129dc35fd1ae2a1e410224d39ea8{\n-webkit-border-radius:0px 0px 0px 0px;\n-moz-border-radius:0px 0px 0px 0px;\nborder-radius:0px 0px 0px 0px;\npadding:0px 0px 0px 0px;\n}\n<\/style>\n<div class='flex_column av-av_one_half-c8fc129dc35fd1ae2a1e410224d39ea8 av_one_half  avia-builder-el-4  el_after_av_one_half  el_before_av_one_half  flex_column_div av-zero-column-padding '     ><section  class='av_textblock_section av-av_textblock-2de302bf1aa3cf4c9157dbe6f50ac7eb'  itemscope=\"itemscope\" itemtype=\"https:\/\/schema.org\/CreativeWork\" ><div class='avia_textblock'  itemprop=\"text\" ><p>Bei diesem Projekt geht es darum, Begegnungen zwischen Ehrenamtlichen und Menschen mit Fluchterfahrung zu erm\u00f6glichen.\u00a0 Im Sprachcafe &#8222;Treffpunkt Deutsch&#8220; treffen sich regelm\u00e4\u00dfig Frauen, die ihre Sprachkenntnisse \u00fcben und verbessern m\u00f6chten. Gemeinsam wird deshalb ein Kochbuch mit arabischen Rezepten aus den Herkunftsl\u00e4ndern\u00a0 erstellt und ins Deutsche \u00fcbersetzt. Weiterer Schwerpunkt der Treffen ist die ehrenamtliche Unterst\u00fctzung von neu zugezogenen Migrantenfamilien, die Hilfe ben\u00f6tigen. Vorbild sind hier die deutschen Integrationsbegleiter.<\/p>\n<\/div><\/section><\/div>\n\n<style type=\"text\/css\" data-created_by=\"avia_inline_auto\" id=\"style-css-av-av_one_half-15d750bd1b332b34c6e70b077ebbccdf\">\n.flex_column.av-av_one_half-15d750bd1b332b34c6e70b077ebbccdf{\n-webkit-border-radius:0px 0px 0px 0px;\n-moz-border-radius:0px 0px 0px 0px;\nborder-radius:0px 0px 0px 0px;\npadding:0px 0px 0px 0px;\n}\n<\/style>\n<div class='flex_column av-av_one_half-15d750bd1b332b34c6e70b077ebbccdf av_one_half  avia-builder-el-6  el_after_av_one_half  el_before_av_one_half  first flex_column_div av-zero-column-padding column-top-margin'     ><section  class='av_textblock_section av-av_textblock-2de302bf1aa3cf4c9157dbe6f50ac7eb'  itemscope=\"itemscope\" itemtype=\"https:\/\/schema.org\/CreativeWork\" ><div class='avia_textblock'  itemprop=\"text\" ><p><strong>M\u00f6belaufbaukurs f\u00fcr Gefl\u00fcchtete \u2013 Hilfe zur Selbsthilfe<\/strong><\/p>\n<p>Gefl\u00fcchtete und ehrenamtliche Integrationsbegleiter stehen oft vor vielf\u00e4ltigen Herausforderungen. Wer das Gl\u00fcck hat, aus der Gemeinschaftsunterkunft ausziehen zu d\u00fcrfen und eine eigene Wohnung findet, ist fast immer auf gebrauchte M\u00f6bel angewiesen. Diese werden zwar oft verschenkt, m\u00fcssen aber vor Ort selber zerlegt und sp\u00e4ter wieder richtig zusammengebaut werden. Nicht jeder ist handwerklich so ge\u00fcbt, um Schr\u00e4nke, K\u00fcchen und Betten wieder funktionst\u00fcchtig und sicher aufstellen zu k\u00f6nnen. Dank der Unterst\u00fctzung durch den Werkhof Schwandorf konnte eine Gruppe von Gefl\u00fcchteten aus Syrien, Irak und Eritrea bei einer dreist\u00fcndigen Schulung den fachgerechten Auf- und Abbau von Schr\u00e4nken, Schubladen und Kommoden \u00fcben. Sie stehen nun zusammen mit einigen Integrationsbegleitern als ehrenamtliche \u201eUmzugsmannschaft\u201c f\u00fcr Gefl\u00fcchtete im Landkreis Schwandorf zur Verf\u00fcgung.<\/p>\n<\/div><\/section><\/div>\n<style type=\"text\/css\" data-created_by=\"avia_inline_auto\" id=\"style-css-av-av_one_half-c8fc129dc35fd1ae2a1e410224d39ea8\">\n.flex_column.av-av_one_half-c8fc129dc35fd1ae2a1e410224d39ea8{\n-webkit-border-radius:0px 0px 0px 0px;\n-moz-border-radius:0px 0px 0px 0px;\nborder-radius:0px 0px 0px 0px;\npadding:0px 0px 0px 0px;\n}\n<\/style>\n<div class='flex_column av-av_one_half-c8fc129dc35fd1ae2a1e410224d39ea8 av_one_half  avia-builder-el-8  el_after_av_one_half  el_before_av_hr  flex_column_div av-zero-column-padding column-top-margin'     ><style type=\"text\/css\" data-created_by=\"avia_inline_auto\" id=\"style-css-av-av_textblock-d28c4a4be50637c2d3c98096b8c6a6e6\">\n#top .av_textblock_section.av-av_textblock-d28c4a4be50637c2d3c98096b8c6a6e6 .avia_textblock{\nfont-size:28px;\n}\n<\/style>\n<section  class='av_textblock_section av-av_textblock-d28c4a4be50637c2d3c98096b8c6a6e6'  itemscope=\"itemscope\" itemtype=\"https:\/\/schema.org\/CreativeWork\" ><div class='avia_textblock'  itemprop=\"text\" ><p><img loading=\"lazy\" decoding=\"async\" class=\" wp-image-4900 aligncenter\" src=\"https:\/\/www.lernreg.de\/wp-content\/uploads\/2022\/03\/Moebelworkshop4-1-225x300.jpg\" alt=\"\" width=\"370\" height=\"492\" srcset=\"https:\/\/www.lernreg.de\/wp-content\/uploads\/2022\/03\/Moebelworkshop4-1-225x300.jpg 225w, https:\/\/www.lernreg.de\/wp-content\/uploads\/2022\/03\/Moebelworkshop4-1-773x1030.jpg 773w, https:\/\/www.lernreg.de\/wp-content\/uploads\/2022\/03\/Moebelworkshop4-1-768x1024.jpg 768w, https:\/\/www.lernreg.de\/wp-content\/uploads\/2022\/03\/Moebelworkshop4-1-1152x1536.jpg 1152w, https:\/\/www.lernreg.de\/wp-content\/uploads\/2022\/03\/Moebelworkshop4-1-1536x2048.jpg 1536w, https:\/\/www.lernreg.de\/wp-content\/uploads\/2022\/03\/Moebelworkshop4-1-1125x1500.jpg 1125w, https:\/\/www.lernreg.de\/wp-content\/uploads\/2022\/03\/Moebelworkshop4-1-529x705.jpg 529w, https:\/\/www.lernreg.de\/wp-content\/uploads\/2022\/03\/Moebelworkshop4-1-450x600.jpg 450w, https:\/\/www.lernreg.de\/wp-content\/uploads\/2022\/03\/Moebelworkshop4-1.jpg 1734w\" sizes=\"auto, (max-width: 370px) 100vw, 370px\" \/><\/p>\n<\/div><\/section><\/div><\/p>\n\n<style type=\"text\/css\" data-created_by=\"avia_inline_auto\" id=\"style-css-av-av_hr-4474f20d2389e2e5ecf918a02da5132e\">\n#top .hr.hr-invisible.av-av_hr-4474f20d2389e2e5ecf918a02da5132e{\nheight:50px;\n}\n<\/style>\n<div  class='hr av-av_hr-4474f20d2389e2e5ecf918a02da5132e hr-invisible  avia-builder-el-10  el_after_av_one_half  el_before_av_hr '><span class='hr-inner '><span class=\"hr-inner-style\"><\/span><\/span><\/div>\n\n<style type=\"text\/css\" data-created_by=\"avia_inline_auto\" id=\"style-css-av-av_hr-4474f20d2389e2e5ecf918a02da5132e\">\n#top .hr.hr-invisible.av-av_hr-4474f20d2389e2e5ecf918a02da5132e{\nheight:50px;\n}\n<\/style>\n<div  class='hr av-av_hr-4474f20d2389e2e5ecf918a02da5132e hr-invisible  avia-builder-el-11  el_after_av_hr  el_before_av_hr '><span class='hr-inner '><span class=\"hr-inner-style\"><\/span><\/span><\/div>\n<div  class='hr av-av_hr-22380fd917a37d1b2de8173cb0a172d9 hr-short  avia-builder-el-12  el_after_av_hr  el_before_av_one_third  hr-center'><span class='hr-inner '><span class=\"hr-inner-style\"><\/span><\/span><\/div>\n\n<style type=\"text\/css\" data-created_by=\"avia_inline_auto\" id=\"style-css-av-av_one_third-15d750bd1b332b34c6e70b077ebbccdf\">\n.flex_column.av-av_one_third-15d750bd1b332b34c6e70b077ebbccdf{\n-webkit-border-radius:0px 0px 0px 0px;\n-moz-border-radius:0px 0px 0px 0px;\nborder-radius:0px 0px 0px 0px;\npadding:0px 0px 0px 0px;\n}\n<\/style>\n<div class='flex_column av-av_one_third-15d750bd1b332b34c6e70b077ebbccdf av_one_third  avia-builder-el-13  el_after_av_hr  el_before_av_one_third  first flex_column_div av-zero-column-padding '     ><style type=\"text\/css\" data-created_by=\"avia_inline_auto\" id=\"style-css-av-av_image-83d7650f5bd39f12da25690a94a002b1\">\n.avia-image-container.av-av_image-83d7650f5bd39f12da25690a94a002b1 img.avia_image{\nbox-shadow:none;\n}\n.avia-image-container.av-av_image-83d7650f5bd39f12da25690a94a002b1 .av-image-caption-overlay-center{\ncolor:#ffffff;\n}\n<\/style>\n<div  class='avia-image-container av-av_image-83d7650f5bd39f12da25690a94a002b1 av-styling- avia-align-center  avia-builder-el-14  avia-builder-el-no-sibling '   itemprop=\"image\" itemscope=\"itemscope\" itemtype=\"https:\/\/schema.org\/ImageObject\" ><div class=\"avia-image-container-inner\"><div class=\"avia-image-overlay-wrap\"><img decoding=\"async\" class='wp-image-3877 avia-img-lazy-loading-not-3877 avia_image ' src=\"https:\/\/www.lernreg.de\/wp-content\/uploads\/2021\/09\/csm_Foerdermarke_StMI_Bayr._Staatsministerium_fuer_Sport__und_Integration__ad55c32b85-300x65.jpg\" alt='' title='csm_Foerdermarke_StMI_Bayr._Staatsministerium_f\u00fcr_Sport__und_Integration__ad55c32b85'  height=\"65\" width=\"300\"  itemprop=\"thumbnailUrl\" srcset=\"https:\/\/www.lernreg.de\/wp-content\/uploads\/2021\/09\/csm_Foerdermarke_StMI_Bayr._Staatsministerium_fuer_Sport__und_Integration__ad55c32b85-300x65.jpg 300w, https:\/\/www.lernreg.de\/wp-content\/uploads\/2021\/09\/csm_Foerdermarke_StMI_Bayr._Staatsministerium_fuer_Sport__und_Integration__ad55c32b85.jpg 400w\" sizes=\"(max-width: 300px) 100vw, 300px\" \/><\/div><\/div><\/div><\/div>\n\n<style type=\"text\/css\" data-created_by=\"avia_inline_auto\" id=\"style-css-av-av_one_third-c8fc129dc35fd1ae2a1e410224d39ea8\">\n.flex_column.av-av_one_third-c8fc129dc35fd1ae2a1e410224d39ea8{\n-webkit-border-radius:0px 0px 0px 0px;\n-moz-border-radius:0px 0px 0px 0px;\nborder-radius:0px 0px 0px 0px;\npadding:0px 0px 0px 0px;\n}\n<\/style>\n<div class='flex_column av-av_one_third-c8fc129dc35fd1ae2a1e410224d39ea8 av_one_third  avia-builder-el-15  el_after_av_one_third  avia-builder-el-last  flex_column_div av-zero-column-padding '     ><style type=\"text\/css\" data-created_by=\"avia_inline_auto\" id=\"style-css-av-av_image-c07b74ffde6a8dad45f61ec3bcd6d5b2\">\n.avia-image-container.av-av_image-c07b74ffde6a8dad45f61ec3bcd6d5b2 img.avia_image{\nbox-shadow:none;\n}\n.avia-image-container.av-av_image-c07b74ffde6a8dad45f61ec3bcd6d5b2 .av-image-caption-overlay-center{\ncolor:#ffffff;\n}\n<\/style>\n<div  class='avia-image-container av-av_image-c07b74ffde6a8dad45f61ec3bcd6d5b2 av-styling- avia-align-center  avia-builder-el-16  avia-builder-el-no-sibling '   itemprop=\"image\" itemscope=\"itemscope\" itemtype=\"https:\/\/schema.org\/ImageObject\" ><div class=\"avia-image-container-inner\"><div class=\"avia-image-overlay-wrap\"><img decoding=\"async\" class='wp-image-4180 avia-img-lazy-loading-not-4180 avia_image ' src=\"https:\/\/www.lernreg.de\/wp-content\/uploads\/2021\/10\/lagfa.png\" alt='' title='lagfa'  height=\"55\" width=\"144\"  itemprop=\"thumbnailUrl\"  \/><\/div><\/div><\/div><\/div>\n","protected":false},"excerpt":{"rendered":"<p>Bei diesem Projekt geht es darum, Begegnungen zwischen Ehrenamtlichen und Menschen mit Fluchterfahrung zu erm\u00f6glichen.<\/p>\n","protected":false},"author":1,"featured_media":0,"parent":0,"menu_order":0,"comment_status":"open","ping_status":"open","template":"","meta":{"footnotes":""},"class_list":["post-4046","page","type-page","status-publish","hentry"],"yoast_head":"<!-- This site is optimized with the Yoast SEO plugin v26.4 - https:\/\/yoast.com\/wordpress\/plugins\/seo\/ -->\n<title>Begegnungs- und Austauschprojekt - Lernende Region Schwandorf<\/title>\n<meta name=\"robots\" content=\"index, follow, max-snippet:-1, max-image-preview:large, max-video-preview:-1\" \/>\n<link rel=\"canonical\" href=\"https:\/\/www.lernreg.de\/index.php\/begegnung-austausch\/\" \/>\n<meta property=\"og:locale\" content=\"de_DE\" \/>\n<meta property=\"og:type\" content=\"article\" \/>\n<meta property=\"og:title\" content=\"Begegnungs- und Austauschprojekt - Lernende Region Schwandorf\" \/>\n<meta property=\"og:description\" content=\"Bei diesem Projekt geht es darum, Begegnungen zwischen Ehrenamtlichen und Menschen mit Fluchterfahrung zu erm\u00f6glichen.\" \/>\n<meta property=\"og:url\" content=\"https:\/\/www.lernreg.de\/index.php\/begegnung-austausch\/\" \/>\n<meta property=\"og:site_name\" content=\"Lernende Region Schwandorf\" \/>\n<meta property=\"article:modified_time\" content=\"2022-03-15T14:03:26+00:00\" \/>\n<meta property=\"og:image\" content=\"https:\/\/www.lernreg.de\/wp-content\/uploads\/2022\/03\/Moebelworkshop4-1-225x300.jpg\" \/>\n<meta name=\"twitter:card\" content=\"summary_large_image\" \/>\n<meta name=\"twitter:label1\" content=\"Gesch\u00e4tzte Lesezeit\" \/>\n\t<meta name=\"twitter:data1\" content=\"5\u00a0Minuten\" \/>\n<script type=\"application\/ld+json\" class=\"yoast-schema-graph\">{\"@context\":\"https:\/\/schema.org\",\"@graph\":[{\"@type\":\"WebPage\",\"@id\":\"https:\/\/www.lernreg.de\/index.php\/begegnung-austausch\/\",\"url\":\"https:\/\/www.lernreg.de\/index.php\/begegnung-austausch\/\",\"name\":\"Begegnungs- und Austauschprojekt - Lernende Region Schwandorf\",\"isPartOf\":{\"@id\":\"https:\/\/www.lernreg.de\/#website\"},\"primaryImageOfPage\":{\"@id\":\"https:\/\/www.lernreg.de\/index.php\/begegnung-austausch\/#primaryimage\"},\"image\":{\"@id\":\"https:\/\/www.lernreg.de\/index.php\/begegnung-austausch\/#primaryimage\"},\"thumbnailUrl\":\"https:\/\/www.lernreg.de\/wp-content\/uploads\/2022\/03\/Moebelworkshop4-1-225x300.jpg\",\"datePublished\":\"2021-10-19T07:53:36+00:00\",\"dateModified\":\"2022-03-15T14:03:26+00:00\",\"breadcrumb\":{\"@id\":\"https:\/\/www.lernreg.de\/index.php\/begegnung-austausch\/#breadcrumb\"},\"inLanguage\":\"de\",\"potentialAction\":[{\"@type\":\"ReadAction\",\"target\":[\"https:\/\/www.lernreg.de\/index.php\/begegnung-austausch\/\"]}]},{\"@type\":\"ImageObject\",\"inLanguage\":\"de\",\"@id\":\"https:\/\/www.lernreg.de\/index.php\/begegnung-austausch\/#primaryimage\",\"url\":\"https:\/\/www.lernreg.de\/wp-content\/uploads\/2022\/03\/Moebelworkshop4-1.jpg\",\"contentUrl\":\"https:\/\/www.lernreg.de\/wp-content\/uploads\/2022\/03\/Moebelworkshop4-1.jpg\",\"width\":1734,\"height\":2312},{\"@type\":\"BreadcrumbList\",\"@id\":\"https:\/\/www.lernreg.de\/index.php\/begegnung-austausch\/#breadcrumb\",\"itemListElement\":[{\"@type\":\"ListItem\",\"position\":1,\"name\":\"Startseite\",\"item\":\"https:\/\/www.lernreg.de\/index.php\/homepage\/\"},{\"@type\":\"ListItem\",\"position\":2,\"name\":\"Begegnungs- und Austauschprojekt\"}]},{\"@type\":\"WebSite\",\"@id\":\"https:\/\/www.lernreg.de\/#website\",\"url\":\"https:\/\/www.lernreg.de\/\",\"name\":\"Lernende Region Schwandorf\",\"description\":\"Freiwilligenagentur, Bildung\",\"publisher\":{\"@id\":\"https:\/\/www.lernreg.de\/#organization\"},\"potentialAction\":[{\"@type\":\"SearchAction\",\"target\":{\"@type\":\"EntryPoint\",\"urlTemplate\":\"https:\/\/www.lernreg.de\/?s={search_term_string}\"},\"query-input\":{\"@type\":\"PropertyValueSpecification\",\"valueRequired\":true,\"valueName\":\"search_term_string\"}}],\"inLanguage\":\"de\"},{\"@type\":\"Organization\",\"@id\":\"https:\/\/www.lernreg.de\/#organization\",\"name\":\"Die Lernende Region Schwandorf e.V. ist ein regionales Netzwerk f\u00fcr den Landkreis Schwandorf mit den Schwerpunkten\u00a0Bildung\u00a0und\u00a0Ehrenamt: Im\u00a0Bildungsbereich\u00a0strebt die Lernende Region Schwandorf eine nachhaltige Verbesserung der Ausbildungs-, Besch\u00e4ftigungs- und Lebenssituation aller B\u00fcrgerinnen und B\u00fcrger\u00a0der Region an. Beispiele hierf\u00fcr sind die j\u00e4hrliche Bildungsmesse in Maxh\u00fctte-Haidhof sowie die Durchf\u00fchrung des Projekts \u201eMINT-Netzwerke Bayern\u201c.\",\"url\":\"https:\/\/www.lernreg.de\/\",\"logo\":{\"@type\":\"ImageObject\",\"inLanguage\":\"de\",\"@id\":\"https:\/\/www.lernreg.de\/#\/schema\/logo\/image\/\",\"url\":\"https:\/\/www.lernreg.de\/wp-content\/uploads\/2021\/08\/Logo-LernReg-transparent.png\",\"contentUrl\":\"https:\/\/www.lernreg.de\/wp-content\/uploads\/2021\/08\/Logo-LernReg-transparent.png\",\"width\":400,\"height\":228,\"caption\":\"Die Lernende Region Schwandorf e.V. ist ein regionales Netzwerk f\u00fcr den Landkreis Schwandorf mit den Schwerpunkten\u00a0Bildung\u00a0und\u00a0Ehrenamt: Im\u00a0Bildungsbereich\u00a0strebt die Lernende Region Schwandorf eine nachhaltige Verbesserung der Ausbildungs-, Besch\u00e4ftigungs- und Lebenssituation aller B\u00fcrgerinnen und B\u00fcrger\u00a0der Region an. Beispiele hierf\u00fcr sind die j\u00e4hrliche Bildungsmesse in Maxh\u00fctte-Haidhof sowie die Durchf\u00fchrung des Projekts \u201eMINT-Netzwerke Bayern\u201c.\"},\"image\":{\"@id\":\"https:\/\/www.lernreg.de\/#\/schema\/logo\/image\/\"}}]}<\/script>\n<!-- \/ Yoast SEO plugin. -->","yoast_head_json":{"title":"Begegnungs- und Austauschprojekt - Lernende Region Schwandorf","robots":{"index":"index","follow":"follow","max-snippet":"max-snippet:-1","max-image-preview":"max-image-preview:large","max-video-preview":"max-video-preview:-1"},"canonical":"https:\/\/www.lernreg.de\/index.php\/begegnung-austausch\/","og_locale":"de_DE","og_type":"article","og_title":"Begegnungs- und Austauschprojekt - Lernende Region Schwandorf","og_description":"Bei diesem Projekt geht es darum, Begegnungen zwischen Ehrenamtlichen und Menschen mit Fluchterfahrung zu erm\u00f6glichen.","og_url":"https:\/\/www.lernreg.de\/index.php\/begegnung-austausch\/","og_site_name":"Lernende Region Schwandorf","article_modified_time":"2022-03-15T14:03:26+00:00","og_image":[{"url":"https:\/\/www.lernreg.de\/wp-content\/uploads\/2022\/03\/Moebelworkshop4-1-225x300.jpg","type":"","width":"","height":""}],"twitter_card":"summary_large_image","twitter_misc":{"Gesch\u00e4tzte Lesezeit":"5\u00a0Minuten"},"schema":{"@context":"https:\/\/schema.org","@graph":[{"@type":"WebPage","@id":"https:\/\/www.lernreg.de\/index.php\/begegnung-austausch\/","url":"https:\/\/www.lernreg.de\/index.php\/begegnung-austausch\/","name":"Begegnungs- und Austauschprojekt - Lernende Region Schwandorf","isPartOf":{"@id":"https:\/\/www.lernreg.de\/#website"},"primaryImageOfPage":{"@id":"https:\/\/www.lernreg.de\/index.php\/begegnung-austausch\/#primaryimage"},"image":{"@id":"https:\/\/www.lernreg.de\/index.php\/begegnung-austausch\/#primaryimage"},"thumbnailUrl":"https:\/\/www.lernreg.de\/wp-content\/uploads\/2022\/03\/Moebelworkshop4-1-225x300.jpg","datePublished":"2021-10-19T07:53:36+00:00","dateModified":"2022-03-15T14:03:26+00:00","breadcrumb":{"@id":"https:\/\/www.lernreg.de\/index.php\/begegnung-austausch\/#breadcrumb"},"inLanguage":"de","potentialAction":[{"@type":"ReadAction","target":["https:\/\/www.lernreg.de\/index.php\/begegnung-austausch\/"]}]},{"@type":"ImageObject","inLanguage":"de","@id":"https:\/\/www.lernreg.de\/index.php\/begegnung-austausch\/#primaryimage","url":"https:\/\/www.lernreg.de\/wp-content\/uploads\/2022\/03\/Moebelworkshop4-1.jpg","contentUrl":"https:\/\/www.lernreg.de\/wp-content\/uploads\/2022\/03\/Moebelworkshop4-1.jpg","width":1734,"height":2312},{"@type":"BreadcrumbList","@id":"https:\/\/www.lernreg.de\/index.php\/begegnung-austausch\/#breadcrumb","itemListElement":[{"@type":"ListItem","position":1,"name":"Startseite","item":"https:\/\/www.lernreg.de\/index.php\/homepage\/"},{"@type":"ListItem","position":2,"name":"Begegnungs- und Austauschprojekt"}]},{"@type":"WebSite","@id":"https:\/\/www.lernreg.de\/#website","url":"https:\/\/www.lernreg.de\/","name":"Lernende Region Schwandorf","description":"Freiwilligenagentur, Bildung","publisher":{"@id":"https:\/\/www.lernreg.de\/#organization"},"potentialAction":[{"@type":"SearchAction","target":{"@type":"EntryPoint","urlTemplate":"https:\/\/www.lernreg.de\/?s={search_term_string}"},"query-input":{"@type":"PropertyValueSpecification","valueRequired":true,"valueName":"search_term_string"}}],"inLanguage":"de"},{"@type":"Organization","@id":"https:\/\/www.lernreg.de\/#organization","name":"Die Lernende Region Schwandorf e.V. ist ein regionales Netzwerk f\u00fcr den Landkreis Schwandorf mit den Schwerpunkten\u00a0Bildung\u00a0und\u00a0Ehrenamt: Im\u00a0Bildungsbereich\u00a0strebt die Lernende Region Schwandorf eine nachhaltige Verbesserung der Ausbildungs-, Besch\u00e4ftigungs- und Lebenssituation aller B\u00fcrgerinnen und B\u00fcrger\u00a0der Region an. Beispiele hierf\u00fcr sind die j\u00e4hrliche Bildungsmesse in Maxh\u00fctte-Haidhof sowie die Durchf\u00fchrung des Projekts \u201eMINT-Netzwerke Bayern\u201c.","url":"https:\/\/www.lernreg.de\/","logo":{"@type":"ImageObject","inLanguage":"de","@id":"https:\/\/www.lernreg.de\/#\/schema\/logo\/image\/","url":"https:\/\/www.lernreg.de\/wp-content\/uploads\/2021\/08\/Logo-LernReg-transparent.png","contentUrl":"https:\/\/www.lernreg.de\/wp-content\/uploads\/2021\/08\/Logo-LernReg-transparent.png","width":400,"height":228,"caption":"Die Lernende Region Schwandorf e.V. ist ein regionales Netzwerk f\u00fcr den Landkreis Schwandorf mit den Schwerpunkten\u00a0Bildung\u00a0und\u00a0Ehrenamt: Im\u00a0Bildungsbereich\u00a0strebt die Lernende Region Schwandorf eine nachhaltige Verbesserung der Ausbildungs-, Besch\u00e4ftigungs- und Lebenssituation aller B\u00fcrgerinnen und B\u00fcrger\u00a0der Region an. Beispiele hierf\u00fcr sind die j\u00e4hrliche Bildungsmesse in Maxh\u00fctte-Haidhof sowie die Durchf\u00fchrung des Projekts \u201eMINT-Netzwerke Bayern\u201c."},"image":{"@id":"https:\/\/www.lernreg.de\/#\/schema\/logo\/image\/"}}]}},"_links":{"self":[{"href":"https:\/\/www.lernreg.de\/index.php\/wp-json\/wp\/v2\/pages\/4046","targetHints":{"allow":["GET"]}}],"collection":[{"href":"https:\/\/www.lernreg.de\/index.php\/wp-json\/wp\/v2\/pages"}],"about":[{"href":"https:\/\/www.lernreg.de\/index.php\/wp-json\/wp\/v2\/types\/page"}],"author":[{"embeddable":true,"href":"https:\/\/www.lernreg.de\/index.php\/wp-json\/wp\/v2\/users\/1"}],"replies":[{"embeddable":true,"href":"https:\/\/www.lernreg.de\/index.php\/wp-json\/wp\/v2\/comments?post=4046"}],"version-history":[{"count":11,"href":"https:\/\/www.lernreg.de\/index.php\/wp-json\/wp\/v2\/pages\/4046\/revisions"}],"predecessor-version":[{"id":5090,"href":"https:\/\/www.lernreg.de\/index.php\/wp-json\/wp\/v2\/pages\/4046\/revisions\/5090"}],"wp:attachment":[{"href":"https:\/\/www.lernreg.de\/index.php\/wp-json\/wp\/v2\/media?parent=4046"}],"curies":[{"name":"wp","href":"https:\/\/api.w.org\/{rel}","templated":true}]}}