{"id":3993,"date":"2021-10-18T10:12:07","date_gmt":"2021-10-18T08:12:07","guid":{"rendered":"https:\/\/www.lernreg.de\/Neues%20Verzeichnis\/wordpress\/?page_id=3993"},"modified":"2022-02-02T17:22:07","modified_gmt":"2022-02-02T16:22:07","slug":"mint-und-eltern","status":"publish","type":"page","link":"https:\/\/www.lernreg.de\/index.php\/mint-und-eltern\/","title":{"rendered":"MINT und Eltern"},"content":{"rendered":"<div id='layer_slider_1'  class='avia-layerslider main_color avia-shadow  avia-builder-el-0  el_before_av_heading  avia-builder-el-first  container_wrap sidebar_right'  style='height: 371px;'  ><\/div><div id='after_layer_slider_1'  class='main_color av_default_container_wrap container_wrap sidebar_right'  ><div class='container av-section-cont-open' ><div class='template-page content  av-content-small alpha units'><div class='post-entry post-entry-type-page post-entry-3993'><div class='entry-content-wrapper clearfix'>\n\n<style type=\"text\/css\" data-created_by=\"avia_inline_auto\" id=\"style-css-av-av_heading-48de359cf2a89face26c47719b8e072f\">\n#top .av-special-heading.av-av_heading-48de359cf2a89face26c47719b8e072f{\npadding-bottom:10px;\n}\nbody .av-special-heading.av-av_heading-48de359cf2a89face26c47719b8e072f .av-special-heading-tag .heading-char{\nfont-size:25px;\n}\n.av-special-heading.av-av_heading-48de359cf2a89face26c47719b8e072f .av-subheading{\nfont-size:15px;\n}\n<\/style>\n<div  class='av-special-heading av-av_heading-48de359cf2a89face26c47719b8e072f av-special-heading-h3  avia-builder-el-1  el_after_av_layerslider  el_before_av_one_half  avia-builder-el-first '><h3 class='av-special-heading-tag'  itemprop=\"headline\"  >MINT-Region nimmt Eltern in den Blick<\/h3><div class=\"special-heading-border\"><div class=\"special-heading-inner-border\"><\/div><\/div><\/div>\n\n<style type=\"text\/css\" data-created_by=\"avia_inline_auto\" id=\"style-css-av-av_one_half-15d750bd1b332b34c6e70b077ebbccdf\">\n.flex_column.av-av_one_half-15d750bd1b332b34c6e70b077ebbccdf{\n-webkit-border-radius:0px 0px 0px 0px;\n-moz-border-radius:0px 0px 0px 0px;\nborder-radius:0px 0px 0px 0px;\npadding:0px 0px 0px 0px;\n}\n<\/style>\n<div class='flex_column av-av_one_half-15d750bd1b332b34c6e70b077ebbccdf av_one_half  avia-builder-el-2  el_after_av_heading  el_before_av_one_half  first flex_column_div av-zero-column-padding '     ><section  class='av_textblock_section av-av_textblock-2de302bf1aa3cf4c9157dbe6f50ac7eb'  itemscope=\"itemscope\" itemtype=\"https:\/\/schema.org\/CreativeWork\" ><div class='avia_textblock'  itemprop=\"text\" ><div id=\"c1290\" class=\"csc-default\">\n<p>P\u00fcnktlich zum neuen Jahr gibt es auch etwas Neues f\u00fcr alle Eltern, Gro\u00dfeltern und Familien im Landkreis. Mit der Brosch\u00fcre \u201eMINTeinander entdecken und erleben \u2013 regionale Tipps f\u00fcr Eltern\u201c, die zusammen mit der MINT-Region Neumarkt i. d. OPf. entstanden ist, gibt es ab jetzt auch spannende Tipps und Unterst\u00fctzung f\u00fcr Eltern. Wenn es darum geht, Kinder die Welt rund um MINT zu erkl\u00e4ren, spielen Eltern eine wichtige Rolle. Grunds\u00e4tzlich gilt: Daf\u00fcr muss man keine Fachkraft sein. Wie das geht und wo MINT in der Region vorkommt? Dazu geben wir hier n\u00fctzlich Tipps.<\/p>\n<p>Ziel dabei ist vor allem eins: Den Familien nicht noch mehr Stress aufhalsen, sondern ihnen zeigen, wie man mit wenig Stress im Alltag MINT-Bildung integrieren kann &#8211; darum geht es. Egal ob beim Wochenendausflug, gemeinsamem Kuchenbacken oder beim Fernsehen &#8211; Kinder haben immer Fragen und Interesse. Nutzen Sie diese Gelegenheiten und begeistern Sie sie. Mit wenig Aufwand und vielen regionalen M\u00f6glichkeiten.<\/p>\n<p><a href=\"https:\/\/www.lernreg.de\/wp-content\/uploads\/2022\/01\/MINT-Elternratgeber-A5-Digital.pdf\">MINT Elternratgeber A5 (Digital)<\/a><\/p>\n<\/div>\n<div id=\"c1288\" class=\"csc-default\">\n<h2><\/h2>\n<\/div>\n<\/div><\/section><\/div>\n\n<style type=\"text\/css\" data-created_by=\"avia_inline_auto\" id=\"style-css-av-av_one_half-c8fc129dc35fd1ae2a1e410224d39ea8\">\n.flex_column.av-av_one_half-c8fc129dc35fd1ae2a1e410224d39ea8{\n-webkit-border-radius:0px 0px 0px 0px;\n-moz-border-radius:0px 0px 0px 0px;\nborder-radius:0px 0px 0px 0px;\npadding:0px 0px 0px 0px;\n}\n<\/style>\n<div class='flex_column av-av_one_half-c8fc129dc35fd1ae2a1e410224d39ea8 av_one_half  avia-builder-el-4  el_after_av_one_half  el_before_av_textblock  flex_column_div av-zero-column-padding '     ><style type=\"text\/css\" data-created_by=\"avia_inline_auto\" id=\"style-css-av-av_image-7ac127a37897e576a320427435b62524\">\n.avia-image-container.av-av_image-7ac127a37897e576a320427435b62524 img.avia_image{\nbox-shadow:none;\n}\n.avia-image-container.av-av_image-7ac127a37897e576a320427435b62524 .av-image-caption-overlay-center{\ncolor:#ffffff;\n}\n<\/style>\n<div  class='avia-image-container av-av_image-7ac127a37897e576a320427435b62524 av-styling- avia-align-center  avia-builder-el-5  avia-builder-el-no-sibling '   itemprop=\"image\" itemscope=\"itemscope\" itemtype=\"https:\/\/schema.org\/ImageObject\" ><div class=\"avia-image-container-inner\"><div class=\"avia-image-overlay-wrap\"><img decoding=\"async\" class='wp-image-4787 avia-img-lazy-loading-not-4787 avia_image ' src=\"https:\/\/www.lernreg.de\/wp-content\/uploads\/2022\/01\/Foto-Homepage-212x300.jpg\" alt='' title='Foto Homepage'  height=\"300\" width=\"212\"  itemprop=\"thumbnailUrl\" srcset=\"https:\/\/www.lernreg.de\/wp-content\/uploads\/2022\/01\/Foto-Homepage-212x300.jpg 212w, https:\/\/www.lernreg.de\/wp-content\/uploads\/2022\/01\/Foto-Homepage-499x705.jpg 499w, https:\/\/www.lernreg.de\/wp-content\/uploads\/2022\/01\/Foto-Homepage-450x636.jpg 450w, https:\/\/www.lernreg.de\/wp-content\/uploads\/2022\/01\/Foto-Homepage.jpg 645w\" sizes=\"(max-width: 212px) 100vw, 212px\" \/><\/div><\/div><\/div><\/div>\n<section  class='av_textblock_section av-av_textblock-2de302bf1aa3cf4c9157dbe6f50ac7eb'  itemscope=\"itemscope\" itemtype=\"https:\/\/schema.org\/CreativeWork\" ><div class='avia_textblock'  itemprop=\"text\" ><p>\u00dcbrigens: Zu dem Projekt hat auch Charivari berichtet. Die Folge &#8222;Treffpunkt Mittag Schwandorf&#8220; vom 25.01.2022 k\u00f6nnen Sie <a href=\"https:\/\/www.charivari.com\/mediathek\/podcast\/treffpunkt-mittag\/\">hier<\/a> nachh\u00f6ren.<\/p>\n<\/div><\/section>\n\n<style type=\"text\/css\" data-created_by=\"avia_inline_auto\" id=\"style-css-av-av_hr-4474f20d2389e2e5ecf918a02da5132e\">\n#top .hr.hr-invisible.av-av_hr-4474f20d2389e2e5ecf918a02da5132e{\nheight:50px;\n}\n<\/style>\n<div  class='hr av-av_hr-4474f20d2389e2e5ecf918a02da5132e hr-invisible  avia-builder-el-7  el_after_av_textblock  el_before_av_one_half '><span class='hr-inner '><span class=\"hr-inner-style\"><\/span><\/span><\/div>\n<div class='flex_column av-av_one_half-2a9015ff38129c418a3f2eafba3e9512 av_one_half  avia-builder-el-8  el_after_av_hr  el_before_av_one_half  first flex_column_div '     ><style type=\"text\/css\" data-created_by=\"avia_inline_auto\" id=\"style-css-av-av_image-3d5788a1416f59be408d28d91c96b8c4\">\n.avia-image-container.av-av_image-3d5788a1416f59be408d28d91c96b8c4 img.avia_image{\nbox-shadow:none;\n}\n.avia-image-container.av-av_image-3d5788a1416f59be408d28d91c96b8c4 .av-image-caption-overlay-center{\ncolor:#ffffff;\n}\n<\/style>\n<div  class='avia-image-container av-av_image-3d5788a1416f59be408d28d91c96b8c4 av-styling- avia-align-center  avia-builder-el-9  avia-builder-el-no-sibling '   itemprop=\"image\" itemscope=\"itemscope\" itemtype=\"https:\/\/schema.org\/ImageObject\" ><div class=\"avia-image-container-inner\"><div class=\"avia-image-overlay-wrap\"><img decoding=\"async\" class='wp-image-3994 avia-img-lazy-loading-not-3994 avia_image ' src=\"https:\/\/www.lernreg.de\/wp-content\/uploads\/2021\/10\/family-1866868_1920-1030x687.jpg\" alt='' title='family-1866868_1920'  height=\"687\" width=\"1030\"  itemprop=\"thumbnailUrl\" srcset=\"https:\/\/www.lernreg.de\/wp-content\/uploads\/2021\/10\/family-1866868_1920-1030x687.jpg 1030w, https:\/\/www.lernreg.de\/wp-content\/uploads\/2021\/10\/family-1866868_1920-300x200.jpg 300w, https:\/\/www.lernreg.de\/wp-content\/uploads\/2021\/10\/family-1866868_1920-768x512.jpg 768w, https:\/\/www.lernreg.de\/wp-content\/uploads\/2021\/10\/family-1866868_1920-1536x1024.jpg 1536w, https:\/\/www.lernreg.de\/wp-content\/uploads\/2021\/10\/family-1866868_1920-1500x1000.jpg 1500w, https:\/\/www.lernreg.de\/wp-content\/uploads\/2021\/10\/family-1866868_1920-705x470.jpg 705w, https:\/\/www.lernreg.de\/wp-content\/uploads\/2021\/10\/family-1866868_1920-450x300.jpg 450w, https:\/\/www.lernreg.de\/wp-content\/uploads\/2021\/10\/family-1866868_1920.jpg 1920w\" sizes=\"(max-width: 1030px) 100vw, 1030px\" \/><\/div><\/div><\/div><\/div>\n\n<style type=\"text\/css\" data-created_by=\"avia_inline_auto\" id=\"style-css-av-av_one_half-c8fc129dc35fd1ae2a1e410224d39ea8\">\n.flex_column.av-av_one_half-c8fc129dc35fd1ae2a1e410224d39ea8{\n-webkit-border-radius:0px 0px 0px 0px;\n-moz-border-radius:0px 0px 0px 0px;\nborder-radius:0px 0px 0px 0px;\npadding:0px 0px 0px 0px;\n}\n<\/style>\n<div class='flex_column av-av_one_half-c8fc129dc35fd1ae2a1e410224d39ea8 av_one_half  avia-builder-el-10  el_after_av_one_half  el_before_av_hr  flex_column_div av-zero-column-padding '     ><section  class='av_textblock_section av-av_textblock-2de302bf1aa3cf4c9157dbe6f50ac7eb'  itemscope=\"itemscope\" itemtype=\"https:\/\/schema.org\/CreativeWork\" ><div class='avia_textblock'  itemprop=\"text\" ><div id=\"c1290\" class=\"csc-default\">\n<p>Wenn es darum geht, junge Menschen f\u00fcr die Welt rund um Mathematik, Informatik, Naturwissenschaft und Technik zu begeistern, spielen vor allem die Eltern eine sehr wichtige Rolle. Sie pr\u00e4gen die Interessen und ersten Eindr\u00fccke der Kinder und unterst\u00fctzen sie dabei, wenn es darum geht, ihre Talente zu entdecken.<\/p>\n<p>Daher wollen wir Eltern in Zukunft mehr in den Blick nehmen und ihnen Unterst\u00fctzung anbieten. In den kommenden Tagen und Wochen wird es Informationen und Angebote geben, mit denen Eltern bei der F\u00f6rderung ihrer Kinder unterst\u00fctzt werden sollen. So wird es einen Ratgeber mit niederschwelligen Informationen geben, sowie weitere digitale Angebote und Gespr\u00e4che &#8222;vor Ort&#8220;.<\/p>\n<p>Sollten Sie als Eltern Anliegen oder Themen haben, die Ihnen im Zusammenhang mit MINT wichtig sind, melden Sie sich gerne jederzeit beim MINT-Management unter 09431 471-601 oder unter\u00a0<a>Rebecca.Zinkl@lernreg.de<\/a>.<\/p>\n<p>N\u00e4heres gibt es demn\u00e4chst auf dieser Seite. Bleiben Sie gespannt!<\/p>\n<\/div>\n<div id=\"c1288\" class=\"csc-default\">\n<h2><\/h2>\n<\/div>\n<\/div><\/section><\/div>\n\n<style type=\"text\/css\" data-created_by=\"avia_inline_auto\" id=\"style-css-av-av_hr-4474f20d2389e2e5ecf918a02da5132e\">\n#top .hr.hr-invisible.av-av_hr-4474f20d2389e2e5ecf918a02da5132e{\nheight:50px;\n}\n<\/style>\n<div  class='hr av-av_hr-4474f20d2389e2e5ecf918a02da5132e hr-invisible  avia-builder-el-12  el_after_av_one_half  el_before_av_one_full '><span class='hr-inner '><span class=\"hr-inner-style\"><\/span><\/span><\/div>\n\n<style type=\"text\/css\" data-created_by=\"avia_inline_auto\" id=\"style-css-av-av_one_full-15d750bd1b332b34c6e70b077ebbccdf\">\n.flex_column.av-av_one_full-15d750bd1b332b34c6e70b077ebbccdf{\n-webkit-border-radius:0px 0px 0px 0px;\n-moz-border-radius:0px 0px 0px 0px;\nborder-radius:0px 0px 0px 0px;\npadding:0px 0px 0px 0px;\n}\n<\/style>\n<div class='flex_column av-av_one_full-15d750bd1b332b34c6e70b077ebbccdf av_one_full  avia-builder-el-13  el_after_av_hr  el_before_av_one_full  first flex_column_div av-zero-column-padding '     ><article  class='iconbox iconbox_left av-av_icon_box-b80b70efcf377678aa78201a70d1db04  avia-builder-el-14  avia-builder-el-no-sibling '  itemscope=\"itemscope\" itemtype=\"https:\/\/schema.org\/CreativeWork\" ><div class=\"iconbox_content\"><header class=\"entry-content-header\"><div class=\"iconbox_icon heading-color\" aria-hidden='true' data-av_icon='\ue848' data-av_iconfont='entypo-fontello'><\/div><h3 class='iconbox_content_title '  itemprop=\"headline\" >Wissenskan\u00e4le auf Youtube und Instagram<\/h3><\/header><div class='iconbox_content_container '  itemprop=\"text\" ><p>Apptipps: Kan\u00e4le zur Wissensvermittlung finden auf Youtube und Instagram finden Sie hier. &#8211;&gt;<a href=\"https:\/\/www.lernreg.de\/wp-content\/uploads\/2021\/11\/DS-Group.pdf\">DS Group<\/a><\/p>\n<\/div><\/div><footer class=\"entry-footer\"><\/footer><\/article><\/div>\n\n<style type=\"text\/css\" data-created_by=\"avia_inline_auto\" id=\"style-css-av-av_one_full-15d750bd1b332b34c6e70b077ebbccdf\">\n.flex_column.av-av_one_full-15d750bd1b332b34c6e70b077ebbccdf{\n-webkit-border-radius:0px 0px 0px 0px;\n-moz-border-radius:0px 0px 0px 0px;\nborder-radius:0px 0px 0px 0px;\npadding:0px 0px 0px 0px;\n}\n<\/style>\n<div class='flex_column av-av_one_full-15d750bd1b332b34c6e70b077ebbccdf av_one_full  avia-builder-el-15  el_after_av_one_full  avia-builder-el-last  first flex_column_div av-zero-column-padding column-top-margin'     ><article  class='iconbox iconbox_left av-av_icon_box-8fd69f6b712d70fc5d331b1c3bd60e67  avia-builder-el-16  avia-builder-el-no-sibling '  itemscope=\"itemscope\" itemtype=\"https:\/\/schema.org\/CreativeWork\" ><div class=\"iconbox_content\"><header class=\"entry-content-header\"><div class=\"iconbox_icon heading-color\" aria-hidden='true' data-av_icon='\ue8ea' data-av_iconfont='entypo-fontello'><\/div><h3 class='iconbox_content_title '  itemprop=\"headline\" ><a href='https:\/\/www.lernreg.de\/wp-content\/uploads\/2021\/12\/Sammlung-Spiele.pdf' title='Spieletipps zur MINT-Bildung'  >Spieletipps zur MINT-Bildung<\/a><\/h3><\/header><div class='iconbox_content_container '  itemprop=\"text\" ><p>Tipps zu digitalen und analogen Spielen, die f\u00fcr die Vermittlung von MINT geeignet sind, finden Sie <a href=\"https:\/\/www.lernreg.de\/wp-content\/uploads\/2021\/12\/Sammlung-Spiele.pdf\">hier<\/a>.<\/p>\n<\/div><\/div><footer class=\"entry-footer\"><\/footer><\/article><\/div>\n","protected":false},"excerpt":{"rendered":"<p>MINT <\/p>\n","protected":false},"author":1,"featured_media":0,"parent":0,"menu_order":0,"comment_status":"open","ping_status":"open","template":"","meta":{"footnotes":""},"class_list":["post-3993","page","type-page","status-publish","hentry"],"yoast_head":"<!-- This site is optimized with the Yoast SEO plugin v26.4 - https:\/\/yoast.com\/wordpress\/plugins\/seo\/ -->\n<title>MINT und Eltern - Lernende Region Schwandorf<\/title>\n<meta name=\"robots\" content=\"index, follow, max-snippet:-1, max-image-preview:large, max-video-preview:-1\" \/>\n<link rel=\"canonical\" href=\"https:\/\/www.lernreg.de\/index.php\/mint-und-eltern\/\" \/>\n<meta property=\"og:locale\" content=\"de_DE\" \/>\n<meta property=\"og:type\" content=\"article\" \/>\n<meta property=\"og:title\" content=\"MINT und Eltern - Lernende Region Schwandorf\" \/>\n<meta property=\"og:description\" content=\"MINT\" \/>\n<meta property=\"og:url\" content=\"https:\/\/www.lernreg.de\/index.php\/mint-und-eltern\/\" \/>\n<meta property=\"og:site_name\" content=\"Lernende Region Schwandorf\" \/>\n<meta property=\"article:modified_time\" content=\"2022-02-02T16:22:07+00:00\" \/>\n<meta name=\"twitter:card\" content=\"summary_large_image\" \/>\n<meta name=\"twitter:label1\" content=\"Gesch\u00e4tzte Lesezeit\" \/>\n\t<meta name=\"twitter:data1\" content=\"6\u00a0Minuten\" \/>\n<script type=\"application\/ld+json\" class=\"yoast-schema-graph\">{\"@context\":\"https:\/\/schema.org\",\"@graph\":[{\"@type\":\"WebPage\",\"@id\":\"https:\/\/www.lernreg.de\/index.php\/mint-und-eltern\/\",\"url\":\"https:\/\/www.lernreg.de\/index.php\/mint-und-eltern\/\",\"name\":\"MINT und Eltern - Lernende Region Schwandorf\",\"isPartOf\":{\"@id\":\"https:\/\/www.lernreg.de\/#website\"},\"datePublished\":\"2021-10-18T08:12:07+00:00\",\"dateModified\":\"2022-02-02T16:22:07+00:00\",\"breadcrumb\":{\"@id\":\"https:\/\/www.lernreg.de\/index.php\/mint-und-eltern\/#breadcrumb\"},\"inLanguage\":\"de\",\"potentialAction\":[{\"@type\":\"ReadAction\",\"target\":[\"https:\/\/www.lernreg.de\/index.php\/mint-und-eltern\/\"]}]},{\"@type\":\"BreadcrumbList\",\"@id\":\"https:\/\/www.lernreg.de\/index.php\/mint-und-eltern\/#breadcrumb\",\"itemListElement\":[{\"@type\":\"ListItem\",\"position\":1,\"name\":\"Startseite\",\"item\":\"https:\/\/www.lernreg.de\/index.php\/homepage\/\"},{\"@type\":\"ListItem\",\"position\":2,\"name\":\"MINT und Eltern\"}]},{\"@type\":\"WebSite\",\"@id\":\"https:\/\/www.lernreg.de\/#website\",\"url\":\"https:\/\/www.lernreg.de\/\",\"name\":\"Lernende Region Schwandorf\",\"description\":\"Freiwilligenagentur, Bildung\",\"publisher\":{\"@id\":\"https:\/\/www.lernreg.de\/#organization\"},\"potentialAction\":[{\"@type\":\"SearchAction\",\"target\":{\"@type\":\"EntryPoint\",\"urlTemplate\":\"https:\/\/www.lernreg.de\/?s={search_term_string}\"},\"query-input\":{\"@type\":\"PropertyValueSpecification\",\"valueRequired\":true,\"valueName\":\"search_term_string\"}}],\"inLanguage\":\"de\"},{\"@type\":\"Organization\",\"@id\":\"https:\/\/www.lernreg.de\/#organization\",\"name\":\"Die Lernende Region Schwandorf e.V. ist ein regionales Netzwerk f\u00fcr den Landkreis Schwandorf mit den Schwerpunkten\u00a0Bildung\u00a0und\u00a0Ehrenamt: Im\u00a0Bildungsbereich\u00a0strebt die Lernende Region Schwandorf eine nachhaltige Verbesserung der Ausbildungs-, Besch\u00e4ftigungs- und Lebenssituation aller B\u00fcrgerinnen und B\u00fcrger\u00a0der Region an. Beispiele hierf\u00fcr sind die j\u00e4hrliche Bildungsmesse in Maxh\u00fctte-Haidhof sowie die Durchf\u00fchrung des Projekts \u201eMINT-Netzwerke Bayern\u201c.\",\"url\":\"https:\/\/www.lernreg.de\/\",\"logo\":{\"@type\":\"ImageObject\",\"inLanguage\":\"de\",\"@id\":\"https:\/\/www.lernreg.de\/#\/schema\/logo\/image\/\",\"url\":\"https:\/\/www.lernreg.de\/wp-content\/uploads\/2021\/08\/Logo-LernReg-transparent.png\",\"contentUrl\":\"https:\/\/www.lernreg.de\/wp-content\/uploads\/2021\/08\/Logo-LernReg-transparent.png\",\"width\":400,\"height\":228,\"caption\":\"Die Lernende Region Schwandorf e.V. ist ein regionales Netzwerk f\u00fcr den Landkreis Schwandorf mit den Schwerpunkten\u00a0Bildung\u00a0und\u00a0Ehrenamt: Im\u00a0Bildungsbereich\u00a0strebt die Lernende Region Schwandorf eine nachhaltige Verbesserung der Ausbildungs-, Besch\u00e4ftigungs- und Lebenssituation aller B\u00fcrgerinnen und B\u00fcrger\u00a0der Region an. Beispiele hierf\u00fcr sind die j\u00e4hrliche Bildungsmesse in Maxh\u00fctte-Haidhof sowie die Durchf\u00fchrung des Projekts \u201eMINT-Netzwerke Bayern\u201c.\"},\"image\":{\"@id\":\"https:\/\/www.lernreg.de\/#\/schema\/logo\/image\/\"}}]}<\/script>\n<!-- \/ Yoast SEO plugin. -->","yoast_head_json":{"title":"MINT und Eltern - Lernende Region Schwandorf","robots":{"index":"index","follow":"follow","max-snippet":"max-snippet:-1","max-image-preview":"max-image-preview:large","max-video-preview":"max-video-preview:-1"},"canonical":"https:\/\/www.lernreg.de\/index.php\/mint-und-eltern\/","og_locale":"de_DE","og_type":"article","og_title":"MINT und Eltern - Lernende Region Schwandorf","og_description":"MINT","og_url":"https:\/\/www.lernreg.de\/index.php\/mint-und-eltern\/","og_site_name":"Lernende Region Schwandorf","article_modified_time":"2022-02-02T16:22:07+00:00","twitter_card":"summary_large_image","twitter_misc":{"Gesch\u00e4tzte Lesezeit":"6\u00a0Minuten"},"schema":{"@context":"https:\/\/schema.org","@graph":[{"@type":"WebPage","@id":"https:\/\/www.lernreg.de\/index.php\/mint-und-eltern\/","url":"https:\/\/www.lernreg.de\/index.php\/mint-und-eltern\/","name":"MINT und Eltern - Lernende Region Schwandorf","isPartOf":{"@id":"https:\/\/www.lernreg.de\/#website"},"datePublished":"2021-10-18T08:12:07+00:00","dateModified":"2022-02-02T16:22:07+00:00","breadcrumb":{"@id":"https:\/\/www.lernreg.de\/index.php\/mint-und-eltern\/#breadcrumb"},"inLanguage":"de","potentialAction":[{"@type":"ReadAction","target":["https:\/\/www.lernreg.de\/index.php\/mint-und-eltern\/"]}]},{"@type":"BreadcrumbList","@id":"https:\/\/www.lernreg.de\/index.php\/mint-und-eltern\/#breadcrumb","itemListElement":[{"@type":"ListItem","position":1,"name":"Startseite","item":"https:\/\/www.lernreg.de\/index.php\/homepage\/"},{"@type":"ListItem","position":2,"name":"MINT und Eltern"}]},{"@type":"WebSite","@id":"https:\/\/www.lernreg.de\/#website","url":"https:\/\/www.lernreg.de\/","name":"Lernende Region Schwandorf","description":"Freiwilligenagentur, Bildung","publisher":{"@id":"https:\/\/www.lernreg.de\/#organization"},"potentialAction":[{"@type":"SearchAction","target":{"@type":"EntryPoint","urlTemplate":"https:\/\/www.lernreg.de\/?s={search_term_string}"},"query-input":{"@type":"PropertyValueSpecification","valueRequired":true,"valueName":"search_term_string"}}],"inLanguage":"de"},{"@type":"Organization","@id":"https:\/\/www.lernreg.de\/#organization","name":"Die Lernende Region Schwandorf e.V. ist ein regionales Netzwerk f\u00fcr den Landkreis Schwandorf mit den Schwerpunkten\u00a0Bildung\u00a0und\u00a0Ehrenamt: Im\u00a0Bildungsbereich\u00a0strebt die Lernende Region Schwandorf eine nachhaltige Verbesserung der Ausbildungs-, Besch\u00e4ftigungs- und Lebenssituation aller B\u00fcrgerinnen und B\u00fcrger\u00a0der Region an. Beispiele hierf\u00fcr sind die j\u00e4hrliche Bildungsmesse in Maxh\u00fctte-Haidhof sowie die Durchf\u00fchrung des Projekts \u201eMINT-Netzwerke Bayern\u201c.","url":"https:\/\/www.lernreg.de\/","logo":{"@type":"ImageObject","inLanguage":"de","@id":"https:\/\/www.lernreg.de\/#\/schema\/logo\/image\/","url":"https:\/\/www.lernreg.de\/wp-content\/uploads\/2021\/08\/Logo-LernReg-transparent.png","contentUrl":"https:\/\/www.lernreg.de\/wp-content\/uploads\/2021\/08\/Logo-LernReg-transparent.png","width":400,"height":228,"caption":"Die Lernende Region Schwandorf e.V. ist ein regionales Netzwerk f\u00fcr den Landkreis Schwandorf mit den Schwerpunkten\u00a0Bildung\u00a0und\u00a0Ehrenamt: Im\u00a0Bildungsbereich\u00a0strebt die Lernende Region Schwandorf eine nachhaltige Verbesserung der Ausbildungs-, Besch\u00e4ftigungs- und Lebenssituation aller B\u00fcrgerinnen und B\u00fcrger\u00a0der Region an. Beispiele hierf\u00fcr sind die j\u00e4hrliche Bildungsmesse in Maxh\u00fctte-Haidhof sowie die Durchf\u00fchrung des Projekts \u201eMINT-Netzwerke Bayern\u201c."},"image":{"@id":"https:\/\/www.lernreg.de\/#\/schema\/logo\/image\/"}}]}},"_links":{"self":[{"href":"https:\/\/www.lernreg.de\/index.php\/wp-json\/wp\/v2\/pages\/3993","targetHints":{"allow":["GET"]}}],"collection":[{"href":"https:\/\/www.lernreg.de\/index.php\/wp-json\/wp\/v2\/pages"}],"about":[{"href":"https:\/\/www.lernreg.de\/index.php\/wp-json\/wp\/v2\/types\/page"}],"author":[{"embeddable":true,"href":"https:\/\/www.lernreg.de\/index.php\/wp-json\/wp\/v2\/users\/1"}],"replies":[{"embeddable":true,"href":"https:\/\/www.lernreg.de\/index.php\/wp-json\/wp\/v2\/comments?post=3993"}],"version-history":[{"count":11,"href":"https:\/\/www.lernreg.de\/index.php\/wp-json\/wp\/v2\/pages\/3993\/revisions"}],"predecessor-version":[{"id":5615,"href":"https:\/\/www.lernreg.de\/index.php\/wp-json\/wp\/v2\/pages\/3993\/revisions\/5615"}],"wp:attachment":[{"href":"https:\/\/www.lernreg.de\/index.php\/wp-json\/wp\/v2\/media?parent=3993"}],"curies":[{"name":"wp","href":"https:\/\/api.w.org\/{rel}","templated":true}]}}