{"id":3784,"date":"2021-09-10T13:49:21","date_gmt":"2021-09-10T11:49:21","guid":{"rendered":"https:\/\/www.lernreg.de\/Neues%20Verzeichnis\/wordpress\/?page_id=3784"},"modified":"2023-11-30T08:12:36","modified_gmt":"2023-11-30T07:12:36","slug":"publikationen","status":"publish","type":"page","link":"https:\/\/www.lernreg.de\/index.php\/publikationen\/","title":{"rendered":"Publikationen"},"content":{"rendered":"<div id='layer_slider_1'  class='avia-layerslider main_color avia-shadow  avia-builder-el-0  el_before_av_heading  avia-builder-el-first  container_wrap sidebar_right'  style='height: 371px;'  ><\/div><div id='after_layer_slider_1'  class='main_color av_default_container_wrap container_wrap sidebar_right'  ><div class='container av-section-cont-open' ><div class='template-page content  av-content-small alpha units'><div class='post-entry post-entry-type-page post-entry-3784'><div class='entry-content-wrapper clearfix'>\n\n<style type=\"text\/css\" data-created_by=\"avia_inline_auto\" id=\"style-css-av-kesuaw-72be143a1388727c621c71acd9c2acc8\">\n#top .av-special-heading.av-kesuaw-72be143a1388727c621c71acd9c2acc8{\npadding-bottom:10px;\n}\nbody .av-special-heading.av-kesuaw-72be143a1388727c621c71acd9c2acc8 .av-special-heading-tag .heading-char{\nfont-size:25px;\n}\n.av-special-heading.av-kesuaw-72be143a1388727c621c71acd9c2acc8 .av-subheading{\nfont-size:15px;\n}\n<\/style>\n<div  class='av-special-heading av-kesuaw-72be143a1388727c621c71acd9c2acc8 av-special-heading-h3 blockquote modern-quote  avia-builder-el-1  el_after_av_layerslider  el_before_av_hr  avia-builder-el-first '><h3 class='av-special-heading-tag'  itemprop=\"headline\"  >\u2794 PUBLIKATIONEN<\/h3><div class=\"special-heading-border\"><div class=\"special-heading-inner-border\"><\/div><\/div><\/div>\n\n<style type=\"text\/css\" data-created_by=\"avia_inline_auto\" id=\"style-css-av-jh27g8-9833c8fe58f116c142791cbfa47bc809\">\n#top .hr.hr-invisible.av-jh27g8-9833c8fe58f116c142791cbfa47bc809{\nheight:50px;\n}\n<\/style>\n<div  class='hr av-jh27g8-9833c8fe58f116c142791cbfa47bc809 hr-invisible  avia-builder-el-2  el_after_av_heading  el_before_av_one_fifth '><span class='hr-inner '><span class=\"hr-inner-style\"><\/span><\/span><\/div>\n\n<style type=\"text\/css\" data-created_by=\"avia_inline_auto\" id=\"style-css-av-h585rc-bdde0ddae73aead1dc79745ae65586d6\">\n.flex_column.av-h585rc-bdde0ddae73aead1dc79745ae65586d6{\n-webkit-border-radius:0px 0px 0px 0px;\n-moz-border-radius:0px 0px 0px 0px;\nborder-radius:0px 0px 0px 0px;\npadding:0px 0px 0px 0px;\n}\n<\/style>\n<div class='flex_column av-h585rc-bdde0ddae73aead1dc79745ae65586d6 av_one_fifth  avia-builder-el-3  el_after_av_hr  el_before_av_one_fifth  first flex_column_div av-zero-column-padding '     ><style type=\"text\/css\" data-created_by=\"avia_inline_auto\" id=\"style-css-av-fo3v60-9b3e3a5f8465d09d9e34e0a4e9c54e4f\">\n.av_font_icon.av-fo3v60-9b3e3a5f8465d09d9e34e0a4e9c54e4f .av-icon-char{\nfont-size:40px;\nline-height:40px;\nwidth:40px;\n}\n<\/style>\n<span  class='av_font_icon av-fo3v60-9b3e3a5f8465d09d9e34e0a4e9c54e4f avia_animate_when_visible av-icon-style-border avia-icon-pos-center av-no-color avia-icon-animate'><a href='https:\/\/www.lernreg.de\/wp-content\/uploads\/2023\/11\/WEB_lksw_0003_MINT_Broschuere_2023.pdf'  target=\"_blank\"  rel=\"noopener noreferrer\" class='av-icon-char' aria-hidden='true' data-av_icon='\ue84e' data-av_iconfont='entypo-fontello' ><\/a><span class='av_icon_caption av-special-font'>MINTeinander forschen, entdecken und Spa\u00df haben<\/span><\/span><\/div>\n<style type=\"text\/css\" data-created_by=\"avia_inline_auto\" id=\"style-css-av-3jemns-a61ae49ef8175929b9ad0c1e2aa8f76f\">\n.flex_column.av-3jemns-a61ae49ef8175929b9ad0c1e2aa8f76f{\n-webkit-border-radius:0px 0px 0px 0px;\n-moz-border-radius:0px 0px 0px 0px;\nborder-radius:0px 0px 0px 0px;\npadding:0px 0px 0px 0px;\n}\n<\/style>\n<div class='flex_column av-3jemns-a61ae49ef8175929b9ad0c1e2aa8f76f av_one_fifth  avia-builder-el-5  el_after_av_one_fifth  el_before_av_one_fifth  flex_column_div av-zero-column-padding '     ><style type=\"text\/css\" data-created_by=\"avia_inline_auto\" id=\"style-css-av-2sdc2w-00c62109c6a0d7ab42ef558255a75a68\">\n.av_font_icon.av-2sdc2w-00c62109c6a0d7ab42ef558255a75a68 .av-icon-char{\nfont-size:40px;\nline-height:40px;\nwidth:40px;\n}\n<\/style>\n<span  class='av_font_icon av-2sdc2w-00c62109c6a0d7ab42ef558255a75a68 avia_animate_when_visible av-icon-style-border avia-icon-pos-center av-no-color avia-icon-animate'><a href='https:\/\/www.lernreg.de\/wp-content\/uploads\/2022\/01\/MINT-Elternratgeber-A5-Digital.pdf'  target=\"_blank\"  rel=\"noopener noreferrer\" class='av-icon-char' aria-hidden='true' data-av_icon='\ue84e' data-av_iconfont='entypo-fontello' ><\/a><span class='av_icon_caption av-special-font'>MINTeinander entdecken und erleben - Regionale Tipps f\u00fcr Eltern<\/span><\/span><\/div><\/p>\n\n<style type=\"text\/css\" data-created_by=\"avia_inline_auto\" id=\"style-css-av-etx6so-209be3502191d0a906b636977f2db21f\">\n.flex_column.av-etx6so-209be3502191d0a906b636977f2db21f{\n-webkit-border-radius:0px 0px 0px 0px;\n-moz-border-radius:0px 0px 0px 0px;\nborder-radius:0px 0px 0px 0px;\npadding:0px 0px 0px 0px;\n}\n<\/style>\n<div class='flex_column av-etx6so-209be3502191d0a906b636977f2db21f av_one_fifth  avia-builder-el-7  el_after_av_one_fifth  el_before_av_one_fifth  flex_column_div av-zero-column-padding '     ><style type=\"text\/css\" data-created_by=\"avia_inline_auto\" id=\"style-css-av-cychmw-a4de2d3c7cc9b732c64ada5b8cb1ead4\">\n.av_font_icon.av-cychmw-a4de2d3c7cc9b732c64ada5b8cb1ead4 .av-icon-char{\nfont-size:40px;\nline-height:40px;\nwidth:40px;\n}\n<\/style>\n<span  class='av_font_icon av-cychmw-a4de2d3c7cc9b732c64ada5b8cb1ead4 avia_animate_when_visible av-icon-style-border avia-icon-pos-center av-no-color avia-icon-animate'><a href='https:\/\/www.lernreg.de\/fileadmin\/user_upload\/Bildungsmonitoring\/2.Bildungsbericht_LandkreisSchwandorf.pdf'  target=\"_blank\"  rel=\"noopener noreferrer\" class='av-icon-char' aria-hidden='true' data-av_icon='\ue84b' data-av_iconfont='entypo-fontello' ><\/a><span class='av_icon_caption av-special-font'>2. Bildungsbericht f\u00fcr den Landkreis Schwandorf<\/span><\/span><\/div>\n\n<style type=\"text\/css\" data-created_by=\"avia_inline_auto\" id=\"style-css-av-asys54-8a9649d7a01e6755c5d8be572ffa2fad\">\n.flex_column.av-asys54-8a9649d7a01e6755c5d8be572ffa2fad{\n-webkit-border-radius:0px 0px 0px 0px;\n-moz-border-radius:0px 0px 0px 0px;\nborder-radius:0px 0px 0px 0px;\npadding:0px 0px 0px 0px;\n}\n<\/style>\n<div class='flex_column av-asys54-8a9649d7a01e6755c5d8be572ffa2fad av_one_fifth  avia-builder-el-9  el_after_av_one_fifth  el_before_av_one_fifth  flex_column_div av-zero-column-padding '     ><style type=\"text\/css\" data-created_by=\"avia_inline_auto\" id=\"style-css-av-8z3drs-fdd998cbdda829b9ad67d25ae2951de2\">\n.av_font_icon.av-8z3drs-fdd998cbdda829b9ad67d25ae2951de2 .av-icon-char{\nfont-size:40px;\nline-height:40px;\nwidth:40px;\n}\n<\/style>\n<span  class='av_font_icon av-8z3drs-fdd998cbdda829b9ad67d25ae2951de2 avia_animate_when_visible av-icon-style-border avia-icon-pos-center av-no-color avia-icon-animate'><a href='https:\/\/www.lernreg.de\/fileadmin\/user_upload\/Bildungsmonitoring\/Bildungsbericht_Lkr._Schwandorf.pdf'  target=\"_blank\"  rel=\"noopener noreferrer\" class='av-icon-char' aria-hidden='true' data-av_icon='\ue84d' data-av_iconfont='entypo-fontello' ><\/a><span class='av_icon_caption av-special-font'>1. Bildungsbericht f\u00fcr den Landkreis Schwandorf<\/span><\/span><\/div>\n\n<style type=\"text\/css\" data-created_by=\"avia_inline_auto\" id=\"style-css-av-7ho5ns-83981972fb90939cff61755c1502245a\">\n.flex_column.av-7ho5ns-83981972fb90939cff61755c1502245a{\n-webkit-border-radius:0px 0px 0px 0px;\n-moz-border-radius:0px 0px 0px 0px;\nborder-radius:0px 0px 0px 0px;\npadding:0px 0px 0px 0px;\n}\n<\/style>\n<div class='flex_column av-7ho5ns-83981972fb90939cff61755c1502245a av_one_fifth  avia-builder-el-11  el_after_av_one_fifth  el_before_av_one_fifth  flex_column_div av-zero-column-padding '     ><style type=\"text\/css\" data-created_by=\"avia_inline_auto\" id=\"style-css-av-5bp0k8-58234945f2b6f7f1d8b931ca7b61c0b9\">\n.av_font_icon.av-5bp0k8-58234945f2b6f7f1d8b931ca7b61c0b9 .av-icon-char{\nfont-size:40px;\nline-height:40px;\nwidth:40px;\n}\n<\/style>\n<span  class='av_font_icon av-5bp0k8-58234945f2b6f7f1d8b931ca7b61c0b9 avia_animate_when_visible av-icon-style-border avia-icon-pos-center av-no-color avia-icon-animate'><a href='https:\/\/www.lernreg.de\/fileadmin\/user_upload\/Bildungsmonitoring\/Bildungsatlas_2021.pdf'  target=\"_blank\"  rel=\"noopener noreferrer\" class='av-icon-char' aria-hidden='true' data-av_icon='\ue843' data-av_iconfont='entypo-fontello' ><\/a><span class='av_icon_caption av-special-font'>Bildungsatlas<\/span><\/span><\/div>\n\n<style type=\"text\/css\" data-created_by=\"avia_inline_auto\" id=\"style-css-av-4ixkbs-52b1ae9674062832740fbd66c5e83a5b\">\n.flex_column.av-4ixkbs-52b1ae9674062832740fbd66c5e83a5b{\n-webkit-border-radius:0px 0px 0px 0px;\n-moz-border-radius:0px 0px 0px 0px;\nborder-radius:0px 0px 0px 0px;\npadding:0px 0px 0px 0px;\n}\n<\/style>\n<div class='flex_column av-4ixkbs-52b1ae9674062832740fbd66c5e83a5b av_one_fifth  avia-builder-el-13  el_after_av_one_fifth  avia-builder-el-last  first flex_column_div av-zero-column-padding column-top-margin'     ><style type=\"text\/css\" data-created_by=\"avia_inline_auto\" id=\"style-css-av-1zhdt4-72ed4f7da35c60f6cb2526815598e4dc\">\n.av_font_icon.av-1zhdt4-72ed4f7da35c60f6cb2526815598e4dc .av-icon-char{\nfont-size:40px;\nline-height:40px;\nwidth:40px;\n}\n<\/style>\n<span  class='av_font_icon av-1zhdt4-72ed4f7da35c60f6cb2526815598e4dc avia_animate_when_visible av-icon-style-border avia-icon-pos-center av-no-color avia-icon-animate'><a href='https:\/\/www.lernreg.de\/fileadmin\/user_upload\/Fr%C3%BChkindliche_Bildung\/Stark_f%C3%BCrs_Leben_2019.pdf'  target=\"_blank\"  rel=\"noopener noreferrer\" class='av-icon-char' aria-hidden='true' data-av_icon='\ueaeb' data-av_iconfont='icofont' ><\/a><span class='av_icon_caption av-special-font'>Stark f\u00fcrs Leben - Kleine Tipps f\u00fcr einen gro\u00dfen Schritt<\/span><\/span><\/div>\n","protected":false},"excerpt":{"rendered":"<p>Publikationen<\/p>\n","protected":false},"author":1,"featured_media":0,"parent":0,"menu_order":0,"comment_status":"open","ping_status":"open","template":"","meta":{"footnotes":""},"class_list":["post-3784","page","type-page","status-publish","hentry"],"yoast_head":"<!-- This site is optimized with the Yoast SEO plugin v26.4 - https:\/\/yoast.com\/wordpress\/plugins\/seo\/ -->\n<title>Publikationen - Lernende Region Schwandorf<\/title>\n<meta name=\"robots\" content=\"index, follow, max-snippet:-1, max-image-preview:large, max-video-preview:-1\" \/>\n<link rel=\"canonical\" href=\"https:\/\/www.lernreg.de\/index.php\/publikationen\/\" \/>\n<meta property=\"og:locale\" content=\"de_DE\" \/>\n<meta property=\"og:type\" content=\"article\" \/>\n<meta property=\"og:title\" content=\"Publikationen - Lernende Region Schwandorf\" \/>\n<meta property=\"og:description\" content=\"Publikationen\" \/>\n<meta property=\"og:url\" content=\"https:\/\/www.lernreg.de\/index.php\/publikationen\/\" \/>\n<meta property=\"og:site_name\" content=\"Lernende Region Schwandorf\" \/>\n<meta property=\"article:modified_time\" content=\"2023-11-30T07:12:36+00:00\" \/>\n<meta name=\"twitter:card\" content=\"summary_large_image\" \/>\n<meta name=\"twitter:label1\" content=\"Gesch\u00e4tzte Lesezeit\" \/>\n\t<meta name=\"twitter:data1\" content=\"4\u00a0Minuten\" \/>\n<script type=\"application\/ld+json\" class=\"yoast-schema-graph\">{\"@context\":\"https:\/\/schema.org\",\"@graph\":[{\"@type\":\"WebPage\",\"@id\":\"https:\/\/www.lernreg.de\/index.php\/publikationen\/\",\"url\":\"https:\/\/www.lernreg.de\/index.php\/publikationen\/\",\"name\":\"Publikationen - Lernende Region Schwandorf\",\"isPartOf\":{\"@id\":\"https:\/\/www.lernreg.de\/#website\"},\"datePublished\":\"2021-09-10T11:49:21+00:00\",\"dateModified\":\"2023-11-30T07:12:36+00:00\",\"breadcrumb\":{\"@id\":\"https:\/\/www.lernreg.de\/index.php\/publikationen\/#breadcrumb\"},\"inLanguage\":\"de\",\"potentialAction\":[{\"@type\":\"ReadAction\",\"target\":[\"https:\/\/www.lernreg.de\/index.php\/publikationen\/\"]}]},{\"@type\":\"BreadcrumbList\",\"@id\":\"https:\/\/www.lernreg.de\/index.php\/publikationen\/#breadcrumb\",\"itemListElement\":[{\"@type\":\"ListItem\",\"position\":1,\"name\":\"Startseite\",\"item\":\"https:\/\/www.lernreg.de\/index.php\/homepage\/\"},{\"@type\":\"ListItem\",\"position\":2,\"name\":\"Publikationen\"}]},{\"@type\":\"WebSite\",\"@id\":\"https:\/\/www.lernreg.de\/#website\",\"url\":\"https:\/\/www.lernreg.de\/\",\"name\":\"Lernende Region Schwandorf\",\"description\":\"Freiwilligenagentur, Bildung\",\"publisher\":{\"@id\":\"https:\/\/www.lernreg.de\/#organization\"},\"potentialAction\":[{\"@type\":\"SearchAction\",\"target\":{\"@type\":\"EntryPoint\",\"urlTemplate\":\"https:\/\/www.lernreg.de\/?s={search_term_string}\"},\"query-input\":{\"@type\":\"PropertyValueSpecification\",\"valueRequired\":true,\"valueName\":\"search_term_string\"}}],\"inLanguage\":\"de\"},{\"@type\":\"Organization\",\"@id\":\"https:\/\/www.lernreg.de\/#organization\",\"name\":\"Die Lernende Region Schwandorf e.V. ist ein regionales Netzwerk f\u00fcr den Landkreis Schwandorf mit den Schwerpunkten\u00a0Bildung\u00a0und\u00a0Ehrenamt: Im\u00a0Bildungsbereich\u00a0strebt die Lernende Region Schwandorf eine nachhaltige Verbesserung der Ausbildungs-, Besch\u00e4ftigungs- und Lebenssituation aller B\u00fcrgerinnen und B\u00fcrger\u00a0der Region an. Beispiele hierf\u00fcr sind die j\u00e4hrliche Bildungsmesse in Maxh\u00fctte-Haidhof sowie die Durchf\u00fchrung des Projekts \u201eMINT-Netzwerke Bayern\u201c.\",\"url\":\"https:\/\/www.lernreg.de\/\",\"logo\":{\"@type\":\"ImageObject\",\"inLanguage\":\"de\",\"@id\":\"https:\/\/www.lernreg.de\/#\/schema\/logo\/image\/\",\"url\":\"https:\/\/www.lernreg.de\/wp-content\/uploads\/2021\/08\/Logo-LernReg-transparent.png\",\"contentUrl\":\"https:\/\/www.lernreg.de\/wp-content\/uploads\/2021\/08\/Logo-LernReg-transparent.png\",\"width\":400,\"height\":228,\"caption\":\"Die Lernende Region Schwandorf e.V. ist ein regionales Netzwerk f\u00fcr den Landkreis Schwandorf mit den Schwerpunkten\u00a0Bildung\u00a0und\u00a0Ehrenamt: Im\u00a0Bildungsbereich\u00a0strebt die Lernende Region Schwandorf eine nachhaltige Verbesserung der Ausbildungs-, Besch\u00e4ftigungs- und Lebenssituation aller B\u00fcrgerinnen und B\u00fcrger\u00a0der Region an. Beispiele hierf\u00fcr sind die j\u00e4hrliche Bildungsmesse in Maxh\u00fctte-Haidhof sowie die Durchf\u00fchrung des Projekts \u201eMINT-Netzwerke Bayern\u201c.\"},\"image\":{\"@id\":\"https:\/\/www.lernreg.de\/#\/schema\/logo\/image\/\"}}]}<\/script>\n<!-- \/ Yoast SEO plugin. -->","yoast_head_json":{"title":"Publikationen - Lernende Region Schwandorf","robots":{"index":"index","follow":"follow","max-snippet":"max-snippet:-1","max-image-preview":"max-image-preview:large","max-video-preview":"max-video-preview:-1"},"canonical":"https:\/\/www.lernreg.de\/index.php\/publikationen\/","og_locale":"de_DE","og_type":"article","og_title":"Publikationen - Lernende Region Schwandorf","og_description":"Publikationen","og_url":"https:\/\/www.lernreg.de\/index.php\/publikationen\/","og_site_name":"Lernende Region Schwandorf","article_modified_time":"2023-11-30T07:12:36+00:00","twitter_card":"summary_large_image","twitter_misc":{"Gesch\u00e4tzte Lesezeit":"4\u00a0Minuten"},"schema":{"@context":"https:\/\/schema.org","@graph":[{"@type":"WebPage","@id":"https:\/\/www.lernreg.de\/index.php\/publikationen\/","url":"https:\/\/www.lernreg.de\/index.php\/publikationen\/","name":"Publikationen - Lernende Region Schwandorf","isPartOf":{"@id":"https:\/\/www.lernreg.de\/#website"},"datePublished":"2021-09-10T11:49:21+00:00","dateModified":"2023-11-30T07:12:36+00:00","breadcrumb":{"@id":"https:\/\/www.lernreg.de\/index.php\/publikationen\/#breadcrumb"},"inLanguage":"de","potentialAction":[{"@type":"ReadAction","target":["https:\/\/www.lernreg.de\/index.php\/publikationen\/"]}]},{"@type":"BreadcrumbList","@id":"https:\/\/www.lernreg.de\/index.php\/publikationen\/#breadcrumb","itemListElement":[{"@type":"ListItem","position":1,"name":"Startseite","item":"https:\/\/www.lernreg.de\/index.php\/homepage\/"},{"@type":"ListItem","position":2,"name":"Publikationen"}]},{"@type":"WebSite","@id":"https:\/\/www.lernreg.de\/#website","url":"https:\/\/www.lernreg.de\/","name":"Lernende Region Schwandorf","description":"Freiwilligenagentur, Bildung","publisher":{"@id":"https:\/\/www.lernreg.de\/#organization"},"potentialAction":[{"@type":"SearchAction","target":{"@type":"EntryPoint","urlTemplate":"https:\/\/www.lernreg.de\/?s={search_term_string}"},"query-input":{"@type":"PropertyValueSpecification","valueRequired":true,"valueName":"search_term_string"}}],"inLanguage":"de"},{"@type":"Organization","@id":"https:\/\/www.lernreg.de\/#organization","name":"Die Lernende Region Schwandorf e.V. ist ein regionales Netzwerk f\u00fcr den Landkreis Schwandorf mit den Schwerpunkten\u00a0Bildung\u00a0und\u00a0Ehrenamt: Im\u00a0Bildungsbereich\u00a0strebt die Lernende Region Schwandorf eine nachhaltige Verbesserung der Ausbildungs-, Besch\u00e4ftigungs- und Lebenssituation aller B\u00fcrgerinnen und B\u00fcrger\u00a0der Region an. Beispiele hierf\u00fcr sind die j\u00e4hrliche Bildungsmesse in Maxh\u00fctte-Haidhof sowie die Durchf\u00fchrung des Projekts \u201eMINT-Netzwerke Bayern\u201c.","url":"https:\/\/www.lernreg.de\/","logo":{"@type":"ImageObject","inLanguage":"de","@id":"https:\/\/www.lernreg.de\/#\/schema\/logo\/image\/","url":"https:\/\/www.lernreg.de\/wp-content\/uploads\/2021\/08\/Logo-LernReg-transparent.png","contentUrl":"https:\/\/www.lernreg.de\/wp-content\/uploads\/2021\/08\/Logo-LernReg-transparent.png","width":400,"height":228,"caption":"Die Lernende Region Schwandorf e.V. ist ein regionales Netzwerk f\u00fcr den Landkreis Schwandorf mit den Schwerpunkten\u00a0Bildung\u00a0und\u00a0Ehrenamt: Im\u00a0Bildungsbereich\u00a0strebt die Lernende Region Schwandorf eine nachhaltige Verbesserung der Ausbildungs-, Besch\u00e4ftigungs- und Lebenssituation aller B\u00fcrgerinnen und B\u00fcrger\u00a0der Region an. Beispiele hierf\u00fcr sind die j\u00e4hrliche Bildungsmesse in Maxh\u00fctte-Haidhof sowie die Durchf\u00fchrung des Projekts \u201eMINT-Netzwerke Bayern\u201c."},"image":{"@id":"https:\/\/www.lernreg.de\/#\/schema\/logo\/image\/"}}]}},"_links":{"self":[{"href":"https:\/\/www.lernreg.de\/index.php\/wp-json\/wp\/v2\/pages\/3784","targetHints":{"allow":["GET"]}}],"collection":[{"href":"https:\/\/www.lernreg.de\/index.php\/wp-json\/wp\/v2\/pages"}],"about":[{"href":"https:\/\/www.lernreg.de\/index.php\/wp-json\/wp\/v2\/types\/page"}],"author":[{"embeddable":true,"href":"https:\/\/www.lernreg.de\/index.php\/wp-json\/wp\/v2\/users\/1"}],"replies":[{"embeddable":true,"href":"https:\/\/www.lernreg.de\/index.php\/wp-json\/wp\/v2\/comments?post=3784"}],"version-history":[{"count":7,"href":"https:\/\/www.lernreg.de\/index.php\/wp-json\/wp\/v2\/pages\/3784\/revisions"}],"predecessor-version":[{"id":6155,"href":"https:\/\/www.lernreg.de\/index.php\/wp-json\/wp\/v2\/pages\/3784\/revisions\/6155"}],"wp:attachment":[{"href":"https:\/\/www.lernreg.de\/index.php\/wp-json\/wp\/v2\/media?parent=3784"}],"curies":[{"name":"wp","href":"https:\/\/api.w.org\/{rel}","templated":true}]}}