{"id":3637,"date":"2021-09-07T16:43:26","date_gmt":"2021-09-07T14:43:26","guid":{"rendered":"https:\/\/www.lernreg.de\/Neues%20Verzeichnis\/wordpress\/?page_id=3637"},"modified":"2021-11-05T12:10:24","modified_gmt":"2021-11-05T11:10:24","slug":"arabisches-catering","status":"publish","type":"page","link":"https:\/\/www.lernreg.de\/index.php\/arabisches-catering\/","title":{"rendered":"Arabisches Catering"},"content":{"rendered":"<div id='layer_slider_1'  class='avia-layerslider main_color avia-shadow  avia-builder-el-0  el_before_av_section  avia-builder-el-first  container_wrap sidebar_right'  style='height: 351px;'  ><\/div>\n<div id='av_section_1'  class='avia-section av-av_section-33f4523bebbd4edb4ade54a5d81fd0b1 alternate_color avia-section-large avia-shadow  avia-builder-el-1  el_after_av_layerslider  avia-builder-el-last  avia-bg-style-scroll container_wrap sidebar_right'  ><div class='container av-section-cont-open' ><div class='template-page content  av-content-small alpha units'><div class='post-entry post-entry-type-page post-entry-3637'><div class='entry-content-wrapper clearfix'>\n\n<style type=\"text\/css\" data-created_by=\"avia_inline_auto\" id=\"style-css-av-av_one_full-15d750bd1b332b34c6e70b077ebbccdf\">\n.flex_column.av-av_one_full-15d750bd1b332b34c6e70b077ebbccdf{\n-webkit-border-radius:0px 0px 0px 0px;\n-moz-border-radius:0px 0px 0px 0px;\nborder-radius:0px 0px 0px 0px;\npadding:0px 0px 0px 0px;\n}\n<\/style>\n<div class='flex_column av-av_one_full-15d750bd1b332b34c6e70b077ebbccdf av_one_full  avia-builder-el-2  avia-builder-el-no-sibling  first flex_column_div av-zero-column-padding '     ><section  class='av_textblock_section av-av_textblock-2de302bf1aa3cf4c9157dbe6f50ac7eb'  itemscope=\"itemscope\" itemtype=\"https:\/\/schema.org\/CreativeWork\" ><div class='avia_textblock'  itemprop=\"text\" ><h3>Pilotprojekt &#8222;Arabisches Catering&#8220;<\/h3>\n<\/div><\/section><br \/>\n<section  class='av_textblock_section av-av_textblock-2de302bf1aa3cf4c9157dbe6f50ac7eb'  itemscope=\"itemscope\" itemtype=\"https:\/\/schema.org\/CreativeWork\" ><div class='avia_textblock'  itemprop=\"text\" ><p><b>Allgemeines<\/b><\/p>\n<p>Im Jahr 2018 wurde das Projekt Arabisches Catering zur beruflichen Orientierung und Mobilisierung von gefl\u00fcchteten Frauen in Neunburg v.W. durchgef\u00fchrt.\u00a0Es handelte sich um eine Kooperation der Lernenden Region Schwandorf e.V. und der Initiative Integration SAD. Gef\u00f6rdert wurde das Projekt durch Mittel des Bayerischen Staatsministeriums des Inneren und f\u00fcr Integration.<\/p>\n<p>Weitere Informationen finden Sie\u00a0<a title=\"Opens internal link in new window\" href=\"https:\/\/www.lernreg.de\/fileadmin\/user_upload\/Formulare\/Dorsch\/Flyer_Arabisches_Catering.pdf\" target=\"_blank\" rel=\"noopener\">hier<\/a>.<\/p>\n<\/div><\/section><br \/>\n\n<style type=\"text\/css\" data-created_by=\"avia_inline_auto\" id=\"style-css-av-av_hr-4474f20d2389e2e5ecf918a02da5132e\">\n#top .hr.hr-invisible.av-av_hr-4474f20d2389e2e5ecf918a02da5132e{\nheight:50px;\n}\n<\/style>\n<div  class='hr av-av_hr-4474f20d2389e2e5ecf918a02da5132e hr-invisible  avia-builder-el-5  el_after_av_textblock  el_before_av_masonry_gallery  avia-builder-el-last '><span class='hr-inner '><span class=\"hr-inner-style\"><\/span><\/span><\/div><br \/>\n<div id='av-masonry-1' class='av-masonry av-av_masonry_gallery-72dcb4070b8d242d29aa471c2720cbca noHover av-flex-size av-large-gap av-hover-overlay-active av-masonry-animation-active av-masonry-col-3 av-caption-always av-caption-style- av-masonry-gallery ' data-post_id=\"3637\"><div class=\"av-masonry-container isotope av-js-disabled\"><div class='av-masonry-entry isotope-item av-masonry-item-no-image '><\/div><a href=\"https:\/\/www.lernreg.de\/wp-content\/uploads\/2021\/09\/csm_Amaradin_8721980e34.jpg\" data-srcset=\"https:\/\/www.lernreg.de\/wp-content\/uploads\/2021\/09\/csm_Amaradin_8721980e34.jpg 450w, https:\/\/www.lernreg.de\/wp-content\/uploads\/2021\/09\/csm_Amaradin_8721980e34-225x300.jpg 225w\" data-sizes=\"(max-width: 450px) 100vw, 450px\"  aria-label=\"Bild csm_Amaradin_8721980e34\"  id='av-masonry-1-item-3638' data-av-masonry-item='3638' class='av-masonry-entry isotope-item post-3638 attachment type-attachment status-inherit hentry  av-masonry-item-with-image' title=\"csm_Amaradin_8721980e34\" alt=\"\"    itemprop=\"thumbnailUrl\" ><div class='av-inner-masonry-sizer'><\/div><figure class='av-inner-masonry main_color'><div class=\"av-masonry-outerimage-container\"><div class='av-masonry-image-container'   ><img decoding=\"async\" width=\"450\" height=\"600\" class=\"wp-image-3638 avia-img-lazy-loading-not-3638\"  src=\"https:\/\/www.lernreg.de\/wp-content\/uploads\/2021\/09\/csm_Amaradin_8721980e34.jpg\" title=\"csm_Amaradin_8721980e34\" alt=\"\" srcset=\"https:\/\/www.lernreg.de\/wp-content\/uploads\/2021\/09\/csm_Amaradin_8721980e34.jpg 450w, https:\/\/www.lernreg.de\/wp-content\/uploads\/2021\/09\/csm_Amaradin_8721980e34-225x300.jpg 225w\" sizes=\"(max-width: 450px) 100vw, 450px\" \/><\/div><\/div><\/figure><\/a><!--end av-masonry entry--><a href=\"https:\/\/www.lernreg.de\/wp-content\/uploads\/2021\/09\/csm_Arabisches_Brot_fb9241a468.jpg\" data-srcset=\"https:\/\/www.lernreg.de\/wp-content\/uploads\/2021\/09\/csm_Arabisches_Brot_fb9241a468.jpg 800w, https:\/\/www.lernreg.de\/wp-content\/uploads\/2021\/09\/csm_Arabisches_Brot_fb9241a468-300x225.jpg 300w, https:\/\/www.lernreg.de\/wp-content\/uploads\/2021\/09\/csm_Arabisches_Brot_fb9241a468-768x576.jpg 768w, https:\/\/www.lernreg.de\/wp-content\/uploads\/2021\/09\/csm_Arabisches_Brot_fb9241a468-705x529.jpg 705w, https:\/\/www.lernreg.de\/wp-content\/uploads\/2021\/09\/csm_Arabisches_Brot_fb9241a468-450x338.jpg 450w\" data-sizes=\"(max-width: 800px) 100vw, 800px\"  aria-label=\"Bild csm_Arabisches_Brot_fb9241a468\"  id='av-masonry-1-item-3639' data-av-masonry-item='3639' class='av-masonry-entry isotope-item post-3639 attachment type-attachment status-inherit hentry  av-masonry-item-with-image' title=\"csm_Arabisches_Brot_fb9241a468\" alt=\"\"    itemprop=\"thumbnailUrl\" ><div class='av-inner-masonry-sizer'><\/div><figure class='av-inner-masonry main_color'><div class=\"av-masonry-outerimage-container\"><div class='av-masonry-image-container'   ><img decoding=\"async\" width=\"705\" height=\"529\" class=\"wp-image-3639 avia-img-lazy-loading-not-3639\"  src=\"https:\/\/www.lernreg.de\/wp-content\/uploads\/2021\/09\/csm_Arabisches_Brot_fb9241a468-705x529.jpg\" title=\"csm_Arabisches_Brot_fb9241a468\" alt=\"\" srcset=\"https:\/\/www.lernreg.de\/wp-content\/uploads\/2021\/09\/csm_Arabisches_Brot_fb9241a468-705x529.jpg 705w, https:\/\/www.lernreg.de\/wp-content\/uploads\/2021\/09\/csm_Arabisches_Brot_fb9241a468-300x225.jpg 300w, https:\/\/www.lernreg.de\/wp-content\/uploads\/2021\/09\/csm_Arabisches_Brot_fb9241a468-768x576.jpg 768w, https:\/\/www.lernreg.de\/wp-content\/uploads\/2021\/09\/csm_Arabisches_Brot_fb9241a468-450x338.jpg 450w, https:\/\/www.lernreg.de\/wp-content\/uploads\/2021\/09\/csm_Arabisches_Brot_fb9241a468.jpg 800w\" sizes=\"(max-width: 705px) 100vw, 705px\" \/><\/div><\/div><\/figure><\/a><!--end av-masonry entry--><a href=\"https:\/\/www.lernreg.de\/wp-content\/uploads\/2021\/09\/csm_Buffet_deftig_d3423f4fa4-1.jpg\" data-srcset=\"https:\/\/www.lernreg.de\/wp-content\/uploads\/2021\/09\/csm_Buffet_deftig_d3423f4fa4-1.jpg 800w, https:\/\/www.lernreg.de\/wp-content\/uploads\/2021\/09\/csm_Buffet_deftig_d3423f4fa4-1-300x225.jpg 300w, https:\/\/www.lernreg.de\/wp-content\/uploads\/2021\/09\/csm_Buffet_deftig_d3423f4fa4-1-768x576.jpg 768w, https:\/\/www.lernreg.de\/wp-content\/uploads\/2021\/09\/csm_Buffet_deftig_d3423f4fa4-1-705x529.jpg 705w, https:\/\/www.lernreg.de\/wp-content\/uploads\/2021\/09\/csm_Buffet_deftig_d3423f4fa4-1-450x338.jpg 450w\" data-sizes=\"(max-width: 800px) 100vw, 800px\"  aria-label=\"Bild csm_Buffet_deftig_d3423f4fa4\"  id='av-masonry-1-item-3640' data-av-masonry-item='3640' class='av-masonry-entry isotope-item post-3640 attachment type-attachment status-inherit hentry  av-masonry-item-with-image' title=\"csm_Buffet_deftig_d3423f4fa4\" alt=\"\"    itemprop=\"thumbnailUrl\" ><div class='av-inner-masonry-sizer'><\/div><figure class='av-inner-masonry main_color'><div class=\"av-masonry-outerimage-container\"><div class='av-masonry-image-container'   ><img decoding=\"async\" width=\"705\" height=\"529\" class=\"wp-image-3640 avia-img-lazy-loading-not-3640\"  src=\"https:\/\/www.lernreg.de\/wp-content\/uploads\/2021\/09\/csm_Buffet_deftig_d3423f4fa4-1-705x529.jpg\" title=\"csm_Buffet_deftig_d3423f4fa4\" alt=\"\" srcset=\"https:\/\/www.lernreg.de\/wp-content\/uploads\/2021\/09\/csm_Buffet_deftig_d3423f4fa4-1-705x529.jpg 705w, https:\/\/www.lernreg.de\/wp-content\/uploads\/2021\/09\/csm_Buffet_deftig_d3423f4fa4-1-300x225.jpg 300w, https:\/\/www.lernreg.de\/wp-content\/uploads\/2021\/09\/csm_Buffet_deftig_d3423f4fa4-1-768x576.jpg 768w, https:\/\/www.lernreg.de\/wp-content\/uploads\/2021\/09\/csm_Buffet_deftig_d3423f4fa4-1-450x338.jpg 450w, https:\/\/www.lernreg.de\/wp-content\/uploads\/2021\/09\/csm_Buffet_deftig_d3423f4fa4-1.jpg 800w\" sizes=\"(max-width: 705px) 100vw, 705px\" \/><\/div><\/div><\/figure><\/a><!--end av-masonry entry--><a href=\"https:\/\/www.lernreg.de\/wp-content\/uploads\/2021\/09\/csm_Hummus_a9fc3f1518.jpg\" data-srcset=\"https:\/\/www.lernreg.de\/wp-content\/uploads\/2021\/09\/csm_Hummus_a9fc3f1518.jpg 800w, https:\/\/www.lernreg.de\/wp-content\/uploads\/2021\/09\/csm_Hummus_a9fc3f1518-300x225.jpg 300w, https:\/\/www.lernreg.de\/wp-content\/uploads\/2021\/09\/csm_Hummus_a9fc3f1518-768x576.jpg 768w, https:\/\/www.lernreg.de\/wp-content\/uploads\/2021\/09\/csm_Hummus_a9fc3f1518-705x529.jpg 705w, https:\/\/www.lernreg.de\/wp-content\/uploads\/2021\/09\/csm_Hummus_a9fc3f1518-450x338.jpg 450w\" data-sizes=\"(max-width: 800px) 100vw, 800px\"  aria-label=\"Bild csm_Hummus_a9fc3f1518\"  id='av-masonry-1-item-3641' data-av-masonry-item='3641' class='av-masonry-entry isotope-item post-3641 attachment type-attachment status-inherit hentry  av-masonry-item-with-image' title=\"csm_Hummus_a9fc3f1518\" alt=\"\"    itemprop=\"thumbnailUrl\" ><div class='av-inner-masonry-sizer'><\/div><figure class='av-inner-masonry main_color'><div class=\"av-masonry-outerimage-container\"><div class='av-masonry-image-container'   ><img decoding=\"async\" width=\"705\" height=\"529\" class=\"wp-image-3641 avia-img-lazy-loading-not-3641\"  src=\"https:\/\/www.lernreg.de\/wp-content\/uploads\/2021\/09\/csm_Hummus_a9fc3f1518-705x529.jpg\" title=\"csm_Hummus_a9fc3f1518\" alt=\"\" srcset=\"https:\/\/www.lernreg.de\/wp-content\/uploads\/2021\/09\/csm_Hummus_a9fc3f1518-705x529.jpg 705w, https:\/\/www.lernreg.de\/wp-content\/uploads\/2021\/09\/csm_Hummus_a9fc3f1518-300x225.jpg 300w, https:\/\/www.lernreg.de\/wp-content\/uploads\/2021\/09\/csm_Hummus_a9fc3f1518-768x576.jpg 768w, https:\/\/www.lernreg.de\/wp-content\/uploads\/2021\/09\/csm_Hummus_a9fc3f1518-450x338.jpg 450w, https:\/\/www.lernreg.de\/wp-content\/uploads\/2021\/09\/csm_Hummus_a9fc3f1518.jpg 800w\" sizes=\"(max-width: 705px) 100vw, 705px\" \/><\/div><\/div><\/figure><\/a><!--end av-masonry entry--><a href=\"https:\/\/www.lernreg.de\/wp-content\/uploads\/2021\/09\/csm_Jabrak_dd45bc36d5.jpg\" data-srcset=\"https:\/\/www.lernreg.de\/wp-content\/uploads\/2021\/09\/csm_Jabrak_dd45bc36d5.jpg 800w, https:\/\/www.lernreg.de\/wp-content\/uploads\/2021\/09\/csm_Jabrak_dd45bc36d5-300x225.jpg 300w, https:\/\/www.lernreg.de\/wp-content\/uploads\/2021\/09\/csm_Jabrak_dd45bc36d5-768x576.jpg 768w, https:\/\/www.lernreg.de\/wp-content\/uploads\/2021\/09\/csm_Jabrak_dd45bc36d5-705x529.jpg 705w, https:\/\/www.lernreg.de\/wp-content\/uploads\/2021\/09\/csm_Jabrak_dd45bc36d5-450x338.jpg 450w\" data-sizes=\"(max-width: 800px) 100vw, 800px\"  aria-label=\"Bild csm_Jabrak_dd45bc36d5\"  id='av-masonry-1-item-3642' data-av-masonry-item='3642' class='av-masonry-entry isotope-item post-3642 attachment type-attachment status-inherit hentry  av-masonry-item-with-image' title=\"csm_Jabrak_dd45bc36d5\" alt=\"\"    itemprop=\"thumbnailUrl\" ><div class='av-inner-masonry-sizer'><\/div><figure class='av-inner-masonry main_color'><div class=\"av-masonry-outerimage-container\"><div class='av-masonry-image-container'   ><img decoding=\"async\" width=\"705\" height=\"529\" class=\"wp-image-3642 avia-img-lazy-loading-not-3642\"  src=\"https:\/\/www.lernreg.de\/wp-content\/uploads\/2021\/09\/csm_Jabrak_dd45bc36d5-705x529.jpg\" title=\"csm_Jabrak_dd45bc36d5\" alt=\"\" srcset=\"https:\/\/www.lernreg.de\/wp-content\/uploads\/2021\/09\/csm_Jabrak_dd45bc36d5-705x529.jpg 705w, https:\/\/www.lernreg.de\/wp-content\/uploads\/2021\/09\/csm_Jabrak_dd45bc36d5-300x225.jpg 300w, https:\/\/www.lernreg.de\/wp-content\/uploads\/2021\/09\/csm_Jabrak_dd45bc36d5-768x576.jpg 768w, https:\/\/www.lernreg.de\/wp-content\/uploads\/2021\/09\/csm_Jabrak_dd45bc36d5-450x338.jpg 450w, https:\/\/www.lernreg.de\/wp-content\/uploads\/2021\/09\/csm_Jabrak_dd45bc36d5.jpg 800w\" sizes=\"(max-width: 705px) 100vw, 705px\" \/><\/div><\/div><\/figure><\/a><!--end av-masonry entry--><a href=\"https:\/\/www.lernreg.de\/wp-content\/uploads\/2021\/09\/csm_Muhammara_81afa4ab5f.jpg\" data-srcset=\"https:\/\/www.lernreg.de\/wp-content\/uploads\/2021\/09\/csm_Muhammara_81afa4ab5f.jpg 800w, https:\/\/www.lernreg.de\/wp-content\/uploads\/2021\/09\/csm_Muhammara_81afa4ab5f-300x225.jpg 300w, https:\/\/www.lernreg.de\/wp-content\/uploads\/2021\/09\/csm_Muhammara_81afa4ab5f-768x576.jpg 768w, https:\/\/www.lernreg.de\/wp-content\/uploads\/2021\/09\/csm_Muhammara_81afa4ab5f-705x529.jpg 705w, https:\/\/www.lernreg.de\/wp-content\/uploads\/2021\/09\/csm_Muhammara_81afa4ab5f-450x338.jpg 450w\" data-sizes=\"(max-width: 800px) 100vw, 800px\"  aria-label=\"Bild csm_Muhammara_81afa4ab5f\"  id='av-masonry-1-item-3643' data-av-masonry-item='3643' class='av-masonry-entry isotope-item post-3643 attachment type-attachment status-inherit hentry  av-masonry-item-with-image' title=\"csm_Muhammara_81afa4ab5f\" alt=\"\"    itemprop=\"thumbnailUrl\" ><div class='av-inner-masonry-sizer'><\/div><figure class='av-inner-masonry main_color'><div class=\"av-masonry-outerimage-container\"><div class='av-masonry-image-container'   ><img decoding=\"async\" width=\"705\" height=\"529\" class=\"wp-image-3643 avia-img-lazy-loading-not-3643\"  src=\"https:\/\/www.lernreg.de\/wp-content\/uploads\/2021\/09\/csm_Muhammara_81afa4ab5f-705x529.jpg\" title=\"csm_Muhammara_81afa4ab5f\" alt=\"\" srcset=\"https:\/\/www.lernreg.de\/wp-content\/uploads\/2021\/09\/csm_Muhammara_81afa4ab5f-705x529.jpg 705w, https:\/\/www.lernreg.de\/wp-content\/uploads\/2021\/09\/csm_Muhammara_81afa4ab5f-300x225.jpg 300w, https:\/\/www.lernreg.de\/wp-content\/uploads\/2021\/09\/csm_Muhammara_81afa4ab5f-768x576.jpg 768w, https:\/\/www.lernreg.de\/wp-content\/uploads\/2021\/09\/csm_Muhammara_81afa4ab5f-450x338.jpg 450w, https:\/\/www.lernreg.de\/wp-content\/uploads\/2021\/09\/csm_Muhammara_81afa4ab5f.jpg 800w\" sizes=\"(max-width: 705px) 100vw, 705px\" \/><\/div><\/div><\/figure><\/a><!--end av-masonry entry--><\/div><\/div><\/p><\/div><\/div><\/div><\/div><!-- close content main div --><\/div><\/div><div id='after_section_1'  class='main_color av_default_container_wrap container_wrap sidebar_right'  ><div class='container av-section-cont-open' ><div class='template-page content  av-content-small alpha units'><div class='post-entry post-entry-type-page post-entry-3637'><div class='entry-content-wrapper clearfix'>\n","protected":false},"excerpt":{"rendered":"<p>Pilotprojekt<\/p>\n","protected":false},"author":1,"featured_media":0,"parent":0,"menu_order":0,"comment_status":"open","ping_status":"open","template":"","meta":{"footnotes":""},"class_list":["post-3637","page","type-page","status-publish","hentry"],"yoast_head":"<!-- This site is optimized with the Yoast SEO plugin v26.4 - https:\/\/yoast.com\/wordpress\/plugins\/seo\/ -->\n<title>Arabisches Catering - Lernende Region Schwandorf<\/title>\n<meta name=\"robots\" content=\"index, follow, max-snippet:-1, max-image-preview:large, max-video-preview:-1\" \/>\n<link rel=\"canonical\" href=\"https:\/\/www.lernreg.de\/index.php\/arabisches-catering\/\" \/>\n<meta property=\"og:locale\" content=\"de_DE\" \/>\n<meta property=\"og:type\" content=\"article\" \/>\n<meta property=\"og:title\" content=\"Arabisches Catering - Lernende Region Schwandorf\" \/>\n<meta property=\"og:description\" content=\"Pilotprojekt\" \/>\n<meta property=\"og:url\" content=\"https:\/\/www.lernreg.de\/index.php\/arabisches-catering\/\" \/>\n<meta property=\"og:site_name\" content=\"Lernende Region Schwandorf\" \/>\n<meta property=\"article:modified_time\" content=\"2021-11-05T11:10:24+00:00\" \/>\n<meta name=\"twitter:card\" content=\"summary_large_image\" \/>\n<meta name=\"twitter:label1\" content=\"Gesch\u00e4tzte Lesezeit\" \/>\n\t<meta name=\"twitter:data1\" content=\"1\u00a0Minute\" \/>\n<script type=\"application\/ld+json\" class=\"yoast-schema-graph\">{\"@context\":\"https:\/\/schema.org\",\"@graph\":[{\"@type\":\"WebPage\",\"@id\":\"https:\/\/www.lernreg.de\/index.php\/arabisches-catering\/\",\"url\":\"https:\/\/www.lernreg.de\/index.php\/arabisches-catering\/\",\"name\":\"Arabisches Catering - Lernende Region Schwandorf\",\"isPartOf\":{\"@id\":\"https:\/\/www.lernreg.de\/#website\"},\"datePublished\":\"2021-09-07T14:43:26+00:00\",\"dateModified\":\"2021-11-05T11:10:24+00:00\",\"breadcrumb\":{\"@id\":\"https:\/\/www.lernreg.de\/index.php\/arabisches-catering\/#breadcrumb\"},\"inLanguage\":\"de\",\"potentialAction\":[{\"@type\":\"ReadAction\",\"target\":[\"https:\/\/www.lernreg.de\/index.php\/arabisches-catering\/\"]}]},{\"@type\":\"BreadcrumbList\",\"@id\":\"https:\/\/www.lernreg.de\/index.php\/arabisches-catering\/#breadcrumb\",\"itemListElement\":[{\"@type\":\"ListItem\",\"position\":1,\"name\":\"Startseite\",\"item\":\"https:\/\/www.lernreg.de\/index.php\/homepage\/\"},{\"@type\":\"ListItem\",\"position\":2,\"name\":\"Arabisches Catering\"}]},{\"@type\":\"WebSite\",\"@id\":\"https:\/\/www.lernreg.de\/#website\",\"url\":\"https:\/\/www.lernreg.de\/\",\"name\":\"Lernende Region Schwandorf\",\"description\":\"Freiwilligenagentur, Bildung\",\"publisher\":{\"@id\":\"https:\/\/www.lernreg.de\/#organization\"},\"potentialAction\":[{\"@type\":\"SearchAction\",\"target\":{\"@type\":\"EntryPoint\",\"urlTemplate\":\"https:\/\/www.lernreg.de\/?s={search_term_string}\"},\"query-input\":{\"@type\":\"PropertyValueSpecification\",\"valueRequired\":true,\"valueName\":\"search_term_string\"}}],\"inLanguage\":\"de\"},{\"@type\":\"Organization\",\"@id\":\"https:\/\/www.lernreg.de\/#organization\",\"name\":\"Die Lernende Region Schwandorf e.V. ist ein regionales Netzwerk f\u00fcr den Landkreis Schwandorf mit den Schwerpunkten\u00a0Bildung\u00a0und\u00a0Ehrenamt: Im\u00a0Bildungsbereich\u00a0strebt die Lernende Region Schwandorf eine nachhaltige Verbesserung der Ausbildungs-, Besch\u00e4ftigungs- und Lebenssituation aller B\u00fcrgerinnen und B\u00fcrger\u00a0der Region an. Beispiele hierf\u00fcr sind die j\u00e4hrliche Bildungsmesse in Maxh\u00fctte-Haidhof sowie die Durchf\u00fchrung des Projekts \u201eMINT-Netzwerke Bayern\u201c.\",\"url\":\"https:\/\/www.lernreg.de\/\",\"logo\":{\"@type\":\"ImageObject\",\"inLanguage\":\"de\",\"@id\":\"https:\/\/www.lernreg.de\/#\/schema\/logo\/image\/\",\"url\":\"https:\/\/www.lernreg.de\/wp-content\/uploads\/2021\/08\/Logo-LernReg-transparent.png\",\"contentUrl\":\"https:\/\/www.lernreg.de\/wp-content\/uploads\/2021\/08\/Logo-LernReg-transparent.png\",\"width\":400,\"height\":228,\"caption\":\"Die Lernende Region Schwandorf e.V. ist ein regionales Netzwerk f\u00fcr den Landkreis Schwandorf mit den Schwerpunkten\u00a0Bildung\u00a0und\u00a0Ehrenamt: Im\u00a0Bildungsbereich\u00a0strebt die Lernende Region Schwandorf eine nachhaltige Verbesserung der Ausbildungs-, Besch\u00e4ftigungs- und Lebenssituation aller B\u00fcrgerinnen und B\u00fcrger\u00a0der Region an. Beispiele hierf\u00fcr sind die j\u00e4hrliche Bildungsmesse in Maxh\u00fctte-Haidhof sowie die Durchf\u00fchrung des Projekts \u201eMINT-Netzwerke Bayern\u201c.\"},\"image\":{\"@id\":\"https:\/\/www.lernreg.de\/#\/schema\/logo\/image\/\"}}]}<\/script>\n<!-- \/ Yoast SEO plugin. -->","yoast_head_json":{"title":"Arabisches Catering - Lernende Region Schwandorf","robots":{"index":"index","follow":"follow","max-snippet":"max-snippet:-1","max-image-preview":"max-image-preview:large","max-video-preview":"max-video-preview:-1"},"canonical":"https:\/\/www.lernreg.de\/index.php\/arabisches-catering\/","og_locale":"de_DE","og_type":"article","og_title":"Arabisches Catering - Lernende Region Schwandorf","og_description":"Pilotprojekt","og_url":"https:\/\/www.lernreg.de\/index.php\/arabisches-catering\/","og_site_name":"Lernende Region Schwandorf","article_modified_time":"2021-11-05T11:10:24+00:00","twitter_card":"summary_large_image","twitter_misc":{"Gesch\u00e4tzte Lesezeit":"1\u00a0Minute"},"schema":{"@context":"https:\/\/schema.org","@graph":[{"@type":"WebPage","@id":"https:\/\/www.lernreg.de\/index.php\/arabisches-catering\/","url":"https:\/\/www.lernreg.de\/index.php\/arabisches-catering\/","name":"Arabisches Catering - Lernende Region Schwandorf","isPartOf":{"@id":"https:\/\/www.lernreg.de\/#website"},"datePublished":"2021-09-07T14:43:26+00:00","dateModified":"2021-11-05T11:10:24+00:00","breadcrumb":{"@id":"https:\/\/www.lernreg.de\/index.php\/arabisches-catering\/#breadcrumb"},"inLanguage":"de","potentialAction":[{"@type":"ReadAction","target":["https:\/\/www.lernreg.de\/index.php\/arabisches-catering\/"]}]},{"@type":"BreadcrumbList","@id":"https:\/\/www.lernreg.de\/index.php\/arabisches-catering\/#breadcrumb","itemListElement":[{"@type":"ListItem","position":1,"name":"Startseite","item":"https:\/\/www.lernreg.de\/index.php\/homepage\/"},{"@type":"ListItem","position":2,"name":"Arabisches Catering"}]},{"@type":"WebSite","@id":"https:\/\/www.lernreg.de\/#website","url":"https:\/\/www.lernreg.de\/","name":"Lernende Region Schwandorf","description":"Freiwilligenagentur, Bildung","publisher":{"@id":"https:\/\/www.lernreg.de\/#organization"},"potentialAction":[{"@type":"SearchAction","target":{"@type":"EntryPoint","urlTemplate":"https:\/\/www.lernreg.de\/?s={search_term_string}"},"query-input":{"@type":"PropertyValueSpecification","valueRequired":true,"valueName":"search_term_string"}}],"inLanguage":"de"},{"@type":"Organization","@id":"https:\/\/www.lernreg.de\/#organization","name":"Die Lernende Region Schwandorf e.V. ist ein regionales Netzwerk f\u00fcr den Landkreis Schwandorf mit den Schwerpunkten\u00a0Bildung\u00a0und\u00a0Ehrenamt: Im\u00a0Bildungsbereich\u00a0strebt die Lernende Region Schwandorf eine nachhaltige Verbesserung der Ausbildungs-, Besch\u00e4ftigungs- und Lebenssituation aller B\u00fcrgerinnen und B\u00fcrger\u00a0der Region an. Beispiele hierf\u00fcr sind die j\u00e4hrliche Bildungsmesse in Maxh\u00fctte-Haidhof sowie die Durchf\u00fchrung des Projekts \u201eMINT-Netzwerke Bayern\u201c.","url":"https:\/\/www.lernreg.de\/","logo":{"@type":"ImageObject","inLanguage":"de","@id":"https:\/\/www.lernreg.de\/#\/schema\/logo\/image\/","url":"https:\/\/www.lernreg.de\/wp-content\/uploads\/2021\/08\/Logo-LernReg-transparent.png","contentUrl":"https:\/\/www.lernreg.de\/wp-content\/uploads\/2021\/08\/Logo-LernReg-transparent.png","width":400,"height":228,"caption":"Die Lernende Region Schwandorf e.V. ist ein regionales Netzwerk f\u00fcr den Landkreis Schwandorf mit den Schwerpunkten\u00a0Bildung\u00a0und\u00a0Ehrenamt: Im\u00a0Bildungsbereich\u00a0strebt die Lernende Region Schwandorf eine nachhaltige Verbesserung der Ausbildungs-, Besch\u00e4ftigungs- und Lebenssituation aller B\u00fcrgerinnen und B\u00fcrger\u00a0der Region an. Beispiele hierf\u00fcr sind die j\u00e4hrliche Bildungsmesse in Maxh\u00fctte-Haidhof sowie die Durchf\u00fchrung des Projekts \u201eMINT-Netzwerke Bayern\u201c."},"image":{"@id":"https:\/\/www.lernreg.de\/#\/schema\/logo\/image\/"}}]}},"_links":{"self":[{"href":"https:\/\/www.lernreg.de\/index.php\/wp-json\/wp\/v2\/pages\/3637","targetHints":{"allow":["GET"]}}],"collection":[{"href":"https:\/\/www.lernreg.de\/index.php\/wp-json\/wp\/v2\/pages"}],"about":[{"href":"https:\/\/www.lernreg.de\/index.php\/wp-json\/wp\/v2\/types\/page"}],"author":[{"embeddable":true,"href":"https:\/\/www.lernreg.de\/index.php\/wp-json\/wp\/v2\/users\/1"}],"replies":[{"embeddable":true,"href":"https:\/\/www.lernreg.de\/index.php\/wp-json\/wp\/v2\/comments?post=3637"}],"version-history":[{"count":4,"href":"https:\/\/www.lernreg.de\/index.php\/wp-json\/wp\/v2\/pages\/3637\/revisions"}],"predecessor-version":[{"id":5531,"href":"https:\/\/www.lernreg.de\/index.php\/wp-json\/wp\/v2\/pages\/3637\/revisions\/5531"}],"wp:attachment":[{"href":"https:\/\/www.lernreg.de\/index.php\/wp-json\/wp\/v2\/media?parent=3637"}],"curies":[{"name":"wp","href":"https:\/\/api.w.org\/{rel}","templated":true}]}}