{"id":3624,"date":"2021-09-07T16:26:08","date_gmt":"2021-09-07T14:26:08","guid":{"rendered":"https:\/\/www.lernreg.de\/Neues%20Verzeichnis\/wordpress\/?page_id=3624"},"modified":"2025-04-16T13:59:28","modified_gmt":"2025-04-16T11:59:28","slug":"bildungsmesse","status":"publish","type":"page","link":"https:\/\/www.lernreg.de\/index.php\/bildungsmesse\/","title":{"rendered":"Bildungsmesse"},"content":{"rendered":"<div id='layer_slider_1'  class='avia-layerslider main_color avia-shadow  avia-builder-el-0  el_before_av_section  avia-builder-el-first  container_wrap sidebar_right'  style='height: 351px;'  ><\/div>\n<div id='av_section_1'  class='avia-section av-8wdn4o-0fe2d98b854e8cfae8239032e8f992b0 alternate_color avia-section-large avia-shadow  avia-builder-el-1  el_after_av_layerslider  avia-builder-el-last  avia-bg-style-scroll container_wrap sidebar_right'  ><div class='container av-section-cont-open' ><div class='template-page content  av-content-small alpha units'><div class='post-entry post-entry-type-page post-entry-3624'><div class='entry-content-wrapper clearfix'>\n\n<style type=\"text\/css\" data-created_by=\"avia_inline_auto\" id=\"style-css-av-7k6lpk-fc2033ce35b887ce482973b65036f588\">\n.flex_column.av-7k6lpk-fc2033ce35b887ce482973b65036f588{\n-webkit-border-radius:0px 0px 0px 0px;\n-moz-border-radius:0px 0px 0px 0px;\nborder-radius:0px 0px 0px 0px;\npadding:0px 0px 0px 0px;\n}\n<\/style>\n<div class='flex_column av-7k6lpk-fc2033ce35b887ce482973b65036f588 av_one_full  avia-builder-el-2  avia-builder-el-no-sibling  first flex_column_div av-zero-column-padding '     ><section  class='av_textblock_section av-6gra14-917382590010d94eb71e5ec23ef706af'  itemscope=\"itemscope\" itemtype=\"https:\/\/schema.org\/CreativeWork\" ><div class='avia_textblock'  itemprop=\"text\" ><div id=\"mainWrapper\">\n<div id=\"mainContent\">\n<div id=\"mainContent1Col\">\n<div id=\"c668\" class=\"csc-default\">\n<h1>Bildungsmesse im Landkreis Schwandorf<\/h1>\n<p>Seit \u00fcber 20 Jahren organisiert die Lernende Region Schwandorf Bildungsmessen f\u00fcr den Landkreis Schwandorf. Die Messen dienen der Berufsorientierung und Berufsfindung f\u00fcr die (Vor-)Abschlussklassen aller Schularten im Landkreis Schwandorf, sollen aber auch weitere Bildungsbereiche abdecken: Weiterbildung, Fortbildung, Erwachsenenbildung etc.<\/p>\n<p>Die Bildungsmesse findet einmal j\u00e4hrlich im Fr\u00fchjahr in der Stadthalle Maxh\u00fctte-Haidhof statt. Neben den abwechslungsreichen Ausstellerst\u00e4nden gibt es ein buntes Rahmenprogramm: Aussteller-Aktionen (Gewinnspiele, Mitmach-Stationen, Praxisbeispiele etc.), Vortragsprogramm, Firmen-Sch\u00fcler-Speed-Dating und vieles mehr.<\/p>\n<\/div>\n<\/div>\n<\/div>\n<\/div>\n<p>Alle Infos zur Messe sind auf der Messewebseite zu finden: <a href=\"http:\/\/www.bildungsmesse-schwandorf.de\">www.bildungsmesse-schwandorf.de<\/a>.<\/p>\n<p>Auf der Messewebseite gibt es au\u00dferdem eine Karriereecke mit vielen Tipps und Infos rund um das Thema &#8222;Bewerbung&#8220;.<\/p>\n<div id=\"mainWrapper\">\n<div id=\"mainContent\">\n<div id=\"mainContent1Col\">\n<div id=\"c668\" class=\"csc-default\">\n<p>Hinweis f\u00fcr Betriebe\/Institutionen\/Bildungsanbieter, die als Aussteller mitwirken m\u00f6chten: Alle Informationen dazu werden auf der Messeseite ver\u00f6ffentlicht. Zus\u00e4tzlich gibt es die M\u00f6glichkeit, in den Bildungsmesse-Verteiler aufgenommen zu werden und alle Infos zur Messe direkt zu erhalten. Bei Interesse schreiben Sie bitte eine entsprechende Mail an <a href=\"info@lernreg.de\">info@lernreg.de<\/a>.<\/p>\n<\/div>\n<\/div>\n<\/div>\n<\/div>\n<\/div><\/section><br \/>\n\n<style type=\"text\/css\" data-created_by=\"avia_inline_auto\" id=\"style-css-av-4tapug-13bd3d6aae1500cfac32dcd8201a6657\">\n#top .hr.hr-invisible.av-4tapug-13bd3d6aae1500cfac32dcd8201a6657{\nheight:50px;\n}\n<\/style>\n<div  class='hr av-4tapug-13bd3d6aae1500cfac32dcd8201a6657 hr-invisible  avia-builder-el-4  el_after_av_textblock  el_before_av_image '><span class='hr-inner '><span class=\"hr-inner-style\"><\/span><\/span><\/div><br \/>\n\n<style type=\"text\/css\" data-created_by=\"avia_inline_auto\" id=\"style-css-av-2fr5nc-0b42da56a8b8cefc1323003ed118cfcc\">\n.avia-image-container.av-2fr5nc-0b42da56a8b8cefc1323003ed118cfcc img.avia_image{\nbox-shadow:none;\n}\n.avia-image-container.av-2fr5nc-0b42da56a8b8cefc1323003ed118cfcc .av-image-caption-overlay-center{\ncolor:#ffffff;\n}\n<\/style>\n<div  class='avia-image-container av-2fr5nc-0b42da56a8b8cefc1323003ed118cfcc av-styling- avia-align-center  avia-builder-el-5  el_after_av_hr  avia-builder-el-last '   itemprop=\"image\" itemscope=\"itemscope\" itemtype=\"https:\/\/schema.org\/ImageObject\" ><div class=\"avia-image-container-inner\"><div class=\"avia-image-overlay-wrap\"><a href=\"http:\/\/www.bildungsmesse-schwandorf.de\" class='avia_image' target=\"_blank\" rel=\"noopener noreferrer\"><img decoding=\"async\" class='wp-image-6420 avia-img-lazy-loading-not-6420 avia_image ' src=\"https:\/\/www.lernreg.de\/wp-content\/uploads\/2025\/04\/LernReg_BM_2025_Foyer_Kugel_geschnitten.jpg\" alt='' title='LernReg_BM_2025_Foyer_Kugel_geschnitten'  height=\"1500\" width=\"2154\"  itemprop=\"thumbnailUrl\" srcset=\"https:\/\/www.lernreg.de\/wp-content\/uploads\/2025\/04\/LernReg_BM_2025_Foyer_Kugel_geschnitten.jpg 2154w, https:\/\/www.lernreg.de\/wp-content\/uploads\/2025\/04\/LernReg_BM_2025_Foyer_Kugel_geschnitten-300x209.jpg 300w, https:\/\/www.lernreg.de\/wp-content\/uploads\/2025\/04\/LernReg_BM_2025_Foyer_Kugel_geschnitten-1435x999.jpg 1435w, https:\/\/www.lernreg.de\/wp-content\/uploads\/2025\/04\/LernReg_BM_2025_Foyer_Kugel_geschnitten-768x535.jpg 768w, https:\/\/www.lernreg.de\/wp-content\/uploads\/2025\/04\/LernReg_BM_2025_Foyer_Kugel_geschnitten-1536x1070.jpg 1536w, https:\/\/www.lernreg.de\/wp-content\/uploads\/2025\/04\/LernReg_BM_2025_Foyer_Kugel_geschnitten-2048x1426.jpg 2048w, https:\/\/www.lernreg.de\/wp-content\/uploads\/2025\/04\/LernReg_BM_2025_Foyer_Kugel_geschnitten-1500x1045.jpg 1500w, https:\/\/www.lernreg.de\/wp-content\/uploads\/2025\/04\/LernReg_BM_2025_Foyer_Kugel_geschnitten-705x491.jpg 705w\" sizes=\"(max-width: 2154px) 100vw, 2154px\" \/><\/a><\/div><\/div><\/div><\/p><\/div><\/div><\/div><\/div><!-- close content main div --><\/div><\/div><div id='after_section_1'  class='main_color av_default_container_wrap container_wrap sidebar_right'  ><div class='container av-section-cont-open' ><div class='template-page content  av-content-small alpha units'><div class='post-entry post-entry-type-page post-entry-3624'><div class='entry-content-wrapper clearfix'>\n","protected":false},"excerpt":{"rendered":"<p>Bildungsmesse<\/p>\n","protected":false},"author":1,"featured_media":0,"parent":0,"menu_order":0,"comment_status":"open","ping_status":"open","template":"","meta":{"footnotes":""},"class_list":["post-3624","page","type-page","status-publish","hentry"],"yoast_head":"<!-- This site is optimized with the Yoast SEO plugin v26.4 - https:\/\/yoast.com\/wordpress\/plugins\/seo\/ -->\n<title>Bildungsmesse - Lernende Region Schwandorf<\/title>\n<meta name=\"robots\" content=\"index, follow, max-snippet:-1, max-image-preview:large, max-video-preview:-1\" \/>\n<link rel=\"canonical\" href=\"https:\/\/www.lernreg.de\/index.php\/bildungsmesse\/\" \/>\n<meta property=\"og:locale\" content=\"de_DE\" \/>\n<meta property=\"og:type\" content=\"article\" \/>\n<meta property=\"og:title\" content=\"Bildungsmesse - Lernende Region Schwandorf\" \/>\n<meta property=\"og:description\" content=\"Bildungsmesse\" \/>\n<meta property=\"og:url\" content=\"https:\/\/www.lernreg.de\/index.php\/bildungsmesse\/\" \/>\n<meta property=\"og:site_name\" content=\"Lernende Region Schwandorf\" \/>\n<meta property=\"article:modified_time\" content=\"2025-04-16T11:59:28+00:00\" \/>\n<meta name=\"twitter:card\" content=\"summary_large_image\" \/>\n<meta name=\"twitter:label1\" content=\"Gesch\u00e4tzte Lesezeit\" \/>\n\t<meta name=\"twitter:data1\" content=\"4\u00a0Minuten\" \/>\n<script type=\"application\/ld+json\" class=\"yoast-schema-graph\">{\"@context\":\"https:\/\/schema.org\",\"@graph\":[{\"@type\":\"WebPage\",\"@id\":\"https:\/\/www.lernreg.de\/index.php\/bildungsmesse\/\",\"url\":\"https:\/\/www.lernreg.de\/index.php\/bildungsmesse\/\",\"name\":\"Bildungsmesse - Lernende Region Schwandorf\",\"isPartOf\":{\"@id\":\"https:\/\/www.lernreg.de\/#website\"},\"datePublished\":\"2021-09-07T14:26:08+00:00\",\"dateModified\":\"2025-04-16T11:59:28+00:00\",\"breadcrumb\":{\"@id\":\"https:\/\/www.lernreg.de\/index.php\/bildungsmesse\/#breadcrumb\"},\"inLanguage\":\"de\",\"potentialAction\":[{\"@type\":\"ReadAction\",\"target\":[\"https:\/\/www.lernreg.de\/index.php\/bildungsmesse\/\"]}]},{\"@type\":\"BreadcrumbList\",\"@id\":\"https:\/\/www.lernreg.de\/index.php\/bildungsmesse\/#breadcrumb\",\"itemListElement\":[{\"@type\":\"ListItem\",\"position\":1,\"name\":\"Startseite\",\"item\":\"https:\/\/www.lernreg.de\/index.php\/homepage\/\"},{\"@type\":\"ListItem\",\"position\":2,\"name\":\"Bildungsmesse\"}]},{\"@type\":\"WebSite\",\"@id\":\"https:\/\/www.lernreg.de\/#website\",\"url\":\"https:\/\/www.lernreg.de\/\",\"name\":\"Lernende Region Schwandorf\",\"description\":\"Freiwilligenagentur, Bildung\",\"publisher\":{\"@id\":\"https:\/\/www.lernreg.de\/#organization\"},\"potentialAction\":[{\"@type\":\"SearchAction\",\"target\":{\"@type\":\"EntryPoint\",\"urlTemplate\":\"https:\/\/www.lernreg.de\/?s={search_term_string}\"},\"query-input\":{\"@type\":\"PropertyValueSpecification\",\"valueRequired\":true,\"valueName\":\"search_term_string\"}}],\"inLanguage\":\"de\"},{\"@type\":\"Organization\",\"@id\":\"https:\/\/www.lernreg.de\/#organization\",\"name\":\"Die Lernende Region Schwandorf e.V. ist ein regionales Netzwerk f\u00fcr den Landkreis Schwandorf mit den Schwerpunkten\u00a0Bildung\u00a0und\u00a0Ehrenamt: Im\u00a0Bildungsbereich\u00a0strebt die Lernende Region Schwandorf eine nachhaltige Verbesserung der Ausbildungs-, Besch\u00e4ftigungs- und Lebenssituation aller B\u00fcrgerinnen und B\u00fcrger\u00a0der Region an. Beispiele hierf\u00fcr sind die j\u00e4hrliche Bildungsmesse in Maxh\u00fctte-Haidhof sowie die Durchf\u00fchrung des Projekts \u201eMINT-Netzwerke Bayern\u201c.\",\"url\":\"https:\/\/www.lernreg.de\/\",\"logo\":{\"@type\":\"ImageObject\",\"inLanguage\":\"de\",\"@id\":\"https:\/\/www.lernreg.de\/#\/schema\/logo\/image\/\",\"url\":\"https:\/\/www.lernreg.de\/wp-content\/uploads\/2021\/08\/Logo-LernReg-transparent.png\",\"contentUrl\":\"https:\/\/www.lernreg.de\/wp-content\/uploads\/2021\/08\/Logo-LernReg-transparent.png\",\"width\":400,\"height\":228,\"caption\":\"Die Lernende Region Schwandorf e.V. ist ein regionales Netzwerk f\u00fcr den Landkreis Schwandorf mit den Schwerpunkten\u00a0Bildung\u00a0und\u00a0Ehrenamt: Im\u00a0Bildungsbereich\u00a0strebt die Lernende Region Schwandorf eine nachhaltige Verbesserung der Ausbildungs-, Besch\u00e4ftigungs- und Lebenssituation aller B\u00fcrgerinnen und B\u00fcrger\u00a0der Region an. Beispiele hierf\u00fcr sind die j\u00e4hrliche Bildungsmesse in Maxh\u00fctte-Haidhof sowie die Durchf\u00fchrung des Projekts \u201eMINT-Netzwerke Bayern\u201c.\"},\"image\":{\"@id\":\"https:\/\/www.lernreg.de\/#\/schema\/logo\/image\/\"}}]}<\/script>\n<!-- \/ Yoast SEO plugin. -->","yoast_head_json":{"title":"Bildungsmesse - Lernende Region Schwandorf","robots":{"index":"index","follow":"follow","max-snippet":"max-snippet:-1","max-image-preview":"max-image-preview:large","max-video-preview":"max-video-preview:-1"},"canonical":"https:\/\/www.lernreg.de\/index.php\/bildungsmesse\/","og_locale":"de_DE","og_type":"article","og_title":"Bildungsmesse - Lernende Region Schwandorf","og_description":"Bildungsmesse","og_url":"https:\/\/www.lernreg.de\/index.php\/bildungsmesse\/","og_site_name":"Lernende Region Schwandorf","article_modified_time":"2025-04-16T11:59:28+00:00","twitter_card":"summary_large_image","twitter_misc":{"Gesch\u00e4tzte Lesezeit":"4\u00a0Minuten"},"schema":{"@context":"https:\/\/schema.org","@graph":[{"@type":"WebPage","@id":"https:\/\/www.lernreg.de\/index.php\/bildungsmesse\/","url":"https:\/\/www.lernreg.de\/index.php\/bildungsmesse\/","name":"Bildungsmesse - Lernende Region Schwandorf","isPartOf":{"@id":"https:\/\/www.lernreg.de\/#website"},"datePublished":"2021-09-07T14:26:08+00:00","dateModified":"2025-04-16T11:59:28+00:00","breadcrumb":{"@id":"https:\/\/www.lernreg.de\/index.php\/bildungsmesse\/#breadcrumb"},"inLanguage":"de","potentialAction":[{"@type":"ReadAction","target":["https:\/\/www.lernreg.de\/index.php\/bildungsmesse\/"]}]},{"@type":"BreadcrumbList","@id":"https:\/\/www.lernreg.de\/index.php\/bildungsmesse\/#breadcrumb","itemListElement":[{"@type":"ListItem","position":1,"name":"Startseite","item":"https:\/\/www.lernreg.de\/index.php\/homepage\/"},{"@type":"ListItem","position":2,"name":"Bildungsmesse"}]},{"@type":"WebSite","@id":"https:\/\/www.lernreg.de\/#website","url":"https:\/\/www.lernreg.de\/","name":"Lernende Region Schwandorf","description":"Freiwilligenagentur, Bildung","publisher":{"@id":"https:\/\/www.lernreg.de\/#organization"},"potentialAction":[{"@type":"SearchAction","target":{"@type":"EntryPoint","urlTemplate":"https:\/\/www.lernreg.de\/?s={search_term_string}"},"query-input":{"@type":"PropertyValueSpecification","valueRequired":true,"valueName":"search_term_string"}}],"inLanguage":"de"},{"@type":"Organization","@id":"https:\/\/www.lernreg.de\/#organization","name":"Die Lernende Region Schwandorf e.V. ist ein regionales Netzwerk f\u00fcr den Landkreis Schwandorf mit den Schwerpunkten\u00a0Bildung\u00a0und\u00a0Ehrenamt: Im\u00a0Bildungsbereich\u00a0strebt die Lernende Region Schwandorf eine nachhaltige Verbesserung der Ausbildungs-, Besch\u00e4ftigungs- und Lebenssituation aller B\u00fcrgerinnen und B\u00fcrger\u00a0der Region an. Beispiele hierf\u00fcr sind die j\u00e4hrliche Bildungsmesse in Maxh\u00fctte-Haidhof sowie die Durchf\u00fchrung des Projekts \u201eMINT-Netzwerke Bayern\u201c.","url":"https:\/\/www.lernreg.de\/","logo":{"@type":"ImageObject","inLanguage":"de","@id":"https:\/\/www.lernreg.de\/#\/schema\/logo\/image\/","url":"https:\/\/www.lernreg.de\/wp-content\/uploads\/2021\/08\/Logo-LernReg-transparent.png","contentUrl":"https:\/\/www.lernreg.de\/wp-content\/uploads\/2021\/08\/Logo-LernReg-transparent.png","width":400,"height":228,"caption":"Die Lernende Region Schwandorf e.V. ist ein regionales Netzwerk f\u00fcr den Landkreis Schwandorf mit den Schwerpunkten\u00a0Bildung\u00a0und\u00a0Ehrenamt: Im\u00a0Bildungsbereich\u00a0strebt die Lernende Region Schwandorf eine nachhaltige Verbesserung der Ausbildungs-, Besch\u00e4ftigungs- und Lebenssituation aller B\u00fcrgerinnen und B\u00fcrger\u00a0der Region an. Beispiele hierf\u00fcr sind die j\u00e4hrliche Bildungsmesse in Maxh\u00fctte-Haidhof sowie die Durchf\u00fchrung des Projekts \u201eMINT-Netzwerke Bayern\u201c."},"image":{"@id":"https:\/\/www.lernreg.de\/#\/schema\/logo\/image\/"}}]}},"_links":{"self":[{"href":"https:\/\/www.lernreg.de\/index.php\/wp-json\/wp\/v2\/pages\/3624","targetHints":{"allow":["GET"]}}],"collection":[{"href":"https:\/\/www.lernreg.de\/index.php\/wp-json\/wp\/v2\/pages"}],"about":[{"href":"https:\/\/www.lernreg.de\/index.php\/wp-json\/wp\/v2\/types\/page"}],"author":[{"embeddable":true,"href":"https:\/\/www.lernreg.de\/index.php\/wp-json\/wp\/v2\/users\/1"}],"replies":[{"embeddable":true,"href":"https:\/\/www.lernreg.de\/index.php\/wp-json\/wp\/v2\/comments?post=3624"}],"version-history":[{"count":29,"href":"https:\/\/www.lernreg.de\/index.php\/wp-json\/wp\/v2\/pages\/3624\/revisions"}],"predecessor-version":[{"id":6347,"href":"https:\/\/www.lernreg.de\/index.php\/wp-json\/wp\/v2\/pages\/3624\/revisions\/6347"}],"wp:attachment":[{"href":"https:\/\/www.lernreg.de\/index.php\/wp-json\/wp\/v2\/media?parent=3624"}],"curies":[{"name":"wp","href":"https:\/\/api.w.org\/{rel}","templated":true}]}}