{"id":3621,"date":"2021-09-07T16:22:07","date_gmt":"2021-09-07T14:22:07","guid":{"rendered":"https:\/\/www.lernreg.de\/Neues%20Verzeichnis\/wordpress\/?page_id=3621"},"modified":"2022-03-09T17:02:51","modified_gmt":"2022-03-09T16:02:51","slug":"bildungsanbieter","status":"publish","type":"page","link":"https:\/\/www.lernreg.de\/index.php\/bildungsanbieter\/","title":{"rendered":"Bildungsanbieter stellen sich vor"},"content":{"rendered":"<div id='layer_slider_1'  class='avia-layerslider main_color avia-shadow  avia-builder-el-0  el_before_av_one_full  avia-builder-el-first  container_wrap sidebar_right'  style='height: 351px;'  ><\/div><div id='after_layer_slider_1'  class='main_color av_default_container_wrap container_wrap sidebar_right'  ><div class='container av-section-cont-open' ><div class='template-page content  av-content-small alpha units'><div class='post-entry post-entry-type-page post-entry-3621'><div class='entry-content-wrapper clearfix'>\n\n<style type=\"text\/css\" data-created_by=\"avia_inline_auto\" id=\"style-css-av-av_one_full-15d750bd1b332b34c6e70b077ebbccdf\">\n.flex_column.av-av_one_full-15d750bd1b332b34c6e70b077ebbccdf{\n-webkit-border-radius:0px 0px 0px 0px;\n-moz-border-radius:0px 0px 0px 0px;\nborder-radius:0px 0px 0px 0px;\npadding:0px 0px 0px 0px;\n}\n<\/style>\n<div class='flex_column av-av_one_full-15d750bd1b332b34c6e70b077ebbccdf av_one_full  avia-builder-el-1  el_after_av_layerslider  el_before_av_hr  avia-builder-el-first  first flex_column_div av-zero-column-padding '     ><section  class='av_textblock_section av-av_textblock-2de302bf1aa3cf4c9157dbe6f50ac7eb'  itemscope=\"itemscope\" itemtype=\"https:\/\/schema.org\/CreativeWork\" ><div class='avia_textblock'  itemprop=\"text\" ><div id=\"c1098\" class=\"csc-default\">\n<h3>Akademie Ostbayern &#8211; B\u00f6hmen<\/h3>\n<ul class=\"csc-uploads csc-uploads-0\">\n<li class=\"li-odd li-first csc-uploads-element csc-uploads-element-pdf\"><span class=\"csc-uploads-fileName\"><a href=\"https:\/\/www.lernreg.de\/fileadmin\/user_upload\/Bildungsanbieter_stellen_sich_vor\/Programm_Akademie_Ostbayern_-_B%C3%B6hmen.pdf\" target=\"_blank\" rel=\"noopener\">Programm Akademie Ostbayern &#8211; B\u00f6hmen.pdf<\/a><\/span><\/li>\n<\/ul>\n<\/div>\n<div id=\"c1109\" class=\"csc-default\">\n<h3>Amt f\u00fcr Ern\u00e4hrung, Landwirtschaft und Forsten (AELF)<\/h3>\n<p>Die gesunde Ern\u00e4hrung zu f\u00f6rdern ist eine Kernaufgabe des AELF.<\/p>\n<p><a class=\"external-link-new-window\" title=\"Opens external link in new window\" href=\"http:\/\/www.aelf-sd.bayern.de\/ernaehrung\/index.php\" target=\"_blank\" rel=\"noopener\">Hier geht es zu den Angeboten<\/a><\/p>\n<\/div>\n<div id=\"c1115\" class=\"csc-default\">\n<h3>Pallicura Akademie f\u00fcr Gesundheit und Soziales Schwandorf<\/h3>\n<p>Das Kursangebot der Akademie f\u00fcr Gesundheit und Soziales<br \/>\nder Pallicura GmbH finden Sie\u00a0<a class=\"external-link-new-window\" title=\"Opens external link in new window\" href=\"https:\/\/zsd-oberpfalz.de\/akademie\/\" target=\"_blank\" rel=\"noopener\">hier<\/a>.<\/p>\n<\/div>\n<div id=\"c1108\" class=\"csc-default\">\n<h3>Relaxkids &#8211;<br \/>\nIhr professioneller Ansprechpartner in der Oberpfalz und dar\u00fcber hinaus<\/h3>\n<p><a class=\"external-link-new-window\" title=\"Opens external link in new window\" href=\"https:\/\/relax-kids.de\/\" target=\"_blank\" rel=\"noopener\">RelaxKids stellt sich vor.<\/a><\/p>\n<\/div>\n<div id=\"c1192\" class=\"csc-default\">\n<h3>GSI mbH, NL SLV M\u00fcnchen im BBZ<\/h3>\n<p><a class=\"external-link-new-window\" title=\"Opens external link in new window\" href=\"https:\/\/www.slv-muenchen.de\/aussenstelle-schwandorf\/\" target=\"_blank\" rel=\"noopener\">Schwandorf schwei\u00dft!<\/a>\u00a0Die Au\u00dfenstelle der GSI mbH nimmt Fahrt auf.<\/p>\n<\/div>\n<div id=\"c1107\" class=\"csc-default\">\n<h3>Volkshochschule Schwandorf<\/h3>\n<p>Das Kursprogramm der Volkshochschule Schwandorf finden Sie\u00a0<a class=\"external-link-new-window\" title=\"Opens external link in new window\" href=\"http:\/\/vhs.schwandorf.de\/\" target=\"_blank\" rel=\"noopener\">hier<\/a>.<\/p>\n<\/div>\n<div id=\"c1490\" class=\"csc-default\">\n<h3>Verbund der Volkshochschulen im Landkreis Schwandorf<\/h3>\n<p>Weitere Informationen und das Veranstaltungsprogramm finden Sie\u00a0<a class=\"external-link-new-window\" title=\"Opens external link in new window\" href=\"https:\/\/www.vhs-schwandorf-land.de\/\" target=\"_blank\" rel=\"noopener\">hier<\/a>.<\/p>\n<\/div>\n<\/div><\/section><\/div>\n<style type=\"text\/css\" data-created_by=\"avia_inline_auto\" id=\"style-css-av-av_hr-4474f20d2389e2e5ecf918a02da5132e\">\n#top .hr.hr-invisible.av-av_hr-4474f20d2389e2e5ecf918a02da5132e{\nheight:50px;\n}\n<\/style>\n<div  class='hr av-av_hr-4474f20d2389e2e5ecf918a02da5132e hr-invisible  avia-builder-el-3  el_after_av_one_full  el_before_av_hr '><span class='hr-inner '><span class=\"hr-inner-style\"><\/span><\/span><\/div><\/p>\n\n<style type=\"text\/css\" data-created_by=\"avia_inline_auto\" id=\"style-css-av-av_hr-4474f20d2389e2e5ecf918a02da5132e\">\n#top .hr.hr-invisible.av-av_hr-4474f20d2389e2e5ecf918a02da5132e{\nheight:50px;\n}\n<\/style>\n<div  class='hr av-av_hr-4474f20d2389e2e5ecf918a02da5132e hr-invisible  avia-builder-el-4  el_after_av_hr  avia-builder-el-last '><span class='hr-inner '><span class=\"hr-inner-style\"><\/span><\/span><\/div>\n","protected":false},"excerpt":{"rendered":"<p>Bildungsanbieter stellen sich vor<\/p>\n","protected":false},"author":1,"featured_media":0,"parent":0,"menu_order":0,"comment_status":"open","ping_status":"open","template":"","meta":{"footnotes":""},"class_list":["post-3621","page","type-page","status-publish","hentry"],"yoast_head":"<!-- This site is optimized with the Yoast SEO plugin v26.4 - https:\/\/yoast.com\/wordpress\/plugins\/seo\/ -->\n<title>Bildungsanbieter stellen sich vor - Lernende Region Schwandorf<\/title>\n<meta name=\"robots\" content=\"index, follow, max-snippet:-1, max-image-preview:large, max-video-preview:-1\" \/>\n<link rel=\"canonical\" href=\"https:\/\/www.lernreg.de\/index.php\/bildungsanbieter\/\" \/>\n<meta property=\"og:locale\" content=\"de_DE\" \/>\n<meta property=\"og:type\" content=\"article\" \/>\n<meta property=\"og:title\" content=\"Bildungsanbieter stellen sich vor - Lernende Region Schwandorf\" \/>\n<meta property=\"og:description\" content=\"Bildungsanbieter stellen sich vor\" \/>\n<meta property=\"og:url\" content=\"https:\/\/www.lernreg.de\/index.php\/bildungsanbieter\/\" \/>\n<meta property=\"og:site_name\" content=\"Lernende Region Schwandorf\" \/>\n<meta property=\"article:modified_time\" content=\"2022-03-09T16:02:51+00:00\" \/>\n<meta name=\"twitter:card\" content=\"summary_large_image\" \/>\n<meta name=\"twitter:label1\" content=\"Gesch\u00e4tzte Lesezeit\" \/>\n\t<meta name=\"twitter:data1\" content=\"1\u00a0Minute\" \/>\n<script type=\"application\/ld+json\" class=\"yoast-schema-graph\">{\"@context\":\"https:\/\/schema.org\",\"@graph\":[{\"@type\":\"WebPage\",\"@id\":\"https:\/\/www.lernreg.de\/index.php\/bildungsanbieter\/\",\"url\":\"https:\/\/www.lernreg.de\/index.php\/bildungsanbieter\/\",\"name\":\"Bildungsanbieter stellen sich vor - Lernende Region Schwandorf\",\"isPartOf\":{\"@id\":\"https:\/\/www.lernreg.de\/#website\"},\"datePublished\":\"2021-09-07T14:22:07+00:00\",\"dateModified\":\"2022-03-09T16:02:51+00:00\",\"breadcrumb\":{\"@id\":\"https:\/\/www.lernreg.de\/index.php\/bildungsanbieter\/#breadcrumb\"},\"inLanguage\":\"de\",\"potentialAction\":[{\"@type\":\"ReadAction\",\"target\":[\"https:\/\/www.lernreg.de\/index.php\/bildungsanbieter\/\"]}]},{\"@type\":\"BreadcrumbList\",\"@id\":\"https:\/\/www.lernreg.de\/index.php\/bildungsanbieter\/#breadcrumb\",\"itemListElement\":[{\"@type\":\"ListItem\",\"position\":1,\"name\":\"Startseite\",\"item\":\"https:\/\/www.lernreg.de\/index.php\/homepage\/\"},{\"@type\":\"ListItem\",\"position\":2,\"name\":\"Bildungsanbieter stellen sich vor\"}]},{\"@type\":\"WebSite\",\"@id\":\"https:\/\/www.lernreg.de\/#website\",\"url\":\"https:\/\/www.lernreg.de\/\",\"name\":\"Lernende Region Schwandorf\",\"description\":\"Freiwilligenagentur, Bildung\",\"publisher\":{\"@id\":\"https:\/\/www.lernreg.de\/#organization\"},\"potentialAction\":[{\"@type\":\"SearchAction\",\"target\":{\"@type\":\"EntryPoint\",\"urlTemplate\":\"https:\/\/www.lernreg.de\/?s={search_term_string}\"},\"query-input\":{\"@type\":\"PropertyValueSpecification\",\"valueRequired\":true,\"valueName\":\"search_term_string\"}}],\"inLanguage\":\"de\"},{\"@type\":\"Organization\",\"@id\":\"https:\/\/www.lernreg.de\/#organization\",\"name\":\"Die Lernende Region Schwandorf e.V. ist ein regionales Netzwerk f\u00fcr den Landkreis Schwandorf mit den Schwerpunkten\u00a0Bildung\u00a0und\u00a0Ehrenamt: Im\u00a0Bildungsbereich\u00a0strebt die Lernende Region Schwandorf eine nachhaltige Verbesserung der Ausbildungs-, Besch\u00e4ftigungs- und Lebenssituation aller B\u00fcrgerinnen und B\u00fcrger\u00a0der Region an. Beispiele hierf\u00fcr sind die j\u00e4hrliche Bildungsmesse in Maxh\u00fctte-Haidhof sowie die Durchf\u00fchrung des Projekts \u201eMINT-Netzwerke Bayern\u201c.\",\"url\":\"https:\/\/www.lernreg.de\/\",\"logo\":{\"@type\":\"ImageObject\",\"inLanguage\":\"de\",\"@id\":\"https:\/\/www.lernreg.de\/#\/schema\/logo\/image\/\",\"url\":\"https:\/\/www.lernreg.de\/wp-content\/uploads\/2021\/08\/Logo-LernReg-transparent.png\",\"contentUrl\":\"https:\/\/www.lernreg.de\/wp-content\/uploads\/2021\/08\/Logo-LernReg-transparent.png\",\"width\":400,\"height\":228,\"caption\":\"Die Lernende Region Schwandorf e.V. ist ein regionales Netzwerk f\u00fcr den Landkreis Schwandorf mit den Schwerpunkten\u00a0Bildung\u00a0und\u00a0Ehrenamt: Im\u00a0Bildungsbereich\u00a0strebt die Lernende Region Schwandorf eine nachhaltige Verbesserung der Ausbildungs-, Besch\u00e4ftigungs- und Lebenssituation aller B\u00fcrgerinnen und B\u00fcrger\u00a0der Region an. Beispiele hierf\u00fcr sind die j\u00e4hrliche Bildungsmesse in Maxh\u00fctte-Haidhof sowie die Durchf\u00fchrung des Projekts \u201eMINT-Netzwerke Bayern\u201c.\"},\"image\":{\"@id\":\"https:\/\/www.lernreg.de\/#\/schema\/logo\/image\/\"}}]}<\/script>\n<!-- \/ Yoast SEO plugin. -->","yoast_head_json":{"title":"Bildungsanbieter stellen sich vor - Lernende Region Schwandorf","robots":{"index":"index","follow":"follow","max-snippet":"max-snippet:-1","max-image-preview":"max-image-preview:large","max-video-preview":"max-video-preview:-1"},"canonical":"https:\/\/www.lernreg.de\/index.php\/bildungsanbieter\/","og_locale":"de_DE","og_type":"article","og_title":"Bildungsanbieter stellen sich vor - Lernende Region Schwandorf","og_description":"Bildungsanbieter stellen sich vor","og_url":"https:\/\/www.lernreg.de\/index.php\/bildungsanbieter\/","og_site_name":"Lernende Region Schwandorf","article_modified_time":"2022-03-09T16:02:51+00:00","twitter_card":"summary_large_image","twitter_misc":{"Gesch\u00e4tzte Lesezeit":"1\u00a0Minute"},"schema":{"@context":"https:\/\/schema.org","@graph":[{"@type":"WebPage","@id":"https:\/\/www.lernreg.de\/index.php\/bildungsanbieter\/","url":"https:\/\/www.lernreg.de\/index.php\/bildungsanbieter\/","name":"Bildungsanbieter stellen sich vor - Lernende Region Schwandorf","isPartOf":{"@id":"https:\/\/www.lernreg.de\/#website"},"datePublished":"2021-09-07T14:22:07+00:00","dateModified":"2022-03-09T16:02:51+00:00","breadcrumb":{"@id":"https:\/\/www.lernreg.de\/index.php\/bildungsanbieter\/#breadcrumb"},"inLanguage":"de","potentialAction":[{"@type":"ReadAction","target":["https:\/\/www.lernreg.de\/index.php\/bildungsanbieter\/"]}]},{"@type":"BreadcrumbList","@id":"https:\/\/www.lernreg.de\/index.php\/bildungsanbieter\/#breadcrumb","itemListElement":[{"@type":"ListItem","position":1,"name":"Startseite","item":"https:\/\/www.lernreg.de\/index.php\/homepage\/"},{"@type":"ListItem","position":2,"name":"Bildungsanbieter stellen sich vor"}]},{"@type":"WebSite","@id":"https:\/\/www.lernreg.de\/#website","url":"https:\/\/www.lernreg.de\/","name":"Lernende Region Schwandorf","description":"Freiwilligenagentur, Bildung","publisher":{"@id":"https:\/\/www.lernreg.de\/#organization"},"potentialAction":[{"@type":"SearchAction","target":{"@type":"EntryPoint","urlTemplate":"https:\/\/www.lernreg.de\/?s={search_term_string}"},"query-input":{"@type":"PropertyValueSpecification","valueRequired":true,"valueName":"search_term_string"}}],"inLanguage":"de"},{"@type":"Organization","@id":"https:\/\/www.lernreg.de\/#organization","name":"Die Lernende Region Schwandorf e.V. ist ein regionales Netzwerk f\u00fcr den Landkreis Schwandorf mit den Schwerpunkten\u00a0Bildung\u00a0und\u00a0Ehrenamt: Im\u00a0Bildungsbereich\u00a0strebt die Lernende Region Schwandorf eine nachhaltige Verbesserung der Ausbildungs-, Besch\u00e4ftigungs- und Lebenssituation aller B\u00fcrgerinnen und B\u00fcrger\u00a0der Region an. Beispiele hierf\u00fcr sind die j\u00e4hrliche Bildungsmesse in Maxh\u00fctte-Haidhof sowie die Durchf\u00fchrung des Projekts \u201eMINT-Netzwerke Bayern\u201c.","url":"https:\/\/www.lernreg.de\/","logo":{"@type":"ImageObject","inLanguage":"de","@id":"https:\/\/www.lernreg.de\/#\/schema\/logo\/image\/","url":"https:\/\/www.lernreg.de\/wp-content\/uploads\/2021\/08\/Logo-LernReg-transparent.png","contentUrl":"https:\/\/www.lernreg.de\/wp-content\/uploads\/2021\/08\/Logo-LernReg-transparent.png","width":400,"height":228,"caption":"Die Lernende Region Schwandorf e.V. ist ein regionales Netzwerk f\u00fcr den Landkreis Schwandorf mit den Schwerpunkten\u00a0Bildung\u00a0und\u00a0Ehrenamt: Im\u00a0Bildungsbereich\u00a0strebt die Lernende Region Schwandorf eine nachhaltige Verbesserung der Ausbildungs-, Besch\u00e4ftigungs- und Lebenssituation aller B\u00fcrgerinnen und B\u00fcrger\u00a0der Region an. Beispiele hierf\u00fcr sind die j\u00e4hrliche Bildungsmesse in Maxh\u00fctte-Haidhof sowie die Durchf\u00fchrung des Projekts \u201eMINT-Netzwerke Bayern\u201c."},"image":{"@id":"https:\/\/www.lernreg.de\/#\/schema\/logo\/image\/"}}]}},"_links":{"self":[{"href":"https:\/\/www.lernreg.de\/index.php\/wp-json\/wp\/v2\/pages\/3621","targetHints":{"allow":["GET"]}}],"collection":[{"href":"https:\/\/www.lernreg.de\/index.php\/wp-json\/wp\/v2\/pages"}],"about":[{"href":"https:\/\/www.lernreg.de\/index.php\/wp-json\/wp\/v2\/types\/page"}],"author":[{"embeddable":true,"href":"https:\/\/www.lernreg.de\/index.php\/wp-json\/wp\/v2\/users\/1"}],"replies":[{"embeddable":true,"href":"https:\/\/www.lernreg.de\/index.php\/wp-json\/wp\/v2\/comments?post=3621"}],"version-history":[{"count":5,"href":"https:\/\/www.lernreg.de\/index.php\/wp-json\/wp\/v2\/pages\/3621\/revisions"}],"predecessor-version":[{"id":6509,"href":"https:\/\/www.lernreg.de\/index.php\/wp-json\/wp\/v2\/pages\/3621\/revisions\/6509"}],"wp:attachment":[{"href":"https:\/\/www.lernreg.de\/index.php\/wp-json\/wp\/v2\/media?parent=3621"}],"curies":[{"name":"wp","href":"https:\/\/api.w.org\/{rel}","templated":true}]}}